
{"id":15611,"date":"2025-04-14T11:13:49","date_gmt":"2025-04-14T16:13:49","guid":{"rendered":"https:\/\/redilkids.com\/?post_type=product&#038;p=15611"},"modified":"2025-06-14T09:24:26","modified_gmt":"2025-06-14T14:24:26","slug":"escuela-para-padres-familias-con-propositos","status":"publish","type":"product","link":"https:\/\/redilkids.com\/en\/product\/escuela-para-padres-familias-con-propositos\/","title":{"rendered":"Escuela para Padres: Familias con prop\u00f3sitos"},"content":{"rendered":"<h4><span style=\"color: #ff9900;\">Descripci\u00f3n<\/span><\/h4>\n<p>\u00bfC\u00f3mo podemos formar a nuestros hijos para que crezcan en la verdad de su identidad y vivan conforme al prop\u00f3sito que Dios ha dise\u00f1ado para sus vidas?<\/p>\n<p>Educar a nuestros hijos con el prop\u00f3sito de que vivan conforme al plan de Dios implica m\u00e1s que guiarlos desde nuestras expectativas; se trata de ayudarlos a vivir una cultura basada en el Reino de nuestro Padre Celestial y toda esta ense\u00f1anza empieza desde nuestros hogares y muchas veces hay \u00e1reas de nuestras vidas que impiden que seamos efectivos en la formaci\u00f3n de nuestros hijos.<\/p>\n<p>Escuela para Padres es un espacio que busca equipar a los Padres, en su funci\u00f3n sacerdotal y prof\u00e9tica, brind\u00e1ndoles herramientas pr\u00e1cticas para guiar a sus hijos a convertirse en intercesores prof\u00e9ticos y puedan cumplir su prop\u00f3sito de vida.<\/p>\n<p>Como padres necesitamos fortalecer nuestra identidad, sanar nuestros corazones, a trav\u00e9s de este espacio les ayudaremos a caminar con autoridad y convicci\u00f3n en el llamado que Dios les ha entregado dentro de su familia.<\/p>\n<p><strong>Para que vivan a plenitud el prop\u00f3sito con el que Dios dise\u00f1\u00f3 su familia como dice: Salmo 128:1-4\u00a0<\/strong>\u00abBienaventurado todo aquel que teme al Se\u00f1or, que anda en sus caminos. Cuando comas del trabajo de tus manos, bienaventurado ser\u00e1s, y te ir\u00e1 bien. Tu esposa ser\u00e1 como una vid fruct\u00edfera, floreciente en el hogar;<br \/>\ntus hijos como plantas de olivo alrededor de tu mesa. He aqu\u00ed que as\u00ed ser\u00e1 bendecido el hombre que teme al Se\u00f1or.\u00bb<\/p>\n<div id=\"A17D62B1_EFF2_1377_5060_9841CC82CCF4\"><\/div>\n<div id=\"A17D62B1_EFF2_1377_5060_9841CC82CCF4\"><\/div>\n<div id=\"A17D62B1_EFF2_1377_5060_9841CC82CCF4\"><\/div>","protected":false},"excerpt":{"rendered":"<p>&nbsp;<\/p>\n<div id=\"A17D62B1_EFF2_1377_5060_9841CC82CCF4\"><\/div>\n<div id=\"A17D62B1_EFF2_1377_5060_9841CC82CCF4\"><\/div>\n<div id=\"A17D62B1_EFF2_1377_5060_9841CC82CCF4\"><\/div>","protected":false},"featured_media":15613,"comment_status":"open","ping_status":"closed","template":"","meta":{"_eb_attr":"","telegram_tosend":false,"telegram_tosend_message":"","telegram_tosend_target":0,"site-sidebar-layout":"default","site-content-layout":"","ast-site-content-layout":"default","site-content-style":"default","site-sidebar-style":"default","ast-global-header-display":"","ast-banner-title-visibility":"","ast-main-header-display":"","ast-hfb-above-header-display":"","ast-hfb-below-header-display":"","ast-hfb-mobile-header-display":"","site-post-title":"","ast-breadcrumbs-content":"","ast-featured-img":"","footer-sml-layout":"","ast-disable-related-posts":"","theme-transparent-header-meta":"default","adv-header-id-meta":"","stick-header-meta":"default","header-above-stick-meta":"","header-main-stick-meta":"","header-below-stick-meta":"","astra-migrate-meta-layouts":"set","ast-page-background-enabled":"default","ast-page-background-meta":{"desktop":{"background-color":"var(--ast-global-color-4)","background-image":"","background-repeat":"repeat","background-position":"center center","background-size":"auto","background-attachment":"scroll","background-type":"","background-media":"","overlay-type":"","overlay-color":"","overlay-opacity":"","overlay-gradient":""},"tablet":{"background-color":"","background-image":"","background-repeat":"repeat","background-position":"center center","background-size":"auto","background-attachment":"scroll","background-type":"","background-media":"","overlay-type":"","overlay-color":"","overlay-opacity":"","overlay-gradient":""},"mobile":{"background-color":"","background-image":"","background-repeat":"repeat","background-position":"center center","background-size":"auto","background-attachment":"scroll","background-type":"","background-media":"","overlay-type":"","overlay-color":"","overlay-opacity":"","overlay-gradient":""}},"ast-content-background-meta":{"desktop":{"background-color":"var(--ast-global-color-5)","background-image":"","background-repeat":"repeat","background-position":"center center","background-size":"auto","background-attachment":"scroll","background-type":"","background-media":"","overlay-type":"","overlay-color":"","overlay-opacity":"","overlay-gradient":""},"tablet":{"background-color":"var(--ast-global-color-5)","background-image":"","background-repeat":"repeat","background-position":"center center","background-size":"auto","background-attachment":"scroll","background-type":"","background-media":"","overlay-type":"","overlay-color":"","overlay-opacity":"","overlay-gradient":""},"mobile":{"background-color":"var(--ast-global-color-5)","background-image":"","background-repeat":"repeat","background-position":"center center","background-size":"auto","background-attachment":"scroll","background-type":"","background-media":"","overlay-type":"","overlay-color":"","overlay-opacity":"","overlay-gradient":""}}},"product_brand":[],"product_cat":[46,158],"product_tag":[],"class_list":{"0":"post-15611","1":"product","2":"type-product","3":"status-publish","4":"has-post-thumbnail","6":"product_cat-sin-categorizar","7":"product_cat-escuela","8":"desktop-align-left","9":"tablet-align-left","10":"mobile-align-left","11":"ast-product-gallery-layout-horizontal-slider","12":"ast-product-gallery-with-no-image","13":"ast-magnify-disabled","14":"ast-product-single-variable","15":"ast-product-tabs-layout-horizontal","17":"first","18":"instock","19":"sold-individually","20":"shipping-taxable","21":"purchasable","22":"product-type-variable"},"wooqr_code":"","yoast_head":"<!-- This site is optimized with the Yoast SEO plugin v27.1.1 - https:\/\/yoast.com\/product\/yoast-seo-wordpress\/ -->\n<title>Escuela para Padres: Familias con prop\u00f3sitos - Redil Kids<\/title>\n<meta name=\"description\" content=\"Escuela para Padres te equipa para formar hijos conforme al prop\u00f3sito de Dios, fortaleciendo tu identidad y llamado en la familia.\" \/>\n<meta name=\"robots\" content=\"index, follow, max-snippet:-1, max-image-preview:large, max-video-preview:-1\" \/>\n<link rel=\"canonical\" href=\"https:\/\/redilkids.com\/en\/product\/escuela-para-padres-familias-con-propositos\/\" \/>\n<meta property=\"og:locale\" content=\"en_US\" \/>\n<meta property=\"og:type\" content=\"article\" \/>\n<meta property=\"og:title\" content=\"Telegram\" \/>\n<meta property=\"og:description\" content=\"\u00a1S\u00e9 parte de la comunidad Redilkids! Un lugar dise\u00f1ado para brindar apoyo completo a las familias, donde ofrecemos estrategias, recursos y herramientas dise\u00f1adas para guiar a los padres en el acompa\u00f1amiento y desarrollo de los ni\u00f1os y j\u00f3venes, ayud\u00e1ndolos a avanzar en sus caminos hacia sus prop\u00f3sitos de vida. Este espacio se enfoca en fortalecer el rol de la familia como pilar fundamental del dise\u00f1o original de Dios. \ud83d\ude4f\u2764\ufe0f\" \/>\n<meta property=\"og:url\" content=\"https:\/\/redilkids.com\/en\/product\/escuela-para-padres-familias-con-propositos\/\" \/>\n<meta property=\"og:site_name\" content=\"Redil Kids\" \/>\n<meta property=\"article:publisher\" content=\"https:\/\/www.instagram.com\/redil_kids\/\" \/>\n<meta property=\"article:modified_time\" content=\"2025-06-14T14:24:26+00:00\" \/>\n<meta property=\"og:image\" content=\"https:\/\/mlgijrmlgepy.i.optimole.com\/w:auto\/h:auto\/q:mauto\/ig:avif\/https:\/\/redilkids.com\/wp-content\/uploads\/2024\/02\/Post-de-Instagram-Frase-Minimalista.png\" \/>\n\t<meta property=\"og:image:width\" content=\"1080\" \/>\n\t<meta property=\"og:image:height\" content=\"1080\" \/>\n\t<meta property=\"og:image:type\" content=\"image\/png\" \/>\n<meta name=\"twitter:card\" content=\"summary_large_image\" \/>\n<meta name=\"twitter:label1\" content=\"Est. reading time\" \/>\n\t<meta name=\"twitter:data1\" content=\"2 minutes\" \/>\n<script type=\"application\/ld+json\" class=\"yoast-schema-graph\">{\"@context\":\"https:\/\/schema.org\",\"@graph\":[{\"@type\":\"WebPage\",\"@id\":\"https:\/\/redilkids.com\/producto\/escuela-para-padres-familias-con-propositos\/\",\"url\":\"https:\/\/redilkids.com\/producto\/escuela-para-padres-familias-con-propositos\/\",\"name\":\"Escuela para Padres: Familias con prop\u00f3sitos - Redil Kids\",\"isPartOf\":{\"@id\":\"https:\/\/redilkids.com\/#website\"},\"primaryImageOfPage\":{\"@id\":\"https:\/\/redilkids.com\/producto\/escuela-para-padres-familias-con-propositos\/#primaryimage\"},\"image\":{\"@id\":\"https:\/\/redilkids.com\/producto\/escuela-para-padres-familias-con-propositos\/#primaryimage\"},\"thumbnailUrl\":\"https:\/\/mlgijrmlgepy.i.optimole.com\/w:auto\/h:auto\/q:mauto\/ig:avif\/https:\/\/redilkids.com\/wp-content\/uploads\/2025\/04\/1024-x-1024-comprimida.jpg\",\"datePublished\":\"2025-04-14T16:13:49+00:00\",\"dateModified\":\"2025-06-14T14:24:26+00:00\",\"description\":\"Escuela para Padres te equipa para formar hijos conforme al prop\u00f3sito de Dios, fortaleciendo tu identidad y llamado en la familia.\",\"breadcrumb\":{\"@id\":\"https:\/\/redilkids.com\/producto\/escuela-para-padres-familias-con-propositos\/#breadcrumb\"},\"inLanguage\":\"en-US\",\"potentialAction\":[{\"@type\":\"ReadAction\",\"target\":[\"https:\/\/redilkids.com\/producto\/escuela-para-padres-familias-con-propositos\/\"]}]},{\"@type\":\"ImageObject\",\"inLanguage\":\"en-US\",\"@id\":\"https:\/\/redilkids.com\/producto\/escuela-para-padres-familias-con-propositos\/#primaryimage\",\"url\":\"https:\/\/mlgijrmlgepy.i.optimole.com\/w:auto\/h:auto\/q:mauto\/ig:avif\/https:\/\/redilkids.com\/wp-content\/uploads\/2025\/04\/1024-x-1024-comprimida.jpg\",\"contentUrl\":\"https:\/\/mlgijrmlgepy.i.optimole.com\/w:auto\/h:auto\/q:mauto\/ig:avif\/https:\/\/redilkids.com\/wp-content\/uploads\/2025\/04\/1024-x-1024-comprimida.jpg\",\"width\":1024,\"height\":1024},{\"@type\":\"BreadcrumbList\",\"@id\":\"https:\/\/redilkids.com\/producto\/escuela-para-padres-familias-con-propositos\/#breadcrumb\",\"itemListElement\":[{\"@type\":\"ListItem\",\"position\":1,\"name\":\"Portada\",\"item\":\"https:\/\/redilkids.com\/\"},{\"@type\":\"ListItem\",\"position\":2,\"name\":\"Tienda\",\"item\":\"https:\/\/redilkids.com\/?page_id=2589\"},{\"@type\":\"ListItem\",\"position\":3,\"name\":\"Escuela para Padres: Familias con prop\u00f3sitos\"}]},{\"@type\":\"WebSite\",\"@id\":\"https:\/\/redilkids.com\/#website\",\"url\":\"https:\/\/redilkids.com\/\",\"name\":\"Redil Kids\",\"description\":\"www.redilglobal.org\",\"publisher\":{\"@id\":\"https:\/\/redilkids.com\/#organization\"},\"alternateName\":\"RK\",\"potentialAction\":[{\"@type\":\"SearchAction\",\"target\":{\"@type\":\"EntryPoint\",\"urlTemplate\":\"https:\/\/redilkids.com\/?s={search_term_string}\"},\"query-input\":{\"@type\":\"PropertyValueSpecification\",\"valueRequired\":true,\"valueName\":\"search_term_string\"}}],\"inLanguage\":\"en-US\"},{\"@type\":\"Organization\",\"@id\":\"https:\/\/redilkids.com\/#organization\",\"name\":\"Redil Kids\",\"url\":\"https:\/\/redilkids.com\/\",\"logo\":{\"@type\":\"ImageObject\",\"inLanguage\":\"en-US\",\"@id\":\"https:\/\/redilkids.com\/#\/schema\/logo\/image\/\",\"url\":\"https:\/\/mlgijrmlgepy.i.optimole.com\/w:auto\/h:auto\/q:mauto\/ig:avif\/https:\/\/redilkids.com\/wp-content\/uploads\/2021\/05\/cropped-cropped-logo-e1627330135484.png\",\"contentUrl\":\"https:\/\/mlgijrmlgepy.i.optimole.com\/w:auto\/h:auto\/q:mauto\/ig:avif\/https:\/\/redilkids.com\/wp-content\/uploads\/2021\/05\/cropped-cropped-logo-e1627330135484.png\",\"width\":512,\"height\":408,\"caption\":\"Redil Kids\"},\"image\":{\"@id\":\"https:\/\/redilkids.com\/#\/schema\/logo\/image\/\"},\"sameAs\":[\"https:\/\/www.instagram.com\/redil_kids\/\"]}]}<\/script>\n<!-- \/ Yoast SEO plugin. -->","yoast_head_json":{"title":"Escuela para Padres: Familias con prop\u00f3sitos - Redil Kids","description":"Escuela para Padres te equipa para formar hijos conforme al prop\u00f3sito de Dios, fortaleciendo tu identidad y llamado en la familia.","robots":{"index":"index","follow":"follow","max-snippet":"max-snippet:-1","max-image-preview":"max-image-preview:large","max-video-preview":"max-video-preview:-1"},"canonical":"https:\/\/redilkids.com\/en\/product\/escuela-para-padres-familias-con-propositos\/","og_locale":"en_US","og_type":"article","og_title":"Telegram","og_description":"\u00a1S\u00e9 parte de la comunidad Redilkids! Un lugar dise\u00f1ado para brindar apoyo completo a las familias, donde ofrecemos estrategias, recursos y herramientas dise\u00f1adas para guiar a los padres en el acompa\u00f1amiento y desarrollo de los ni\u00f1os y j\u00f3venes, ayud\u00e1ndolos a avanzar en sus caminos hacia sus prop\u00f3sitos de vida. Este espacio se enfoca en fortalecer el rol de la familia como pilar fundamental del dise\u00f1o original de Dios. \ud83d\ude4f\u2764\ufe0f","og_url":"https:\/\/redilkids.com\/en\/product\/escuela-para-padres-familias-con-propositos\/","og_site_name":"Redil Kids","article_publisher":"https:\/\/www.instagram.com\/redil_kids\/","article_modified_time":"2025-06-14T14:24:26+00:00","og_image":[{"width":1080,"height":1080,"url":"https:\/\/mlgijrmlgepy.i.optimole.com\/w:auto\/h:auto\/q:mauto\/ig:avif\/https:\/\/redilkids.com\/wp-content\/uploads\/2024\/02\/Post-de-Instagram-Frase-Minimalista.png","type":"image\/png"}],"twitter_card":"summary_large_image","twitter_misc":{"Est. reading time":"2 minutes"},"schema":{"@context":"https:\/\/schema.org","@graph":[{"@type":"WebPage","@id":"https:\/\/redilkids.com\/producto\/escuela-para-padres-familias-con-propositos\/","url":"https:\/\/redilkids.com\/producto\/escuela-para-padres-familias-con-propositos\/","name":"Escuela para Padres: Familias con prop\u00f3sitos - Redil Kids","isPartOf":{"@id":"https:\/\/redilkids.com\/#website"},"primaryImageOfPage":{"@id":"https:\/\/redilkids.com\/producto\/escuela-para-padres-familias-con-propositos\/#primaryimage"},"image":{"@id":"https:\/\/redilkids.com\/producto\/escuela-para-padres-familias-con-propositos\/#primaryimage"},"thumbnailUrl":"https:\/\/mlgijrmlgepy.i.optimole.com\/w:auto\/h:auto\/q:mauto\/ig:avif\/https:\/\/redilkids.com\/wp-content\/uploads\/2025\/04\/1024-x-1024-comprimida.jpg","datePublished":"2025-04-14T16:13:49+00:00","dateModified":"2025-06-14T14:24:26+00:00","description":"Escuela para Padres te equipa para formar hijos conforme al prop\u00f3sito de Dios, fortaleciendo tu identidad y llamado en la familia.","breadcrumb":{"@id":"https:\/\/redilkids.com\/producto\/escuela-para-padres-familias-con-propositos\/#breadcrumb"},"inLanguage":"en-US","potentialAction":[{"@type":"ReadAction","target":["https:\/\/redilkids.com\/producto\/escuela-para-padres-familias-con-propositos\/"]}]},{"@type":"ImageObject","inLanguage":"en-US","@id":"https:\/\/redilkids.com\/producto\/escuela-para-padres-familias-con-propositos\/#primaryimage","url":"https:\/\/mlgijrmlgepy.i.optimole.com\/w:auto\/h:auto\/q:mauto\/ig:avif\/https:\/\/redilkids.com\/wp-content\/uploads\/2025\/04\/1024-x-1024-comprimida.jpg","contentUrl":"https:\/\/mlgijrmlgepy.i.optimole.com\/w:auto\/h:auto\/q:mauto\/ig:avif\/https:\/\/redilkids.com\/wp-content\/uploads\/2025\/04\/1024-x-1024-comprimida.jpg","width":1024,"height":1024},{"@type":"BreadcrumbList","@id":"https:\/\/redilkids.com\/producto\/escuela-para-padres-familias-con-propositos\/#breadcrumb","itemListElement":[{"@type":"ListItem","position":1,"name":"Portada","item":"https:\/\/redilkids.com\/"},{"@type":"ListItem","position":2,"name":"Tienda","item":"https:\/\/redilkids.com\/?page_id=2589"},{"@type":"ListItem","position":3,"name":"Escuela para Padres: Familias con prop\u00f3sitos"}]},{"@type":"WebSite","@id":"https:\/\/redilkids.com\/#website","url":"https:\/\/redilkids.com\/","name":"Redil Kids","description":"www.redilglobal.org","publisher":{"@id":"https:\/\/redilkids.com\/#organization"},"alternateName":"RK","potentialAction":[{"@type":"SearchAction","target":{"@type":"EntryPoint","urlTemplate":"https:\/\/redilkids.com\/?s={search_term_string}"},"query-input":{"@type":"PropertyValueSpecification","valueRequired":true,"valueName":"search_term_string"}}],"inLanguage":"en-US"},{"@type":"Organization","@id":"https:\/\/redilkids.com\/#organization","name":"Redil Kids","url":"https:\/\/redilkids.com\/","logo":{"@type":"ImageObject","inLanguage":"en-US","@id":"https:\/\/redilkids.com\/#\/schema\/logo\/image\/","url":"https:\/\/mlgijrmlgepy.i.optimole.com\/w:auto\/h:auto\/q:mauto\/ig:avif\/https:\/\/redilkids.com\/wp-content\/uploads\/2021\/05\/cropped-cropped-logo-e1627330135484.png","contentUrl":"https:\/\/mlgijrmlgepy.i.optimole.com\/w:auto\/h:auto\/q:mauto\/ig:avif\/https:\/\/redilkids.com\/wp-content\/uploads\/2021\/05\/cropped-cropped-logo-e1627330135484.png","width":512,"height":408,"caption":"Redil Kids"},"image":{"@id":"https:\/\/redilkids.com\/#\/schema\/logo\/image\/"},"sameAs":["https:\/\/www.instagram.com\/redil_kids\/"]}]}},"_links":{"self":[{"href":"https:\/\/redilkids.com\/en\/wp-json\/wp\/v2\/product\/15611","targetHints":{"allow":["GET"]}}],"collection":[{"href":"https:\/\/redilkids.com\/en\/wp-json\/wp\/v2\/product"}],"about":[{"href":"https:\/\/redilkids.com\/en\/wp-json\/wp\/v2\/types\/product"}],"replies":[{"embeddable":true,"href":"https:\/\/redilkids.com\/en\/wp-json\/wp\/v2\/comments?post=15611"}],"version-history":[{"count":31,"href":"https:\/\/redilkids.com\/en\/wp-json\/wp\/v2\/product\/15611\/revisions"}],"predecessor-version":[{"id":17079,"href":"https:\/\/redilkids.com\/en\/wp-json\/wp\/v2\/product\/15611\/revisions\/17079"}],"wp:featuredmedia":[{"embeddable":true,"href":"https:\/\/redilkids.com\/en\/wp-json\/wp\/v2\/media\/15613"}],"wp:attachment":[{"href":"https:\/\/redilkids.com\/en\/wp-json\/wp\/v2\/media?parent=15611"}],"wp:term":[{"taxonomy":"product_brand","embeddable":true,"href":"https:\/\/redilkids.com\/en\/wp-json\/wp\/v2\/product_brand?post=15611"},{"taxonomy":"product_cat","embeddable":true,"href":"https:\/\/redilkids.com\/en\/wp-json\/wp\/v2\/product_cat?post=15611"},{"taxonomy":"product_tag","embeddable":true,"href":"https:\/\/redilkids.com\/en\/wp-json\/wp\/v2\/product_tag?post=15611"}],"curies":[{"name":"wp","href":"https:\/\/api.w.org\/{rel}","templated":true}]}}