
{"id":17193,"date":"2025-06-17T15:04:04","date_gmt":"2025-06-17T20:04:04","guid":{"rendered":"https:\/\/redilkids.com\/?post_type=product&#038;p=17193"},"modified":"2026-02-13T12:12:58","modified_gmt":"2026-02-13T17:12:58","slug":"guardianes-de-la-luz-kids","status":"publish","type":"product","link":"https:\/\/redilkids.com\/en\/product\/guardianes-de-la-luz-kids\/","title":{"rendered":"Guardianes de la luz kids"},"content":{"rendered":"<h2 style=\"text-align: center; color: #f5a623;\">\u00bfTu hijo ya descubri\u00f3 su luz?<\/h2>\n<p>\u00bfLa formaci\u00f3n que est\u00e1s dando a tu hijo lo est\u00e1 equipando para ser una respuesta de Dios en medio del caos del mundo&#8230; o una v\u00edctima m\u00e1s de la situaci\u00f3n?<\/p>\n<p>Como padres buscamos construir un futuro seguro para nuestros hijos, pero nos olvidamos de que nuestros hijos ya traen un dise\u00f1o celestial en su interior: un prop\u00f3sito, una esencia \u00fanica, un llamado que viene directo del coraz\u00f3n de Dios.<\/p>\n<blockquote style=\"border-left: 4px solid #f5a623; padding-left: 15px; margin-left: 0; color: #555; font-style: italic;\"><p>M\u00e1s que construirles un camino, estamos llamados a descubrir junto a ellos el camino que Dios ya traz\u00f3.<\/p><\/blockquote>\n<p><strong>Resplandece<\/strong> fue el inicio que ayud\u00f3 a tu hijo a descubrir su esencia para brillar en el mundo. Ahora es momento de dar el siguiente paso: aprender a cuidar lo que Dios le ha dado y ayudar a otros a encender su luz tambi\u00e9n.<\/p>\n<p>En el programa de formaci\u00f3n <strong>Guardianes de la Luz Kids<\/strong>, tomamos la metodolog\u00eda del aprendizaje del descubrimiento y la llevamos al siguiente nivel:<\/p>\n<p><a style=\"background-color: #f5a623; color: white; padding: 10px 20px; text-decoration: none; border-radius: 5px; display: inline-block;\" href=\"https:\/\/redilkids.com\/en\/courses\/programa-de-formacion-guardianes-de-la-luz-kids\/\"><strong>Conoce el Programa Completo<br \/>\n<\/strong><\/a><\/p>\n<div id=\"A17D62B1_EFF2_1377_5060_9841CC82CCF4\"><\/div>\n<div id=\"A17D62B1_EFF2_1377_5060_9841CC82CCF4\"><\/div>\n<div id=\"A17D62B1_EFF2_1377_5060_9841CC82CCF4\"><\/div>\n<div id=\"A17D62B1_EFF2_1377_5060_9841CC82CCF4\"><\/div>\n<div id=\"A17D62B1_EFF2_1377_5060_9841CC82CCF4\"><\/div>\n<div id=\"A17D62B1_EFF2_1377_5060_9841CC82CCF4\"><\/div>\n<div id=\"A17D62B1_EFF2_1377_5060_9841CC82CCF4\"><\/div>\n<div id=\"A17D62B1_EFF2_1377_5060_9841CC82CCF4\"><\/div>","protected":false},"excerpt":{"rendered":"<p>Formando a una generaci\u00f3n equipada para resplandecer y ayudar a otros a brillar<\/p>\n<div id=\"A17D62B1_EFF2_1377_5060_9841CC82CCF4\"><\/div>\n<div id=\"A17D62B1_EFF2_1377_5060_9841CC82CCF4\"><\/div>\n<div id=\"A17D62B1_EFF2_1377_5060_9841CC82CCF4\"><\/div>\n<div id=\"A17D62B1_EFF2_1377_5060_9841CC82CCF4\"><\/div>\n<div id=\"A17D62B1_EFF2_1377_5060_9841CC82CCF4\"><\/div>\n<div id=\"A17D62B1_EFF2_1377_5060_9841CC82CCF4\"><\/div>\n<div id=\"A17D62B1_EFF2_1377_5060_9841CC82CCF4\"><\/div>\n<div id=\"A17D62B1_EFF2_1377_5060_9841CC82CCF4\"><\/div>","protected":false},"featured_media":17194,"comment_status":"open","ping_status":"closed","template":"","meta":{"_eb_attr":"","telegram_tosend":false,"telegram_tosend_message":"","telegram_tosend_target":0,"site-sidebar-layout":"default","site-content-layout":"","ast-site-content-layout":"default","site-content-style":"default","site-sidebar-style":"default","ast-global-header-display":"","ast-banner-title-visibility":"","ast-main-header-display":"","ast-hfb-above-header-display":"","ast-hfb-below-header-display":"","ast-hfb-mobile-header-display":"","site-post-title":"","ast-breadcrumbs-content":"","ast-featured-img":"","footer-sml-layout":"","ast-disable-related-posts":"","theme-transparent-header-meta":"default","adv-header-id-meta":"","stick-header-meta":"default","header-above-stick-meta":"","header-main-stick-meta":"","header-below-stick-meta":"","astra-migrate-meta-layouts":"set","ast-page-background-enabled":"default","ast-page-background-meta":{"desktop":{"background-color":"var(--ast-global-color-4)","background-image":"","background-repeat":"repeat","background-position":"center center","background-size":"auto","background-attachment":"scroll","background-type":"","background-media":"","overlay-type":"","overlay-color":"","overlay-opacity":"","overlay-gradient":""},"tablet":{"background-color":"","background-image":"","background-repeat":"repeat","background-position":"center center","background-size":"auto","background-attachment":"scroll","background-type":"","background-media":"","overlay-type":"","overlay-color":"","overlay-opacity":"","overlay-gradient":""},"mobile":{"background-color":"","background-image":"","background-repeat":"repeat","background-position":"center center","background-size":"auto","background-attachment":"scroll","background-type":"","background-media":"","overlay-type":"","overlay-color":"","overlay-opacity":"","overlay-gradient":""}},"ast-content-background-meta":{"desktop":{"background-color":"var(--ast-global-color-5)","background-image":"","background-repeat":"repeat","background-position":"center center","background-size":"auto","background-attachment":"scroll","background-type":"","background-media":"","overlay-type":"","overlay-color":"","overlay-opacity":"","overlay-gradient":""},"tablet":{"background-color":"var(--ast-global-color-5)","background-image":"","background-repeat":"repeat","background-position":"center center","background-size":"auto","background-attachment":"scroll","background-type":"","background-media":"","overlay-type":"","overlay-color":"","overlay-opacity":"","overlay-gradient":""},"mobile":{"background-color":"var(--ast-global-color-5)","background-image":"","background-repeat":"repeat","background-position":"center center","background-size":"auto","background-attachment":"scroll","background-type":"","background-media":"","overlay-type":"","overlay-color":"","overlay-opacity":"","overlay-gradient":""}}},"product_brand":[],"product_cat":[46],"product_tag":[],"class_list":{"0":"post-17193","1":"product","2":"type-product","3":"status-publish","4":"has-post-thumbnail","6":"product_cat-sin-categorizar","7":"desktop-align-left","8":"tablet-align-left","9":"mobile-align-left","10":"ast-product-gallery-layout-horizontal-slider","11":"ast-product-gallery-with-no-image","12":"ast-magnify-disabled","13":"ast-product-single-variable","14":"ast-product-tabs-layout-horizontal","16":"first","17":"instock","18":"sold-individually","19":"shipping-taxable","20":"purchasable","21":"product-type-variable"},"wooqr_code":"","yoast_head":"<!-- This site is optimized with the Yoast SEO plugin v27.1.1 - https:\/\/yoast.com\/product\/yoast-seo-wordpress\/ -->\n<title>Guardianes de la luz kids - Redil Kids<\/title>\n<meta name=\"robots\" content=\"index, follow, max-snippet:-1, max-image-preview:large, max-video-preview:-1\" \/>\n<link rel=\"canonical\" href=\"https:\/\/redilkids.com\/en\/product\/guardianes-de-la-luz-kids\/\" \/>\n<meta property=\"og:locale\" content=\"en_US\" \/>\n<meta property=\"og:type\" content=\"article\" \/>\n<meta property=\"og:title\" content=\"Guardianes de la luz kids - Redil Kids\" \/>\n<meta property=\"og:description\" content=\"Formando a una generaci\u00f3n equipada para resplandecer y ayudar a otros a brillar\" \/>\n<meta property=\"og:url\" content=\"https:\/\/redilkids.com\/en\/product\/guardianes-de-la-luz-kids\/\" \/>\n<meta property=\"og:site_name\" content=\"Redil Kids\" \/>\n<meta property=\"article:publisher\" content=\"https:\/\/www.instagram.com\/redil_kids\/\" \/>\n<meta property=\"article:modified_time\" content=\"2026-02-13T17:12:58+00:00\" \/>\n<meta property=\"og:image\" content=\"https:\/\/mlgijrmlgepy.i.optimole.com\/w:auto\/h:auto\/q:mauto\/ig:avif\/https:\/\/redilkids.com\/wp-content\/uploads\/2025\/06\/Guardianes-de-la-Luz-2.jpg\" \/>\n\t<meta property=\"og:image:width\" content=\"1024\" \/>\n\t<meta property=\"og:image:height\" content=\"1280\" \/>\n\t<meta property=\"og:image:type\" content=\"image\/jpeg\" \/>\n<meta name=\"twitter:card\" content=\"summary_large_image\" \/>\n<meta name=\"twitter:label1\" content=\"Est. reading time\" \/>\n\t<meta name=\"twitter:data1\" content=\"1 minute\" \/>\n<script type=\"application\/ld+json\" class=\"yoast-schema-graph\">{\"@context\":\"https:\/\/schema.org\",\"@graph\":[{\"@type\":\"WebPage\",\"@id\":\"https:\/\/redilkids.com\/producto\/guardianes-de-la-luz-kids\/\",\"url\":\"https:\/\/redilkids.com\/producto\/guardianes-de-la-luz-kids\/\",\"name\":\"Guardianes de la luz kids - Redil Kids\",\"isPartOf\":{\"@id\":\"https:\/\/redilkids.com\/#website\"},\"primaryImageOfPage\":{\"@id\":\"https:\/\/redilkids.com\/producto\/guardianes-de-la-luz-kids\/#primaryimage\"},\"image\":{\"@id\":\"https:\/\/redilkids.com\/producto\/guardianes-de-la-luz-kids\/#primaryimage\"},\"thumbnailUrl\":\"https:\/\/mlgijrmlgepy.i.optimole.com\/w:auto\/h:auto\/q:mauto\/ig:avif\/https:\/\/redilkids.com\/wp-content\/uploads\/2025\/06\/Guardianes-de-la-Luz-2.jpg\",\"datePublished\":\"2025-06-17T20:04:04+00:00\",\"dateModified\":\"2026-02-13T17:12:58+00:00\",\"breadcrumb\":{\"@id\":\"https:\/\/redilkids.com\/producto\/guardianes-de-la-luz-kids\/#breadcrumb\"},\"inLanguage\":\"en-US\",\"potentialAction\":[{\"@type\":\"ReadAction\",\"target\":[\"https:\/\/redilkids.com\/producto\/guardianes-de-la-luz-kids\/\"]}]},{\"@type\":\"ImageObject\",\"inLanguage\":\"en-US\",\"@id\":\"https:\/\/redilkids.com\/producto\/guardianes-de-la-luz-kids\/#primaryimage\",\"url\":\"https:\/\/mlgijrmlgepy.i.optimole.com\/w:auto\/h:auto\/q:mauto\/ig:avif\/https:\/\/redilkids.com\/wp-content\/uploads\/2025\/06\/Guardianes-de-la-Luz-2.jpg\",\"contentUrl\":\"https:\/\/mlgijrmlgepy.i.optimole.com\/w:auto\/h:auto\/q:mauto\/ig:avif\/https:\/\/redilkids.com\/wp-content\/uploads\/2025\/06\/Guardianes-de-la-Luz-2.jpg\",\"width\":1024,\"height\":1280},{\"@type\":\"BreadcrumbList\",\"@id\":\"https:\/\/redilkids.com\/producto\/guardianes-de-la-luz-kids\/#breadcrumb\",\"itemListElement\":[{\"@type\":\"ListItem\",\"position\":1,\"name\":\"Portada\",\"item\":\"https:\/\/redilkids.com\/\"},{\"@type\":\"ListItem\",\"position\":2,\"name\":\"Tienda\",\"item\":\"https:\/\/redilkids.com\/?page_id=2589\"},{\"@type\":\"ListItem\",\"position\":3,\"name\":\"Guardianes de la luz kids\"}]},{\"@type\":\"WebSite\",\"@id\":\"https:\/\/redilkids.com\/#website\",\"url\":\"https:\/\/redilkids.com\/\",\"name\":\"Redil Kids\",\"description\":\"www.redilglobal.org\",\"publisher\":{\"@id\":\"https:\/\/redilkids.com\/#organization\"},\"alternateName\":\"RK\",\"potentialAction\":[{\"@type\":\"SearchAction\",\"target\":{\"@type\":\"EntryPoint\",\"urlTemplate\":\"https:\/\/redilkids.com\/?s={search_term_string}\"},\"query-input\":{\"@type\":\"PropertyValueSpecification\",\"valueRequired\":true,\"valueName\":\"search_term_string\"}}],\"inLanguage\":\"en-US\"},{\"@type\":\"Organization\",\"@id\":\"https:\/\/redilkids.com\/#organization\",\"name\":\"Redil Kids\",\"url\":\"https:\/\/redilkids.com\/\",\"logo\":{\"@type\":\"ImageObject\",\"inLanguage\":\"en-US\",\"@id\":\"https:\/\/redilkids.com\/#\/schema\/logo\/image\/\",\"url\":\"https:\/\/mlgijrmlgepy.i.optimole.com\/w:auto\/h:auto\/q:mauto\/ig:avif\/https:\/\/redilkids.com\/wp-content\/uploads\/2021\/05\/cropped-cropped-logo-e1627330135484.png\",\"contentUrl\":\"https:\/\/mlgijrmlgepy.i.optimole.com\/w:auto\/h:auto\/q:mauto\/ig:avif\/https:\/\/redilkids.com\/wp-content\/uploads\/2021\/05\/cropped-cropped-logo-e1627330135484.png\",\"width\":512,\"height\":408,\"caption\":\"Redil Kids\"},\"image\":{\"@id\":\"https:\/\/redilkids.com\/#\/schema\/logo\/image\/\"},\"sameAs\":[\"https:\/\/www.instagram.com\/redil_kids\/\"]}]}<\/script>\n<!-- \/ Yoast SEO plugin. -->","yoast_head_json":{"title":"Guardianes de la luz kids - Redil Kids","robots":{"index":"index","follow":"follow","max-snippet":"max-snippet:-1","max-image-preview":"max-image-preview:large","max-video-preview":"max-video-preview:-1"},"canonical":"https:\/\/redilkids.com\/en\/product\/guardianes-de-la-luz-kids\/","og_locale":"en_US","og_type":"article","og_title":"Guardianes de la luz kids - Redil Kids","og_description":"Formando a una generaci\u00f3n equipada para resplandecer y ayudar a otros a brillar","og_url":"https:\/\/redilkids.com\/en\/product\/guardianes-de-la-luz-kids\/","og_site_name":"Redil Kids","article_publisher":"https:\/\/www.instagram.com\/redil_kids\/","article_modified_time":"2026-02-13T17:12:58+00:00","og_image":[{"width":1024,"height":1280,"url":"https:\/\/mlgijrmlgepy.i.optimole.com\/w:auto\/h:auto\/q:mauto\/ig:avif\/https:\/\/redilkids.com\/wp-content\/uploads\/2025\/06\/Guardianes-de-la-Luz-2.jpg","type":"image\/jpeg"}],"twitter_card":"summary_large_image","twitter_misc":{"Est. reading time":"1 minute"},"schema":{"@context":"https:\/\/schema.org","@graph":[{"@type":"WebPage","@id":"https:\/\/redilkids.com\/producto\/guardianes-de-la-luz-kids\/","url":"https:\/\/redilkids.com\/producto\/guardianes-de-la-luz-kids\/","name":"Guardianes de la luz kids - Redil Kids","isPartOf":{"@id":"https:\/\/redilkids.com\/#website"},"primaryImageOfPage":{"@id":"https:\/\/redilkids.com\/producto\/guardianes-de-la-luz-kids\/#primaryimage"},"image":{"@id":"https:\/\/redilkids.com\/producto\/guardianes-de-la-luz-kids\/#primaryimage"},"thumbnailUrl":"https:\/\/mlgijrmlgepy.i.optimole.com\/w:auto\/h:auto\/q:mauto\/ig:avif\/https:\/\/redilkids.com\/wp-content\/uploads\/2025\/06\/Guardianes-de-la-Luz-2.jpg","datePublished":"2025-06-17T20:04:04+00:00","dateModified":"2026-02-13T17:12:58+00:00","breadcrumb":{"@id":"https:\/\/redilkids.com\/producto\/guardianes-de-la-luz-kids\/#breadcrumb"},"inLanguage":"en-US","potentialAction":[{"@type":"ReadAction","target":["https:\/\/redilkids.com\/producto\/guardianes-de-la-luz-kids\/"]}]},{"@type":"ImageObject","inLanguage":"en-US","@id":"https:\/\/redilkids.com\/producto\/guardianes-de-la-luz-kids\/#primaryimage","url":"https:\/\/mlgijrmlgepy.i.optimole.com\/w:auto\/h:auto\/q:mauto\/ig:avif\/https:\/\/redilkids.com\/wp-content\/uploads\/2025\/06\/Guardianes-de-la-Luz-2.jpg","contentUrl":"https:\/\/mlgijrmlgepy.i.optimole.com\/w:auto\/h:auto\/q:mauto\/ig:avif\/https:\/\/redilkids.com\/wp-content\/uploads\/2025\/06\/Guardianes-de-la-Luz-2.jpg","width":1024,"height":1280},{"@type":"BreadcrumbList","@id":"https:\/\/redilkids.com\/producto\/guardianes-de-la-luz-kids\/#breadcrumb","itemListElement":[{"@type":"ListItem","position":1,"name":"Portada","item":"https:\/\/redilkids.com\/"},{"@type":"ListItem","position":2,"name":"Tienda","item":"https:\/\/redilkids.com\/?page_id=2589"},{"@type":"ListItem","position":3,"name":"Guardianes de la luz kids"}]},{"@type":"WebSite","@id":"https:\/\/redilkids.com\/#website","url":"https:\/\/redilkids.com\/","name":"Redil Kids","description":"www.redilglobal.org","publisher":{"@id":"https:\/\/redilkids.com\/#organization"},"alternateName":"RK","potentialAction":[{"@type":"SearchAction","target":{"@type":"EntryPoint","urlTemplate":"https:\/\/redilkids.com\/?s={search_term_string}"},"query-input":{"@type":"PropertyValueSpecification","valueRequired":true,"valueName":"search_term_string"}}],"inLanguage":"en-US"},{"@type":"Organization","@id":"https:\/\/redilkids.com\/#organization","name":"Redil Kids","url":"https:\/\/redilkids.com\/","logo":{"@type":"ImageObject","inLanguage":"en-US","@id":"https:\/\/redilkids.com\/#\/schema\/logo\/image\/","url":"https:\/\/mlgijrmlgepy.i.optimole.com\/w:auto\/h:auto\/q:mauto\/ig:avif\/https:\/\/redilkids.com\/wp-content\/uploads\/2021\/05\/cropped-cropped-logo-e1627330135484.png","contentUrl":"https:\/\/mlgijrmlgepy.i.optimole.com\/w:auto\/h:auto\/q:mauto\/ig:avif\/https:\/\/redilkids.com\/wp-content\/uploads\/2021\/05\/cropped-cropped-logo-e1627330135484.png","width":512,"height":408,"caption":"Redil Kids"},"image":{"@id":"https:\/\/redilkids.com\/#\/schema\/logo\/image\/"},"sameAs":["https:\/\/www.instagram.com\/redil_kids\/"]}]}},"_links":{"self":[{"href":"https:\/\/redilkids.com\/en\/wp-json\/wp\/v2\/product\/17193","targetHints":{"allow":["GET"]}}],"collection":[{"href":"https:\/\/redilkids.com\/en\/wp-json\/wp\/v2\/product"}],"about":[{"href":"https:\/\/redilkids.com\/en\/wp-json\/wp\/v2\/types\/product"}],"replies":[{"embeddable":true,"href":"https:\/\/redilkids.com\/en\/wp-json\/wp\/v2\/comments?post=17193"}],"version-history":[{"count":10,"href":"https:\/\/redilkids.com\/en\/wp-json\/wp\/v2\/product\/17193\/revisions"}],"predecessor-version":[{"id":18857,"href":"https:\/\/redilkids.com\/en\/wp-json\/wp\/v2\/product\/17193\/revisions\/18857"}],"wp:featuredmedia":[{"embeddable":true,"href":"https:\/\/redilkids.com\/en\/wp-json\/wp\/v2\/media\/17194"}],"wp:attachment":[{"href":"https:\/\/redilkids.com\/en\/wp-json\/wp\/v2\/media?parent=17193"}],"wp:term":[{"taxonomy":"product_brand","embeddable":true,"href":"https:\/\/redilkids.com\/en\/wp-json\/wp\/v2\/product_brand?post=17193"},{"taxonomy":"product_cat","embeddable":true,"href":"https:\/\/redilkids.com\/en\/wp-json\/wp\/v2\/product_cat?post=17193"},{"taxonomy":"product_tag","embeddable":true,"href":"https:\/\/redilkids.com\/en\/wp-json\/wp\/v2\/product_tag?post=17193"}],"curies":[{"name":"wp","href":"https:\/\/api.w.org\/{rel}","templated":true}]}}