
{"id":19100,"date":"2026-05-08T12:37:03","date_gmt":"2026-05-08T17:37:03","guid":{"rendered":"https:\/\/redilkids.com\/?post_type=product&#038;p=19100"},"modified":"2026-05-08T13:38:18","modified_gmt":"2026-05-08T18:38:18","slug":"campamento-online-shavuot-2026-para-ninos","status":"publish","type":"product","link":"https:\/\/redilkids.com\/en\/product\/campamento-online-shavuot-2026-para-ninos\/","title":{"rendered":"Campamento Online Shavuot 2026 para Ni\u00f1os"},"content":{"rendered":"<p><span style=\"color: #ff9900;\"><strong>Descripci\u00f3n<\/strong><\/span><\/p>\n<p><span style=\"color: #cc36eb;\">\u00bfQu\u00e9 pasar\u00e1 en este campamento?<\/span><\/p>\n<p>En este campamento online, tus hijos vivir\u00e1n una experiencia transformadora donde<br \/>\naprender\u00e1n que la Palabra de Dios no es solo para leer, si no para practicarla d\u00eda a d\u00eda.<br \/>\n\u2728 Conocer\u00e1n el verdadero significado de Shavuot de forma clara y vivencial<br \/>\n\u2728 Aprender\u00e1n como la Palabra de Dios gu\u00eda sus decisiones.<br \/>\n\u2728 Fortalecer\u00e1n su identidad como hijos de Dios<br \/>\n\u2728 Participar\u00e1n en actividades creativas y significativas.<\/p>\n<p><strong><span style=\"color: #ff9900;\">Una experiencia con:<\/span><\/strong><\/p>\n<p>Aprendizaje divertido con prop\u00f3sito<br \/>\nEnse\u00f1anzas corta, impacto duradero<br \/>\nFacilitadores preparados y apasionados por formar vidas<br \/>\nShavuot es un tiempo especial donde Dios nos capacita sobrenaturalmente con su<br \/>\nesp\u00edritu para guiarnos, ense\u00f1arnos y activarnos en el gran plan de Dios para el<br \/>\nhombre y la tierra.<\/p>\n<p><strong><span style=\"color: #ff9900;\">Objetivo<\/span><\/strong><\/p>\n<p>Ayudar a los ni\u00f1os a entender, amar y vivir la Palabra de Dios, reconoci\u00e9ndola como una gu\u00eda<br \/>\npara sus vidas, y fortaleciendo su identidad para caminar en el tiempo y prop\u00f3sito de Dios.<\/p>\n<p><strong><span style=\"color: #ff9900;\">Dirigido a:<\/span><\/strong><\/p>\n<p>Este campamento est\u00e1 orientado a ni\u00f1os de 7 a 14 a\u00f1os<\/p>\n<div id=\"A17D62B1_EFF2_1377_5060_9841CC82CCF4\"><\/div>\n<div id=\"A17D62B1_EFF2_1377_5060_9841CC82CCF4\"><\/div>\n<div id=\"A17D62B1_EFF2_1377_5060_9841CC82CCF4\"><\/div>\n<div id=\"A17D62B1_EFF2_1377_5060_9841CC82CCF4\"><\/div>\n<div id=\"A17D62B1_EFF2_1377_5060_9841CC82CCF4\"><\/div>\n<div id=\"A17D62B1_EFF2_1377_5060_9841CC82CCF4\"><\/div>\n<div id=\"A17D62B1_EFF2_1377_5060_9841CC82CCF4\"><\/div>\n<div id=\"A17D62B1_EFF2_1377_5060_9841CC82CCF4\"><\/div>","protected":false},"excerpt":{"rendered":"<p><strong><span style=\"color: #9b40dd;\">Ofrenda de 1$ en adelante<\/span><\/strong><\/p>\n<div id=\"A17D62B1_EFF2_1377_5060_9841CC82CCF4\"><\/div>\n<div id=\"A17D62B1_EFF2_1377_5060_9841CC82CCF4\"><\/div>\n<div id=\"A17D62B1_EFF2_1377_5060_9841CC82CCF4\"><\/div>\n<div id=\"A17D62B1_EFF2_1377_5060_9841CC82CCF4\"><\/div>\n<div id=\"A17D62B1_EFF2_1377_5060_9841CC82CCF4\"><\/div>\n<div id=\"A17D62B1_EFF2_1377_5060_9841CC82CCF4\"><\/div>","protected":false},"featured_media":19108,"comment_status":"open","ping_status":"closed","template":"","meta":{"_eb_attr":"","telegram_tosend":false,"telegram_tosend_message":"","telegram_tosend_target":0,"site-sidebar-layout":"default","site-content-layout":"","ast-site-content-layout":"default","site-content-style":"default","site-sidebar-style":"default","ast-global-header-display":"","ast-banner-title-visibility":"","ast-main-header-display":"","ast-hfb-above-header-display":"","ast-hfb-below-header-display":"","ast-hfb-mobile-header-display":"","site-post-title":"","ast-breadcrumbs-content":"","ast-featured-img":"","footer-sml-layout":"","ast-disable-related-posts":"","theme-transparent-header-meta":"default","adv-header-id-meta":"","stick-header-meta":"default","header-above-stick-meta":"","header-main-stick-meta":"","header-below-stick-meta":"","astra-migrate-meta-layouts":"set","ast-page-background-enabled":"default","ast-page-background-meta":{"desktop":{"background-color":"var(--ast-global-color-4)","background-image":"","background-repeat":"repeat","background-position":"center center","background-size":"auto","background-attachment":"scroll","background-type":"","background-media":"","overlay-type":"","overlay-color":"","overlay-opacity":"","overlay-gradient":""},"tablet":{"background-color":"","background-image":"","background-repeat":"repeat","background-position":"center center","background-size":"auto","background-attachment":"scroll","background-type":"","background-media":"","overlay-type":"","overlay-color":"","overlay-opacity":"","overlay-gradient":""},"mobile":{"background-color":"","background-image":"","background-repeat":"repeat","background-position":"center center","background-size":"auto","background-attachment":"scroll","background-type":"","background-media":"","overlay-type":"","overlay-color":"","overlay-opacity":"","overlay-gradient":""}},"ast-content-background-meta":{"desktop":{"background-color":"var(--ast-global-color-5)","background-image":"","background-repeat":"repeat","background-position":"center center","background-size":"auto","background-attachment":"scroll","background-type":"","background-media":"","overlay-type":"","overlay-color":"","overlay-opacity":"","overlay-gradient":""},"tablet":{"background-color":"var(--ast-global-color-5)","background-image":"","background-repeat":"repeat","background-position":"center center","background-size":"auto","background-attachment":"scroll","background-type":"","background-media":"","overlay-type":"","overlay-color":"","overlay-opacity":"","overlay-gradient":""},"mobile":{"background-color":"var(--ast-global-color-5)","background-image":"","background-repeat":"repeat","background-position":"center center","background-size":"auto","background-attachment":"scroll","background-type":"","background-media":"","overlay-type":"","overlay-color":"","overlay-opacity":"","overlay-gradient":""}}},"product_brand":[],"product_cat":[46],"product_tag":[],"class_list":{"0":"post-19100","1":"product","2":"type-product","3":"status-publish","4":"has-post-thumbnail","6":"product_cat-sin-categorizar","7":"desktop-align-left","8":"tablet-align-left","9":"mobile-align-left","10":"ast-product-gallery-layout-horizontal-slider","11":"ast-product-gallery-with-no-image","12":"ast-magnify-disabled","13":"ast-product-tabs-layout-horizontal","15":"first","16":"instock","17":"virtual","18":"purchasable","19":"product-type-simple"},"wooqr_code":"","yoast_head":"<!-- This site is optimized with the Yoast SEO plugin v27.1.1 - https:\/\/yoast.com\/product\/yoast-seo-wordpress\/ -->\n<title>Campamento Online Shavuot 2026 para Ni\u00f1os - Redil Kids<\/title>\n<meta name=\"robots\" content=\"index, follow, max-snippet:-1, max-image-preview:large, max-video-preview:-1\" \/>\n<link rel=\"canonical\" href=\"https:\/\/redilkids.com\/en\/product\/campamento-online-shavuot-2026-para-ninos\/\" \/>\n<meta property=\"og:locale\" content=\"en_US\" \/>\n<meta property=\"og:type\" content=\"article\" \/>\n<meta property=\"og:title\" content=\"Campamento Online Shavuot 2026 para Ni\u00f1os - Redil Kids\" \/>\n<meta property=\"og:description\" content=\"Ofrenda de 1$ en adelante\" \/>\n<meta property=\"og:url\" content=\"https:\/\/redilkids.com\/en\/product\/campamento-online-shavuot-2026-para-ninos\/\" \/>\n<meta property=\"og:site_name\" content=\"Redil Kids\" \/>\n<meta property=\"article:publisher\" content=\"https:\/\/www.instagram.com\/redil_kids\/\" \/>\n<meta property=\"article:modified_time\" content=\"2026-05-08T18:38:18+00:00\" \/>\n<meta property=\"og:image\" content=\"https:\/\/mlgijrmlgepy.i.optimole.com\/w:auto\/h:auto\/q:mauto\/ig:avif\/https:\/\/redilkids.com\/wp-content\/uploads\/2026\/05\/Diseno-campamento-shavuot-kids-1024-x-1024-px.png\" \/>\n\t<meta property=\"og:image:width\" content=\"1024\" \/>\n\t<meta property=\"og:image:height\" content=\"1024\" \/>\n\t<meta property=\"og:image:type\" content=\"image\/png\" \/>\n<meta name=\"twitter:card\" content=\"summary_large_image\" \/>\n<meta name=\"twitter:label1\" content=\"Est. reading time\" \/>\n\t<meta name=\"twitter:data1\" content=\"1 minute\" \/>\n<script type=\"application\/ld+json\" class=\"yoast-schema-graph\">{\"@context\":\"https:\/\/schema.org\",\"@graph\":[{\"@type\":\"WebPage\",\"@id\":\"https:\/\/redilkids.com\/producto\/campamento-online-shavuot-2026-para-ninos\/\",\"url\":\"https:\/\/redilkids.com\/producto\/campamento-online-shavuot-2026-para-ninos\/\",\"name\":\"Campamento Online Shavuot 2026 para Ni\u00f1os - Redil Kids\",\"isPartOf\":{\"@id\":\"https:\/\/redilkids.com\/#website\"},\"primaryImageOfPage\":{\"@id\":\"https:\/\/redilkids.com\/producto\/campamento-online-shavuot-2026-para-ninos\/#primaryimage\"},\"image\":{\"@id\":\"https:\/\/redilkids.com\/producto\/campamento-online-shavuot-2026-para-ninos\/#primaryimage\"},\"thumbnailUrl\":\"https:\/\/mlgijrmlgepy.i.optimole.com\/w:auto\/h:auto\/q:mauto\/ig:avif\/https:\/\/redilkids.com\/wp-content\/uploads\/2026\/05\/Diseno-campamento-shavuot-kids-1024-x-1024-px.png\",\"datePublished\":\"2026-05-08T17:37:03+00:00\",\"dateModified\":\"2026-05-08T18:38:18+00:00\",\"breadcrumb\":{\"@id\":\"https:\/\/redilkids.com\/producto\/campamento-online-shavuot-2026-para-ninos\/#breadcrumb\"},\"inLanguage\":\"en-US\",\"potentialAction\":[{\"@type\":\"ReadAction\",\"target\":[\"https:\/\/redilkids.com\/producto\/campamento-online-shavuot-2026-para-ninos\/\"]}]},{\"@type\":\"ImageObject\",\"inLanguage\":\"en-US\",\"@id\":\"https:\/\/redilkids.com\/producto\/campamento-online-shavuot-2026-para-ninos\/#primaryimage\",\"url\":\"https:\/\/mlgijrmlgepy.i.optimole.com\/w:auto\/h:auto\/q:mauto\/ig:avif\/https:\/\/redilkids.com\/wp-content\/uploads\/2026\/05\/Diseno-campamento-shavuot-kids-1024-x-1024-px.png\",\"contentUrl\":\"https:\/\/mlgijrmlgepy.i.optimole.com\/w:auto\/h:auto\/q:mauto\/ig:avif\/https:\/\/redilkids.com\/wp-content\/uploads\/2026\/05\/Diseno-campamento-shavuot-kids-1024-x-1024-px.png\",\"width\":1024,\"height\":1024},{\"@type\":\"BreadcrumbList\",\"@id\":\"https:\/\/redilkids.com\/producto\/campamento-online-shavuot-2026-para-ninos\/#breadcrumb\",\"itemListElement\":[{\"@type\":\"ListItem\",\"position\":1,\"name\":\"Portada\",\"item\":\"https:\/\/redilkids.com\/\"},{\"@type\":\"ListItem\",\"position\":2,\"name\":\"Tienda\",\"item\":\"https:\/\/redilkids.com\/?page_id=2589\"},{\"@type\":\"ListItem\",\"position\":3,\"name\":\"Campamento Online Shavuot 2026 para Ni\u00f1os\"}]},{\"@type\":\"WebSite\",\"@id\":\"https:\/\/redilkids.com\/#website\",\"url\":\"https:\/\/redilkids.com\/\",\"name\":\"Redil Kids\",\"description\":\"www.redilglobal.org\",\"publisher\":{\"@id\":\"https:\/\/redilkids.com\/#organization\"},\"alternateName\":\"RK\",\"potentialAction\":[{\"@type\":\"SearchAction\",\"target\":{\"@type\":\"EntryPoint\",\"urlTemplate\":\"https:\/\/redilkids.com\/?s={search_term_string}\"},\"query-input\":{\"@type\":\"PropertyValueSpecification\",\"valueRequired\":true,\"valueName\":\"search_term_string\"}}],\"inLanguage\":\"en-US\"},{\"@type\":\"Organization\",\"@id\":\"https:\/\/redilkids.com\/#organization\",\"name\":\"Redil Kids\",\"url\":\"https:\/\/redilkids.com\/\",\"logo\":{\"@type\":\"ImageObject\",\"inLanguage\":\"en-US\",\"@id\":\"https:\/\/redilkids.com\/#\/schema\/logo\/image\/\",\"url\":\"https:\/\/mlgijrmlgepy.i.optimole.com\/w:auto\/h:auto\/q:mauto\/ig:avif\/https:\/\/redilkids.com\/wp-content\/uploads\/2021\/05\/cropped-cropped-logo-e1627330135484.png\",\"contentUrl\":\"https:\/\/mlgijrmlgepy.i.optimole.com\/w:auto\/h:auto\/q:mauto\/ig:avif\/https:\/\/redilkids.com\/wp-content\/uploads\/2021\/05\/cropped-cropped-logo-e1627330135484.png\",\"width\":512,\"height\":408,\"caption\":\"Redil Kids\"},\"image\":{\"@id\":\"https:\/\/redilkids.com\/#\/schema\/logo\/image\/\"},\"sameAs\":[\"https:\/\/www.instagram.com\/redil_kids\/\"]}]}<\/script>\n<!-- \/ Yoast SEO plugin. -->","yoast_head_json":{"title":"Campamento Online Shavuot 2026 para Ni\u00f1os - Redil Kids","robots":{"index":"index","follow":"follow","max-snippet":"max-snippet:-1","max-image-preview":"max-image-preview:large","max-video-preview":"max-video-preview:-1"},"canonical":"https:\/\/redilkids.com\/en\/product\/campamento-online-shavuot-2026-para-ninos\/","og_locale":"en_US","og_type":"article","og_title":"Campamento Online Shavuot 2026 para Ni\u00f1os - Redil Kids","og_description":"Ofrenda de 1$ en adelante","og_url":"https:\/\/redilkids.com\/en\/product\/campamento-online-shavuot-2026-para-ninos\/","og_site_name":"Redil Kids","article_publisher":"https:\/\/www.instagram.com\/redil_kids\/","article_modified_time":"2026-05-08T18:38:18+00:00","og_image":[{"width":1024,"height":1024,"url":"https:\/\/mlgijrmlgepy.i.optimole.com\/w:auto\/h:auto\/q:mauto\/ig:avif\/https:\/\/redilkids.com\/wp-content\/uploads\/2026\/05\/Diseno-campamento-shavuot-kids-1024-x-1024-px.png","type":"image\/png"}],"twitter_card":"summary_large_image","twitter_misc":{"Est. reading time":"1 minute"},"schema":{"@context":"https:\/\/schema.org","@graph":[{"@type":"WebPage","@id":"https:\/\/redilkids.com\/producto\/campamento-online-shavuot-2026-para-ninos\/","url":"https:\/\/redilkids.com\/producto\/campamento-online-shavuot-2026-para-ninos\/","name":"Campamento Online Shavuot 2026 para Ni\u00f1os - Redil Kids","isPartOf":{"@id":"https:\/\/redilkids.com\/#website"},"primaryImageOfPage":{"@id":"https:\/\/redilkids.com\/producto\/campamento-online-shavuot-2026-para-ninos\/#primaryimage"},"image":{"@id":"https:\/\/redilkids.com\/producto\/campamento-online-shavuot-2026-para-ninos\/#primaryimage"},"thumbnailUrl":"https:\/\/mlgijrmlgepy.i.optimole.com\/w:auto\/h:auto\/q:mauto\/ig:avif\/https:\/\/redilkids.com\/wp-content\/uploads\/2026\/05\/Diseno-campamento-shavuot-kids-1024-x-1024-px.png","datePublished":"2026-05-08T17:37:03+00:00","dateModified":"2026-05-08T18:38:18+00:00","breadcrumb":{"@id":"https:\/\/redilkids.com\/producto\/campamento-online-shavuot-2026-para-ninos\/#breadcrumb"},"inLanguage":"en-US","potentialAction":[{"@type":"ReadAction","target":["https:\/\/redilkids.com\/producto\/campamento-online-shavuot-2026-para-ninos\/"]}]},{"@type":"ImageObject","inLanguage":"en-US","@id":"https:\/\/redilkids.com\/producto\/campamento-online-shavuot-2026-para-ninos\/#primaryimage","url":"https:\/\/mlgijrmlgepy.i.optimole.com\/w:auto\/h:auto\/q:mauto\/ig:avif\/https:\/\/redilkids.com\/wp-content\/uploads\/2026\/05\/Diseno-campamento-shavuot-kids-1024-x-1024-px.png","contentUrl":"https:\/\/mlgijrmlgepy.i.optimole.com\/w:auto\/h:auto\/q:mauto\/ig:avif\/https:\/\/redilkids.com\/wp-content\/uploads\/2026\/05\/Diseno-campamento-shavuot-kids-1024-x-1024-px.png","width":1024,"height":1024},{"@type":"BreadcrumbList","@id":"https:\/\/redilkids.com\/producto\/campamento-online-shavuot-2026-para-ninos\/#breadcrumb","itemListElement":[{"@type":"ListItem","position":1,"name":"Portada","item":"https:\/\/redilkids.com\/"},{"@type":"ListItem","position":2,"name":"Tienda","item":"https:\/\/redilkids.com\/?page_id=2589"},{"@type":"ListItem","position":3,"name":"Campamento Online Shavuot 2026 para Ni\u00f1os"}]},{"@type":"WebSite","@id":"https:\/\/redilkids.com\/#website","url":"https:\/\/redilkids.com\/","name":"Redil Kids","description":"www.redilglobal.org","publisher":{"@id":"https:\/\/redilkids.com\/#organization"},"alternateName":"RK","potentialAction":[{"@type":"SearchAction","target":{"@type":"EntryPoint","urlTemplate":"https:\/\/redilkids.com\/?s={search_term_string}"},"query-input":{"@type":"PropertyValueSpecification","valueRequired":true,"valueName":"search_term_string"}}],"inLanguage":"en-US"},{"@type":"Organization","@id":"https:\/\/redilkids.com\/#organization","name":"Redil Kids","url":"https:\/\/redilkids.com\/","logo":{"@type":"ImageObject","inLanguage":"en-US","@id":"https:\/\/redilkids.com\/#\/schema\/logo\/image\/","url":"https:\/\/mlgijrmlgepy.i.optimole.com\/w:auto\/h:auto\/q:mauto\/ig:avif\/https:\/\/redilkids.com\/wp-content\/uploads\/2021\/05\/cropped-cropped-logo-e1627330135484.png","contentUrl":"https:\/\/mlgijrmlgepy.i.optimole.com\/w:auto\/h:auto\/q:mauto\/ig:avif\/https:\/\/redilkids.com\/wp-content\/uploads\/2021\/05\/cropped-cropped-logo-e1627330135484.png","width":512,"height":408,"caption":"Redil Kids"},"image":{"@id":"https:\/\/redilkids.com\/#\/schema\/logo\/image\/"},"sameAs":["https:\/\/www.instagram.com\/redil_kids\/"]}]}},"_links":{"self":[{"href":"https:\/\/redilkids.com\/en\/wp-json\/wp\/v2\/product\/19100","targetHints":{"allow":["GET"]}}],"collection":[{"href":"https:\/\/redilkids.com\/en\/wp-json\/wp\/v2\/product"}],"about":[{"href":"https:\/\/redilkids.com\/en\/wp-json\/wp\/v2\/types\/product"}],"replies":[{"embeddable":true,"href":"https:\/\/redilkids.com\/en\/wp-json\/wp\/v2\/comments?post=19100"}],"version-history":[{"count":8,"href":"https:\/\/redilkids.com\/en\/wp-json\/wp\/v2\/product\/19100\/revisions"}],"predecessor-version":[{"id":19110,"href":"https:\/\/redilkids.com\/en\/wp-json\/wp\/v2\/product\/19100\/revisions\/19110"}],"wp:featuredmedia":[{"embeddable":true,"href":"https:\/\/redilkids.com\/en\/wp-json\/wp\/v2\/media\/19108"}],"wp:attachment":[{"href":"https:\/\/redilkids.com\/en\/wp-json\/wp\/v2\/media?parent=19100"}],"wp:term":[{"taxonomy":"product_brand","embeddable":true,"href":"https:\/\/redilkids.com\/en\/wp-json\/wp\/v2\/product_brand?post=19100"},{"taxonomy":"product_cat","embeddable":true,"href":"https:\/\/redilkids.com\/en\/wp-json\/wp\/v2\/product_cat?post=19100"},{"taxonomy":"product_tag","embeddable":true,"href":"https:\/\/redilkids.com\/en\/wp-json\/wp\/v2\/product_tag?post=19100"}],"curies":[{"name":"wp","href":"https:\/\/api.w.org\/{rel}","templated":true}]}}