
{"id":4526,"date":"2021-11-10T16:53:13","date_gmt":"2021-11-10T21:53:13","guid":{"rendered":"https:\/\/redilkids.com\/?post_type=product&#038;p=4526"},"modified":"2024-03-11T17:13:09","modified_gmt":"2024-03-11T22:13:09","slug":"entrenamiento-especializado-online-activando-a-los-estrategas-espirituales-para-ninos-6-a-12-anos-venezuela","status":"publish","type":"product","link":"https:\/\/redilkids.com\/en\/product\/entrenamiento-especializado-online-activando-a-los-estrategas-espirituales-para-ninos-6-a-12-anos-venezuela\/","title":{"rendered":"Entrenamiento Especializado ONLINE \u201cActivando a los Estrategas Espirituales\u201d &#8211; para ni\u00f1os (6 a 12 a\u00f1os) (Cuba)"},"content":{"rendered":"<p>\u00a1Lleg\u00f3 la hora de activar a los estrategas espirituales de esta temporada! Es momento para que nuestros ni\u00f1os sean formados en un\u00a0entendimiento profundo de las operaciones espirituales que est\u00e1n activas en este tiempo y puedan\u00a0reconocer la voz del Esp\u00edritu del Se\u00f1or. Esto les permitir\u00e1 recibir instrucciones claras para que las puedan implementar cada d\u00eda\u00a0de su vida y as\u00ed sean ellos quienes preparan el camino para el Retorno del Mes\u00edas para el\u00a0 establecimiento de Su\u00a0Reino en la TIERRA. Este es un entrenamiento para ni\u00f1os de 6 a 12a\u00f1os, en el cual ser\u00e1n capacitados para ense\u00f1ar a otros amigos y familiares tambi\u00e9n a convertirse en verdaderos\u00a0estrategas espirituales del Reino de Yahsh\u00faa.<\/p>","protected":false},"excerpt":{"rendered":"<p>\u00a1Lleg\u00f3 la hora de activar a los estrategas espirituales de esta temporada! Es momento para que nuestros ni\u00f1os sean formados en un\u00a0entendimiento profundo de las operaciones espirituales que est\u00e1n activas en este tiempo y puedan\u00a0reconocer la voz del Esp\u00edritu del Se\u00f1or. Esto les permitir\u00e1 recibir instrucciones claras para que las puedan implementar cada d\u00eda\u00a0de su [&hellip;]<\/p>\n","protected":false},"featured_media":4428,"comment_status":"open","ping_status":"closed","template":"","meta":{"_eb_attr":"","telegram_tosend":false,"telegram_tosend_message":"","telegram_tosend_target":0,"site-sidebar-layout":"default","site-content-layout":"","ast-site-content-layout":"default","site-content-style":"default","site-sidebar-style":"default","ast-global-header-display":"","ast-banner-title-visibility":"","ast-main-header-display":"","ast-hfb-above-header-display":"","ast-hfb-below-header-display":"","ast-hfb-mobile-header-display":"","site-post-title":"","ast-breadcrumbs-content":"","ast-featured-img":"","footer-sml-layout":"","ast-disable-related-posts":"","theme-transparent-header-meta":"default","adv-header-id-meta":"","stick-header-meta":"default","header-above-stick-meta":"","header-main-stick-meta":"","header-below-stick-meta":"","astra-migrate-meta-layouts":"set","ast-page-background-enabled":"default","ast-page-background-meta":{"desktop":{"background-color":"var(--ast-global-color-4)","background-image":"","background-repeat":"repeat","background-position":"center center","background-size":"auto","background-attachment":"scroll","background-type":"","background-media":"","overlay-type":"","overlay-color":"","overlay-opacity":"","overlay-gradient":""},"tablet":{"background-color":"","background-image":"","background-repeat":"repeat","background-position":"center center","background-size":"auto","background-attachment":"scroll","background-type":"","background-media":"","overlay-type":"","overlay-color":"","overlay-opacity":"","overlay-gradient":""},"mobile":{"background-color":"","background-image":"","background-repeat":"repeat","background-position":"center center","background-size":"auto","background-attachment":"scroll","background-type":"","background-media":"","overlay-type":"","overlay-color":"","overlay-opacity":"","overlay-gradient":""}},"ast-content-background-meta":{"desktop":{"background-color":"var(--ast-global-color-5)","background-image":"","background-repeat":"repeat","background-position":"center center","background-size":"auto","background-attachment":"scroll","background-type":"","background-media":"","overlay-type":"","overlay-color":"","overlay-opacity":"","overlay-gradient":""},"tablet":{"background-color":"var(--ast-global-color-5)","background-image":"","background-repeat":"repeat","background-position":"center center","background-size":"auto","background-attachment":"scroll","background-type":"","background-media":"","overlay-type":"","overlay-color":"","overlay-opacity":"","overlay-gradient":""},"mobile":{"background-color":"var(--ast-global-color-5)","background-image":"","background-repeat":"repeat","background-position":"center center","background-size":"auto","background-attachment":"scroll","background-type":"","background-media":"","overlay-type":"","overlay-color":"","overlay-opacity":"","overlay-gradient":""}}},"product_brand":[],"product_cat":[46],"product_tag":[],"class_list":{"0":"post-4526","1":"product","2":"type-product","3":"status-publish","4":"has-post-thumbnail","6":"product_cat-sin-categorizar","7":"desktop-align-left","8":"tablet-align-left","9":"mobile-align-left","10":"ast-product-gallery-layout-horizontal-slider","11":"ast-product-gallery-with-no-image","12":"ast-magnify-disabled","13":"ast-product-tabs-layout-horizontal","15":"first","16":"instock","17":"virtual","18":"purchasable","19":"product-type-simple"},"wooqr_code":"","yoast_head":"<!-- This site is optimized with the Yoast SEO plugin v27.1.1 - https:\/\/yoast.com\/product\/yoast-seo-wordpress\/ -->\n<title>Entrenamiento Especializado ONLINE \u201cActivando a los Estrategas Espirituales\u201d - para ni\u00f1os (6 a 12 a\u00f1os) (Cuba) - Redil Kids<\/title>\n<meta name=\"robots\" content=\"index, follow, max-snippet:-1, max-image-preview:large, max-video-preview:-1\" \/>\n<link rel=\"canonical\" href=\"https:\/\/redilkids.com\/en\/product\/entrenamiento-especializado-online-activando-a-los-estrategas-espirituales-para-ninos-6-a-12-anos-venezuela\/\" \/>\n<meta property=\"og:locale\" content=\"en_US\" \/>\n<meta property=\"og:type\" content=\"article\" \/>\n<meta property=\"og:title\" content=\"Entrenamiento Especializado ONLINE \u201cActivando a los Estrategas Espirituales\u201d - para ni\u00f1os (6 a 12 a\u00f1os) (Cuba) - Redil Kids\" \/>\n<meta property=\"og:description\" content=\"\u00a1Lleg\u00f3 la hora de activar a los estrategas espirituales de esta temporada! Es momento para que nuestros ni\u00f1os sean formados en un\u00a0entendimiento profundo de las operaciones espirituales que est\u00e1n activas en este tiempo y puedan\u00a0reconocer la voz del Esp\u00edritu del Se\u00f1or. Esto les permitir\u00e1 recibir instrucciones claras para que las puedan implementar cada d\u00eda\u00a0de su [&hellip;]\" \/>\n<meta property=\"og:url\" content=\"https:\/\/redilkids.com\/en\/product\/entrenamiento-especializado-online-activando-a-los-estrategas-espirituales-para-ninos-6-a-12-anos-venezuela\/\" \/>\n<meta property=\"og:site_name\" content=\"Redil Kids\" \/>\n<meta property=\"article:publisher\" content=\"https:\/\/www.instagram.com\/redil_kids\/\" \/>\n<meta property=\"article:modified_time\" content=\"2024-03-11T22:13:09+00:00\" \/>\n<meta property=\"og:image\" content=\"https:\/\/mlgijrmlgepy.i.optimole.com\/w:auto\/h:auto\/q:mauto\/ig:avif\/https:\/\/redilkids.com\/wp-content\/uploads\/2021\/10\/Activando-a-los-Estrategas-Espirituales-Redil-Kids.jpg\" \/>\n\t<meta property=\"og:image:width\" content=\"2000\" \/>\n\t<meta property=\"og:image:height\" content=\"2000\" \/>\n\t<meta property=\"og:image:type\" content=\"image\/jpeg\" \/>\n<meta name=\"twitter:card\" content=\"summary_large_image\" \/>\n<meta name=\"twitter:label1\" content=\"Est. reading time\" \/>\n\t<meta name=\"twitter:data1\" content=\"1 minute\" \/>\n<script type=\"application\/ld+json\" class=\"yoast-schema-graph\">{\"@context\":\"https:\/\/schema.org\",\"@graph\":[{\"@type\":\"WebPage\",\"@id\":\"https:\/\/redilkids.com\/producto\/entrenamiento-especializado-online-activando-a-los-estrategas-espirituales-para-ninos-6-a-12-anos-venezuela\/\",\"url\":\"https:\/\/redilkids.com\/producto\/entrenamiento-especializado-online-activando-a-los-estrategas-espirituales-para-ninos-6-a-12-anos-venezuela\/\",\"name\":\"Entrenamiento Especializado ONLINE \u201cActivando a los Estrategas Espirituales\u201d - para ni\u00f1os (6 a 12 a\u00f1os) (Cuba) - Redil Kids\",\"isPartOf\":{\"@id\":\"https:\/\/redilkids.com\/#website\"},\"primaryImageOfPage\":{\"@id\":\"https:\/\/redilkids.com\/producto\/entrenamiento-especializado-online-activando-a-los-estrategas-espirituales-para-ninos-6-a-12-anos-venezuela\/#primaryimage\"},\"image\":{\"@id\":\"https:\/\/redilkids.com\/producto\/entrenamiento-especializado-online-activando-a-los-estrategas-espirituales-para-ninos-6-a-12-anos-venezuela\/#primaryimage\"},\"thumbnailUrl\":\"https:\/\/mlgijrmlgepy.i.optimole.com\/w:auto\/h:auto\/q:mauto\/ig:avif\/https:\/\/redilkids.com\/wp-content\/uploads\/2021\/10\/Activando-a-los-Estrategas-Espirituales-Redil-Kids.jpg\",\"datePublished\":\"2021-11-10T21:53:13+00:00\",\"dateModified\":\"2024-03-11T22:13:09+00:00\",\"breadcrumb\":{\"@id\":\"https:\/\/redilkids.com\/producto\/entrenamiento-especializado-online-activando-a-los-estrategas-espirituales-para-ninos-6-a-12-anos-venezuela\/#breadcrumb\"},\"inLanguage\":\"en-US\",\"potentialAction\":[{\"@type\":\"ReadAction\",\"target\":[\"https:\/\/redilkids.com\/producto\/entrenamiento-especializado-online-activando-a-los-estrategas-espirituales-para-ninos-6-a-12-anos-venezuela\/\"]}]},{\"@type\":\"ImageObject\",\"inLanguage\":\"en-US\",\"@id\":\"https:\/\/redilkids.com\/producto\/entrenamiento-especializado-online-activando-a-los-estrategas-espirituales-para-ninos-6-a-12-anos-venezuela\/#primaryimage\",\"url\":\"https:\/\/mlgijrmlgepy.i.optimole.com\/w:auto\/h:auto\/q:mauto\/ig:avif\/https:\/\/redilkids.com\/wp-content\/uploads\/2021\/10\/Activando-a-los-Estrategas-Espirituales-Redil-Kids.jpg\",\"contentUrl\":\"https:\/\/mlgijrmlgepy.i.optimole.com\/w:auto\/h:auto\/q:mauto\/ig:avif\/https:\/\/redilkids.com\/wp-content\/uploads\/2021\/10\/Activando-a-los-Estrategas-Espirituales-Redil-Kids.jpg\",\"width\":2000,\"height\":2000},{\"@type\":\"BreadcrumbList\",\"@id\":\"https:\/\/redilkids.com\/producto\/entrenamiento-especializado-online-activando-a-los-estrategas-espirituales-para-ninos-6-a-12-anos-venezuela\/#breadcrumb\",\"itemListElement\":[{\"@type\":\"ListItem\",\"position\":1,\"name\":\"Portada\",\"item\":\"https:\/\/redilkids.com\/\"},{\"@type\":\"ListItem\",\"position\":2,\"name\":\"Tienda\",\"item\":\"https:\/\/redilkids.com\/?page_id=2589\"},{\"@type\":\"ListItem\",\"position\":3,\"name\":\"Entrenamiento Especializado ONLINE \u201cActivando a los Estrategas Espirituales\u201d &#8211; para ni\u00f1os (6 a 12 a\u00f1os) (Cuba)\"}]},{\"@type\":\"WebSite\",\"@id\":\"https:\/\/redilkids.com\/#website\",\"url\":\"https:\/\/redilkids.com\/\",\"name\":\"Redil Kids\",\"description\":\"www.redilglobal.org\",\"publisher\":{\"@id\":\"https:\/\/redilkids.com\/#organization\"},\"alternateName\":\"RK\",\"potentialAction\":[{\"@type\":\"SearchAction\",\"target\":{\"@type\":\"EntryPoint\",\"urlTemplate\":\"https:\/\/redilkids.com\/?s={search_term_string}\"},\"query-input\":{\"@type\":\"PropertyValueSpecification\",\"valueRequired\":true,\"valueName\":\"search_term_string\"}}],\"inLanguage\":\"en-US\"},{\"@type\":\"Organization\",\"@id\":\"https:\/\/redilkids.com\/#organization\",\"name\":\"Redil Kids\",\"url\":\"https:\/\/redilkids.com\/\",\"logo\":{\"@type\":\"ImageObject\",\"inLanguage\":\"en-US\",\"@id\":\"https:\/\/redilkids.com\/#\/schema\/logo\/image\/\",\"url\":\"https:\/\/mlgijrmlgepy.i.optimole.com\/w:auto\/h:auto\/q:mauto\/ig:avif\/https:\/\/redilkids.com\/wp-content\/uploads\/2021\/05\/cropped-cropped-logo-e1627330135484.png\",\"contentUrl\":\"https:\/\/mlgijrmlgepy.i.optimole.com\/w:auto\/h:auto\/q:mauto\/ig:avif\/https:\/\/redilkids.com\/wp-content\/uploads\/2021\/05\/cropped-cropped-logo-e1627330135484.png\",\"width\":512,\"height\":408,\"caption\":\"Redil Kids\"},\"image\":{\"@id\":\"https:\/\/redilkids.com\/#\/schema\/logo\/image\/\"},\"sameAs\":[\"https:\/\/www.instagram.com\/redil_kids\/\"]}]}<\/script>\n<!-- \/ Yoast SEO plugin. -->","yoast_head_json":{"title":"Entrenamiento Especializado ONLINE \u201cActivando a los Estrategas Espirituales\u201d - para ni\u00f1os (6 a 12 a\u00f1os) (Cuba) - Redil Kids","robots":{"index":"index","follow":"follow","max-snippet":"max-snippet:-1","max-image-preview":"max-image-preview:large","max-video-preview":"max-video-preview:-1"},"canonical":"https:\/\/redilkids.com\/en\/product\/entrenamiento-especializado-online-activando-a-los-estrategas-espirituales-para-ninos-6-a-12-anos-venezuela\/","og_locale":"en_US","og_type":"article","og_title":"Entrenamiento Especializado ONLINE \u201cActivando a los Estrategas Espirituales\u201d - para ni\u00f1os (6 a 12 a\u00f1os) (Cuba) - Redil Kids","og_description":"\u00a1Lleg\u00f3 la hora de activar a los estrategas espirituales de esta temporada! Es momento para que nuestros ni\u00f1os sean formados en un\u00a0entendimiento profundo de las operaciones espirituales que est\u00e1n activas en este tiempo y puedan\u00a0reconocer la voz del Esp\u00edritu del Se\u00f1or. Esto les permitir\u00e1 recibir instrucciones claras para que las puedan implementar cada d\u00eda\u00a0de su [&hellip;]","og_url":"https:\/\/redilkids.com\/en\/product\/entrenamiento-especializado-online-activando-a-los-estrategas-espirituales-para-ninos-6-a-12-anos-venezuela\/","og_site_name":"Redil Kids","article_publisher":"https:\/\/www.instagram.com\/redil_kids\/","article_modified_time":"2024-03-11T22:13:09+00:00","og_image":[{"width":2000,"height":2000,"url":"https:\/\/mlgijrmlgepy.i.optimole.com\/w:auto\/h:auto\/q:mauto\/ig:avif\/https:\/\/redilkids.com\/wp-content\/uploads\/2021\/10\/Activando-a-los-Estrategas-Espirituales-Redil-Kids.jpg","type":"image\/jpeg"}],"twitter_card":"summary_large_image","twitter_misc":{"Est. reading time":"1 minute"},"schema":{"@context":"https:\/\/schema.org","@graph":[{"@type":"WebPage","@id":"https:\/\/redilkids.com\/producto\/entrenamiento-especializado-online-activando-a-los-estrategas-espirituales-para-ninos-6-a-12-anos-venezuela\/","url":"https:\/\/redilkids.com\/producto\/entrenamiento-especializado-online-activando-a-los-estrategas-espirituales-para-ninos-6-a-12-anos-venezuela\/","name":"Entrenamiento Especializado ONLINE \u201cActivando a los Estrategas Espirituales\u201d - para ni\u00f1os (6 a 12 a\u00f1os) (Cuba) - Redil Kids","isPartOf":{"@id":"https:\/\/redilkids.com\/#website"},"primaryImageOfPage":{"@id":"https:\/\/redilkids.com\/producto\/entrenamiento-especializado-online-activando-a-los-estrategas-espirituales-para-ninos-6-a-12-anos-venezuela\/#primaryimage"},"image":{"@id":"https:\/\/redilkids.com\/producto\/entrenamiento-especializado-online-activando-a-los-estrategas-espirituales-para-ninos-6-a-12-anos-venezuela\/#primaryimage"},"thumbnailUrl":"https:\/\/mlgijrmlgepy.i.optimole.com\/w:auto\/h:auto\/q:mauto\/ig:avif\/https:\/\/redilkids.com\/wp-content\/uploads\/2021\/10\/Activando-a-los-Estrategas-Espirituales-Redil-Kids.jpg","datePublished":"2021-11-10T21:53:13+00:00","dateModified":"2024-03-11T22:13:09+00:00","breadcrumb":{"@id":"https:\/\/redilkids.com\/producto\/entrenamiento-especializado-online-activando-a-los-estrategas-espirituales-para-ninos-6-a-12-anos-venezuela\/#breadcrumb"},"inLanguage":"en-US","potentialAction":[{"@type":"ReadAction","target":["https:\/\/redilkids.com\/producto\/entrenamiento-especializado-online-activando-a-los-estrategas-espirituales-para-ninos-6-a-12-anos-venezuela\/"]}]},{"@type":"ImageObject","inLanguage":"en-US","@id":"https:\/\/redilkids.com\/producto\/entrenamiento-especializado-online-activando-a-los-estrategas-espirituales-para-ninos-6-a-12-anos-venezuela\/#primaryimage","url":"https:\/\/mlgijrmlgepy.i.optimole.com\/w:auto\/h:auto\/q:mauto\/ig:avif\/https:\/\/redilkids.com\/wp-content\/uploads\/2021\/10\/Activando-a-los-Estrategas-Espirituales-Redil-Kids.jpg","contentUrl":"https:\/\/mlgijrmlgepy.i.optimole.com\/w:auto\/h:auto\/q:mauto\/ig:avif\/https:\/\/redilkids.com\/wp-content\/uploads\/2021\/10\/Activando-a-los-Estrategas-Espirituales-Redil-Kids.jpg","width":2000,"height":2000},{"@type":"BreadcrumbList","@id":"https:\/\/redilkids.com\/producto\/entrenamiento-especializado-online-activando-a-los-estrategas-espirituales-para-ninos-6-a-12-anos-venezuela\/#breadcrumb","itemListElement":[{"@type":"ListItem","position":1,"name":"Portada","item":"https:\/\/redilkids.com\/"},{"@type":"ListItem","position":2,"name":"Tienda","item":"https:\/\/redilkids.com\/?page_id=2589"},{"@type":"ListItem","position":3,"name":"Entrenamiento Especializado ONLINE \u201cActivando a los Estrategas Espirituales\u201d &#8211; para ni\u00f1os (6 a 12 a\u00f1os) (Cuba)"}]},{"@type":"WebSite","@id":"https:\/\/redilkids.com\/#website","url":"https:\/\/redilkids.com\/","name":"Redil Kids","description":"www.redilglobal.org","publisher":{"@id":"https:\/\/redilkids.com\/#organization"},"alternateName":"RK","potentialAction":[{"@type":"SearchAction","target":{"@type":"EntryPoint","urlTemplate":"https:\/\/redilkids.com\/?s={search_term_string}"},"query-input":{"@type":"PropertyValueSpecification","valueRequired":true,"valueName":"search_term_string"}}],"inLanguage":"en-US"},{"@type":"Organization","@id":"https:\/\/redilkids.com\/#organization","name":"Redil Kids","url":"https:\/\/redilkids.com\/","logo":{"@type":"ImageObject","inLanguage":"en-US","@id":"https:\/\/redilkids.com\/#\/schema\/logo\/image\/","url":"https:\/\/mlgijrmlgepy.i.optimole.com\/w:auto\/h:auto\/q:mauto\/ig:avif\/https:\/\/redilkids.com\/wp-content\/uploads\/2021\/05\/cropped-cropped-logo-e1627330135484.png","contentUrl":"https:\/\/mlgijrmlgepy.i.optimole.com\/w:auto\/h:auto\/q:mauto\/ig:avif\/https:\/\/redilkids.com\/wp-content\/uploads\/2021\/05\/cropped-cropped-logo-e1627330135484.png","width":512,"height":408,"caption":"Redil Kids"},"image":{"@id":"https:\/\/redilkids.com\/#\/schema\/logo\/image\/"},"sameAs":["https:\/\/www.instagram.com\/redil_kids\/"]}]}},"_links":{"self":[{"href":"https:\/\/redilkids.com\/en\/wp-json\/wp\/v2\/product\/4526","targetHints":{"allow":["GET"]}}],"collection":[{"href":"https:\/\/redilkids.com\/en\/wp-json\/wp\/v2\/product"}],"about":[{"href":"https:\/\/redilkids.com\/en\/wp-json\/wp\/v2\/types\/product"}],"replies":[{"embeddable":true,"href":"https:\/\/redilkids.com\/en\/wp-json\/wp\/v2\/comments?post=4526"}],"version-history":[{"count":2,"href":"https:\/\/redilkids.com\/en\/wp-json\/wp\/v2\/product\/4526\/revisions"}],"predecessor-version":[{"id":11355,"href":"https:\/\/redilkids.com\/en\/wp-json\/wp\/v2\/product\/4526\/revisions\/11355"}],"wp:featuredmedia":[{"embeddable":true,"href":"https:\/\/redilkids.com\/en\/wp-json\/wp\/v2\/media\/4428"}],"wp:attachment":[{"href":"https:\/\/redilkids.com\/en\/wp-json\/wp\/v2\/media?parent=4526"}],"wp:term":[{"taxonomy":"product_brand","embeddable":true,"href":"https:\/\/redilkids.com\/en\/wp-json\/wp\/v2\/product_brand?post=4526"},{"taxonomy":"product_cat","embeddable":true,"href":"https:\/\/redilkids.com\/en\/wp-json\/wp\/v2\/product_cat?post=4526"},{"taxonomy":"product_tag","embeddable":true,"href":"https:\/\/redilkids.com\/en\/wp-json\/wp\/v2\/product_tag?post=4526"}],"curies":[{"name":"wp","href":"https:\/\/api.w.org\/{rel}","templated":true}]}}