
{"id":4527,"date":"2021-11-10T17:05:37","date_gmt":"2021-11-10T22:05:37","guid":{"rendered":"https:\/\/redilkids.com\/?post_type=product&#038;p=4527"},"modified":"2024-03-11T17:11:33","modified_gmt":"2024-03-11T22:11:33","slug":"curso-online-el-intercesor-y-las-batallas-espirituales-copia","status":"publish","type":"product","link":"https:\/\/redilkids.com\/en\/product\/curso-online-el-intercesor-y-las-batallas-espirituales-copia\/","title":{"rendered":"Curso ONLINE \u201cEl Intercesor y las Batallas Espirituales\u201d (Cuba)"},"content":{"rendered":"<p>A trav\u00e9s de este entrenamiento ser\u00e1s formado y activado en el entendimiento de la verdadera Batalla de la Fe que todo ciudadano del Reino debe pelear. Conocer\u00e1s las armas espirituales que el Padre Celestial te ha entregado para que camines en la autoridad y el poder que Yahsh\u00faa te ha delegado al transformarte en Su disc\u00edpulo.<\/p>","protected":false},"excerpt":{"rendered":"<p>A trav\u00e9s de este entrenamiento ser\u00e1s formado y activado en el entendimiento de la verdadera Batalla de la Fe que todo ciudadano del Reino debe pelear. Conocer\u00e1s las armas espirituales que el Padre Celestial te ha entregado para que camines en la autoridad y el poder que Yahsh\u00faa te ha delegado al transformarte en Su [&hellip;]<\/p>\n","protected":false},"featured_media":3471,"comment_status":"open","ping_status":"closed","template":"","meta":{"_eb_attr":"","telegram_tosend":false,"telegram_tosend_message":"","telegram_tosend_target":0,"site-sidebar-layout":"default","site-content-layout":"","ast-site-content-layout":"default","site-content-style":"default","site-sidebar-style":"default","ast-global-header-display":"","ast-banner-title-visibility":"","ast-main-header-display":"","ast-hfb-above-header-display":"","ast-hfb-below-header-display":"","ast-hfb-mobile-header-display":"","site-post-title":"","ast-breadcrumbs-content":"","ast-featured-img":"","footer-sml-layout":"","ast-disable-related-posts":"","theme-transparent-header-meta":"default","adv-header-id-meta":"","stick-header-meta":"default","header-above-stick-meta":"","header-main-stick-meta":"","header-below-stick-meta":"","astra-migrate-meta-layouts":"set","ast-page-background-enabled":"default","ast-page-background-meta":{"desktop":{"background-color":"var(--ast-global-color-4)","background-image":"","background-repeat":"repeat","background-position":"center center","background-size":"auto","background-attachment":"scroll","background-type":"","background-media":"","overlay-type":"","overlay-color":"","overlay-opacity":"","overlay-gradient":""},"tablet":{"background-color":"","background-image":"","background-repeat":"repeat","background-position":"center center","background-size":"auto","background-attachment":"scroll","background-type":"","background-media":"","overlay-type":"","overlay-color":"","overlay-opacity":"","overlay-gradient":""},"mobile":{"background-color":"","background-image":"","background-repeat":"repeat","background-position":"center center","background-size":"auto","background-attachment":"scroll","background-type":"","background-media":"","overlay-type":"","overlay-color":"","overlay-opacity":"","overlay-gradient":""}},"ast-content-background-meta":{"desktop":{"background-color":"var(--ast-global-color-5)","background-image":"","background-repeat":"repeat","background-position":"center center","background-size":"auto","background-attachment":"scroll","background-type":"","background-media":"","overlay-type":"","overlay-color":"","overlay-opacity":"","overlay-gradient":""},"tablet":{"background-color":"var(--ast-global-color-5)","background-image":"","background-repeat":"repeat","background-position":"center center","background-size":"auto","background-attachment":"scroll","background-type":"","background-media":"","overlay-type":"","overlay-color":"","overlay-opacity":"","overlay-gradient":""},"mobile":{"background-color":"var(--ast-global-color-5)","background-image":"","background-repeat":"repeat","background-position":"center center","background-size":"auto","background-attachment":"scroll","background-type":"","background-media":"","overlay-type":"","overlay-color":"","overlay-opacity":"","overlay-gradient":""}}},"product_brand":[],"product_cat":[46],"product_tag":[],"class_list":{"0":"post-4527","1":"product","2":"type-product","3":"status-publish","4":"has-post-thumbnail","6":"product_cat-sin-categorizar","7":"desktop-align-left","8":"tablet-align-left","9":"mobile-align-left","10":"ast-product-gallery-layout-horizontal-slider","11":"ast-product-gallery-with-no-image","12":"ast-magnify-disabled","13":"ast-product-tabs-layout-horizontal","15":"first","16":"instock","17":"virtual","18":"sold-individually","19":"purchasable","20":"product-type-simple"},"wooqr_code":"","yoast_head":"<!-- This site is optimized with the Yoast SEO plugin v27.1.1 - https:\/\/yoast.com\/product\/yoast-seo-wordpress\/ -->\n<title>Curso ONLINE \u201cEl Intercesor y las Batallas Espirituales\u201d (Cuba) - Redil Kids<\/title>\n<meta name=\"robots\" content=\"index, follow, max-snippet:-1, max-image-preview:large, max-video-preview:-1\" \/>\n<link rel=\"canonical\" href=\"https:\/\/redilkids.com\/en\/product\/curso-online-el-intercesor-y-las-batallas-espirituales-copia\/\" \/>\n<meta property=\"og:locale\" content=\"en_US\" \/>\n<meta property=\"og:type\" content=\"article\" \/>\n<meta property=\"og:title\" content=\"Curso ONLINE \u201cEl Intercesor y las Batallas Espirituales\u201d (Cuba) - Redil Kids\" \/>\n<meta property=\"og:description\" content=\"A trav\u00e9s de este entrenamiento ser\u00e1s formado y activado en el entendimiento de la verdadera Batalla de la Fe que todo ciudadano del Reino debe pelear. Conocer\u00e1s las armas espirituales que el Padre Celestial te ha entregado para que camines en la autoridad y el poder que Yahsh\u00faa te ha delegado al transformarte en Su [&hellip;]\" \/>\n<meta property=\"og:url\" content=\"https:\/\/redilkids.com\/en\/product\/curso-online-el-intercesor-y-las-batallas-espirituales-copia\/\" \/>\n<meta property=\"og:site_name\" content=\"Redil Kids\" \/>\n<meta property=\"article:publisher\" content=\"https:\/\/www.instagram.com\/redil_kids\/\" \/>\n<meta property=\"article:modified_time\" content=\"2024-03-11T22:11:33+00:00\" \/>\n<meta property=\"og:image\" content=\"https:\/\/mlgijrmlgepy.i.optimole.com\/w:auto\/h:auto\/q:mauto\/ig:avif\/https:\/\/redilkids.com\/wp-content\/uploads\/2021\/08\/IMAGEN-3.jpg\" \/>\n\t<meta property=\"og:image:width\" content=\"800\" \/>\n\t<meta property=\"og:image:height\" content=\"800\" \/>\n\t<meta property=\"og:image:type\" content=\"image\/jpeg\" \/>\n<meta name=\"twitter:card\" content=\"summary_large_image\" \/>\n<script type=\"application\/ld+json\" class=\"yoast-schema-graph\">{\"@context\":\"https:\/\/schema.org\",\"@graph\":[{\"@type\":\"WebPage\",\"@id\":\"https:\/\/redilkids.com\/producto\/curso-online-el-intercesor-y-las-batallas-espirituales-copia\/\",\"url\":\"https:\/\/redilkids.com\/producto\/curso-online-el-intercesor-y-las-batallas-espirituales-copia\/\",\"name\":\"Curso ONLINE \u201cEl Intercesor y las Batallas Espirituales\u201d (Cuba) - Redil Kids\",\"isPartOf\":{\"@id\":\"https:\/\/redilkids.com\/#website\"},\"primaryImageOfPage\":{\"@id\":\"https:\/\/redilkids.com\/producto\/curso-online-el-intercesor-y-las-batallas-espirituales-copia\/#primaryimage\"},\"image\":{\"@id\":\"https:\/\/redilkids.com\/producto\/curso-online-el-intercesor-y-las-batallas-espirituales-copia\/#primaryimage\"},\"thumbnailUrl\":\"https:\/\/mlgijrmlgepy.i.optimole.com\/w:auto\/h:auto\/q:mauto\/ig:avif\/https:\/\/redilkids.com\/wp-content\/uploads\/2021\/08\/IMAGEN-3.jpg\",\"datePublished\":\"2021-11-10T22:05:37+00:00\",\"dateModified\":\"2024-03-11T22:11:33+00:00\",\"breadcrumb\":{\"@id\":\"https:\/\/redilkids.com\/producto\/curso-online-el-intercesor-y-las-batallas-espirituales-copia\/#breadcrumb\"},\"inLanguage\":\"en-US\",\"potentialAction\":[{\"@type\":\"ReadAction\",\"target\":[\"https:\/\/redilkids.com\/producto\/curso-online-el-intercesor-y-las-batallas-espirituales-copia\/\"]}]},{\"@type\":\"ImageObject\",\"inLanguage\":\"en-US\",\"@id\":\"https:\/\/redilkids.com\/producto\/curso-online-el-intercesor-y-las-batallas-espirituales-copia\/#primaryimage\",\"url\":\"https:\/\/mlgijrmlgepy.i.optimole.com\/w:auto\/h:auto\/q:mauto\/ig:avif\/https:\/\/redilkids.com\/wp-content\/uploads\/2021\/08\/IMAGEN-3.jpg\",\"contentUrl\":\"https:\/\/mlgijrmlgepy.i.optimole.com\/w:auto\/h:auto\/q:mauto\/ig:avif\/https:\/\/redilkids.com\/wp-content\/uploads\/2021\/08\/IMAGEN-3.jpg\",\"width\":800,\"height\":800},{\"@type\":\"BreadcrumbList\",\"@id\":\"https:\/\/redilkids.com\/producto\/curso-online-el-intercesor-y-las-batallas-espirituales-copia\/#breadcrumb\",\"itemListElement\":[{\"@type\":\"ListItem\",\"position\":1,\"name\":\"Portada\",\"item\":\"https:\/\/redilkids.com\/\"},{\"@type\":\"ListItem\",\"position\":2,\"name\":\"Tienda\",\"item\":\"https:\/\/redilkids.com\/?page_id=2589\"},{\"@type\":\"ListItem\",\"position\":3,\"name\":\"Curso ONLINE \u201cEl Intercesor y las Batallas Espirituales\u201d (Cuba)\"}]},{\"@type\":\"WebSite\",\"@id\":\"https:\/\/redilkids.com\/#website\",\"url\":\"https:\/\/redilkids.com\/\",\"name\":\"Redil Kids\",\"description\":\"www.redilglobal.org\",\"publisher\":{\"@id\":\"https:\/\/redilkids.com\/#organization\"},\"alternateName\":\"RK\",\"potentialAction\":[{\"@type\":\"SearchAction\",\"target\":{\"@type\":\"EntryPoint\",\"urlTemplate\":\"https:\/\/redilkids.com\/?s={search_term_string}\"},\"query-input\":{\"@type\":\"PropertyValueSpecification\",\"valueRequired\":true,\"valueName\":\"search_term_string\"}}],\"inLanguage\":\"en-US\"},{\"@type\":\"Organization\",\"@id\":\"https:\/\/redilkids.com\/#organization\",\"name\":\"Redil Kids\",\"url\":\"https:\/\/redilkids.com\/\",\"logo\":{\"@type\":\"ImageObject\",\"inLanguage\":\"en-US\",\"@id\":\"https:\/\/redilkids.com\/#\/schema\/logo\/image\/\",\"url\":\"https:\/\/mlgijrmlgepy.i.optimole.com\/w:auto\/h:auto\/q:mauto\/ig:avif\/https:\/\/redilkids.com\/wp-content\/uploads\/2021\/05\/cropped-cropped-logo-e1627330135484.png\",\"contentUrl\":\"https:\/\/mlgijrmlgepy.i.optimole.com\/w:auto\/h:auto\/q:mauto\/ig:avif\/https:\/\/redilkids.com\/wp-content\/uploads\/2021\/05\/cropped-cropped-logo-e1627330135484.png\",\"width\":512,\"height\":408,\"caption\":\"Redil Kids\"},\"image\":{\"@id\":\"https:\/\/redilkids.com\/#\/schema\/logo\/image\/\"},\"sameAs\":[\"https:\/\/www.instagram.com\/redil_kids\/\"]}]}<\/script>\n<!-- \/ Yoast SEO plugin. -->","yoast_head_json":{"title":"Curso ONLINE \u201cEl Intercesor y las Batallas Espirituales\u201d (Cuba) - Redil Kids","robots":{"index":"index","follow":"follow","max-snippet":"max-snippet:-1","max-image-preview":"max-image-preview:large","max-video-preview":"max-video-preview:-1"},"canonical":"https:\/\/redilkids.com\/en\/product\/curso-online-el-intercesor-y-las-batallas-espirituales-copia\/","og_locale":"en_US","og_type":"article","og_title":"Curso ONLINE \u201cEl Intercesor y las Batallas Espirituales\u201d (Cuba) - Redil Kids","og_description":"A trav\u00e9s de este entrenamiento ser\u00e1s formado y activado en el entendimiento de la verdadera Batalla de la Fe que todo ciudadano del Reino debe pelear. Conocer\u00e1s las armas espirituales que el Padre Celestial te ha entregado para que camines en la autoridad y el poder que Yahsh\u00faa te ha delegado al transformarte en Su [&hellip;]","og_url":"https:\/\/redilkids.com\/en\/product\/curso-online-el-intercesor-y-las-batallas-espirituales-copia\/","og_site_name":"Redil Kids","article_publisher":"https:\/\/www.instagram.com\/redil_kids\/","article_modified_time":"2024-03-11T22:11:33+00:00","og_image":[{"width":800,"height":800,"url":"https:\/\/mlgijrmlgepy.i.optimole.com\/w:auto\/h:auto\/q:mauto\/ig:avif\/https:\/\/redilkids.com\/wp-content\/uploads\/2021\/08\/IMAGEN-3.jpg","type":"image\/jpeg"}],"twitter_card":"summary_large_image","schema":{"@context":"https:\/\/schema.org","@graph":[{"@type":"WebPage","@id":"https:\/\/redilkids.com\/producto\/curso-online-el-intercesor-y-las-batallas-espirituales-copia\/","url":"https:\/\/redilkids.com\/producto\/curso-online-el-intercesor-y-las-batallas-espirituales-copia\/","name":"Curso ONLINE \u201cEl Intercesor y las Batallas Espirituales\u201d (Cuba) - Redil Kids","isPartOf":{"@id":"https:\/\/redilkids.com\/#website"},"primaryImageOfPage":{"@id":"https:\/\/redilkids.com\/producto\/curso-online-el-intercesor-y-las-batallas-espirituales-copia\/#primaryimage"},"image":{"@id":"https:\/\/redilkids.com\/producto\/curso-online-el-intercesor-y-las-batallas-espirituales-copia\/#primaryimage"},"thumbnailUrl":"https:\/\/mlgijrmlgepy.i.optimole.com\/w:auto\/h:auto\/q:mauto\/ig:avif\/https:\/\/redilkids.com\/wp-content\/uploads\/2021\/08\/IMAGEN-3.jpg","datePublished":"2021-11-10T22:05:37+00:00","dateModified":"2024-03-11T22:11:33+00:00","breadcrumb":{"@id":"https:\/\/redilkids.com\/producto\/curso-online-el-intercesor-y-las-batallas-espirituales-copia\/#breadcrumb"},"inLanguage":"en-US","potentialAction":[{"@type":"ReadAction","target":["https:\/\/redilkids.com\/producto\/curso-online-el-intercesor-y-las-batallas-espirituales-copia\/"]}]},{"@type":"ImageObject","inLanguage":"en-US","@id":"https:\/\/redilkids.com\/producto\/curso-online-el-intercesor-y-las-batallas-espirituales-copia\/#primaryimage","url":"https:\/\/mlgijrmlgepy.i.optimole.com\/w:auto\/h:auto\/q:mauto\/ig:avif\/https:\/\/redilkids.com\/wp-content\/uploads\/2021\/08\/IMAGEN-3.jpg","contentUrl":"https:\/\/mlgijrmlgepy.i.optimole.com\/w:auto\/h:auto\/q:mauto\/ig:avif\/https:\/\/redilkids.com\/wp-content\/uploads\/2021\/08\/IMAGEN-3.jpg","width":800,"height":800},{"@type":"BreadcrumbList","@id":"https:\/\/redilkids.com\/producto\/curso-online-el-intercesor-y-las-batallas-espirituales-copia\/#breadcrumb","itemListElement":[{"@type":"ListItem","position":1,"name":"Portada","item":"https:\/\/redilkids.com\/"},{"@type":"ListItem","position":2,"name":"Tienda","item":"https:\/\/redilkids.com\/?page_id=2589"},{"@type":"ListItem","position":3,"name":"Curso ONLINE \u201cEl Intercesor y las Batallas Espirituales\u201d (Cuba)"}]},{"@type":"WebSite","@id":"https:\/\/redilkids.com\/#website","url":"https:\/\/redilkids.com\/","name":"Redil Kids","description":"www.redilglobal.org","publisher":{"@id":"https:\/\/redilkids.com\/#organization"},"alternateName":"RK","potentialAction":[{"@type":"SearchAction","target":{"@type":"EntryPoint","urlTemplate":"https:\/\/redilkids.com\/?s={search_term_string}"},"query-input":{"@type":"PropertyValueSpecification","valueRequired":true,"valueName":"search_term_string"}}],"inLanguage":"en-US"},{"@type":"Organization","@id":"https:\/\/redilkids.com\/#organization","name":"Redil Kids","url":"https:\/\/redilkids.com\/","logo":{"@type":"ImageObject","inLanguage":"en-US","@id":"https:\/\/redilkids.com\/#\/schema\/logo\/image\/","url":"https:\/\/mlgijrmlgepy.i.optimole.com\/w:auto\/h:auto\/q:mauto\/ig:avif\/https:\/\/redilkids.com\/wp-content\/uploads\/2021\/05\/cropped-cropped-logo-e1627330135484.png","contentUrl":"https:\/\/mlgijrmlgepy.i.optimole.com\/w:auto\/h:auto\/q:mauto\/ig:avif\/https:\/\/redilkids.com\/wp-content\/uploads\/2021\/05\/cropped-cropped-logo-e1627330135484.png","width":512,"height":408,"caption":"Redil Kids"},"image":{"@id":"https:\/\/redilkids.com\/#\/schema\/logo\/image\/"},"sameAs":["https:\/\/www.instagram.com\/redil_kids\/"]}]}},"_links":{"self":[{"href":"https:\/\/redilkids.com\/en\/wp-json\/wp\/v2\/product\/4527","targetHints":{"allow":["GET"]}}],"collection":[{"href":"https:\/\/redilkids.com\/en\/wp-json\/wp\/v2\/product"}],"about":[{"href":"https:\/\/redilkids.com\/en\/wp-json\/wp\/v2\/types\/product"}],"replies":[{"embeddable":true,"href":"https:\/\/redilkids.com\/en\/wp-json\/wp\/v2\/comments?post=4527"}],"version-history":[{"count":1,"href":"https:\/\/redilkids.com\/en\/wp-json\/wp\/v2\/product\/4527\/revisions"}],"predecessor-version":[{"id":11354,"href":"https:\/\/redilkids.com\/en\/wp-json\/wp\/v2\/product\/4527\/revisions\/11354"}],"wp:featuredmedia":[{"embeddable":true,"href":"https:\/\/redilkids.com\/en\/wp-json\/wp\/v2\/media\/3471"}],"wp:attachment":[{"href":"https:\/\/redilkids.com\/en\/wp-json\/wp\/v2\/media?parent=4527"}],"wp:term":[{"taxonomy":"product_brand","embeddable":true,"href":"https:\/\/redilkids.com\/en\/wp-json\/wp\/v2\/product_brand?post=4527"},{"taxonomy":"product_cat","embeddable":true,"href":"https:\/\/redilkids.com\/en\/wp-json\/wp\/v2\/product_cat?post=4527"},{"taxonomy":"product_tag","embeddable":true,"href":"https:\/\/redilkids.com\/en\/wp-json\/wp\/v2\/product_tag?post=4527"}],"curies":[{"name":"wp","href":"https:\/\/api.w.org\/{rel}","templated":true}]}}