
{"id":4530,"date":"2021-11-10T17:12:43","date_gmt":"2021-11-10T22:12:43","guid":{"rendered":"https:\/\/redilkids.com\/?post_type=product&#038;p=4530"},"modified":"2024-03-11T17:08:34","modified_gmt":"2024-03-11T22:08:34","slug":"taller-online-la-oracion-y-la-proclamacion-que-el-padre-responde-venezuela","status":"publish","type":"product","link":"https:\/\/redilkids.com\/en\/product\/taller-online-la-oracion-y-la-proclamacion-que-el-padre-responde-venezuela\/","title":{"rendered":"Taller ONLINE \u00abLa Oraci\u00f3n y la Proclamaci\u00f3n que el Padre Responde\u00bb (Cuba)"},"content":{"rendered":"<p style=\"text-align: left;\">A trav\u00e9s de este entrenamiento, los ni\u00f1os van a aprender a desarrollar una de las armas m\u00e1s poderosas del Reino Celestial; la\u00a0 oraci\u00f3n. Aprenderemos a orar, proclamar e interceder conforme a la Voluntad del Padre. Reconociendo que como hijos del Reino estamos dise\u00f1ados para ser instrumentos que legaliza la acci\u00f3n del Padre celestial aqu\u00ed en la tierra. Entenderemos que la oraci\u00f3n es una \u00edntima relaci\u00f3n con el Padre celestial, un momento para escuchar, entender y recibir nuestro pan diario de las manos de Abba.<\/p>","protected":false},"excerpt":{"rendered":"<p>A trav\u00e9s de este entrenamiento, los ni\u00f1os van a aprender a desarrollar una de las armas m\u00e1s poderosas del Reino Celestial; la\u00a0 oraci\u00f3n. Aprenderemos a orar, proclamar e interceder conforme a la Voluntad del Padre. Reconociendo que como hijos del Reino estamos dise\u00f1ados para ser instrumentos que legaliza la acci\u00f3n del Padre celestial aqu\u00ed en [&hellip;]<\/p>\n","protected":false},"featured_media":2846,"comment_status":"open","ping_status":"closed","template":"","meta":{"_eb_attr":"","telegram_tosend":false,"telegram_tosend_message":"","telegram_tosend_target":0,"site-sidebar-layout":"default","site-content-layout":"","ast-site-content-layout":"default","site-content-style":"default","site-sidebar-style":"default","ast-global-header-display":"","ast-banner-title-visibility":"","ast-main-header-display":"","ast-hfb-above-header-display":"","ast-hfb-below-header-display":"","ast-hfb-mobile-header-display":"","site-post-title":"","ast-breadcrumbs-content":"","ast-featured-img":"","footer-sml-layout":"","ast-disable-related-posts":"","theme-transparent-header-meta":"default","adv-header-id-meta":"","stick-header-meta":"default","header-above-stick-meta":"","header-main-stick-meta":"","header-below-stick-meta":"","astra-migrate-meta-layouts":"set","ast-page-background-enabled":"default","ast-page-background-meta":{"desktop":{"background-color":"var(--ast-global-color-4)","background-image":"","background-repeat":"repeat","background-position":"center center","background-size":"auto","background-attachment":"scroll","background-type":"","background-media":"","overlay-type":"","overlay-color":"","overlay-opacity":"","overlay-gradient":""},"tablet":{"background-color":"","background-image":"","background-repeat":"repeat","background-position":"center center","background-size":"auto","background-attachment":"scroll","background-type":"","background-media":"","overlay-type":"","overlay-color":"","overlay-opacity":"","overlay-gradient":""},"mobile":{"background-color":"","background-image":"","background-repeat":"repeat","background-position":"center center","background-size":"auto","background-attachment":"scroll","background-type":"","background-media":"","overlay-type":"","overlay-color":"","overlay-opacity":"","overlay-gradient":""}},"ast-content-background-meta":{"desktop":{"background-color":"var(--ast-global-color-5)","background-image":"","background-repeat":"repeat","background-position":"center center","background-size":"auto","background-attachment":"scroll","background-type":"","background-media":"","overlay-type":"","overlay-color":"","overlay-opacity":"","overlay-gradient":""},"tablet":{"background-color":"var(--ast-global-color-5)","background-image":"","background-repeat":"repeat","background-position":"center center","background-size":"auto","background-attachment":"scroll","background-type":"","background-media":"","overlay-type":"","overlay-color":"","overlay-opacity":"","overlay-gradient":""},"mobile":{"background-color":"var(--ast-global-color-5)","background-image":"","background-repeat":"repeat","background-position":"center center","background-size":"auto","background-attachment":"scroll","background-type":"","background-media":"","overlay-type":"","overlay-color":"","overlay-opacity":"","overlay-gradient":""}}},"product_brand":[],"product_cat":[46],"product_tag":[],"class_list":{"0":"post-4530","1":"product","2":"type-product","3":"status-publish","4":"has-post-thumbnail","6":"product_cat-sin-categorizar","7":"desktop-align-left","8":"tablet-align-left","9":"mobile-align-left","10":"ast-product-gallery-layout-horizontal-slider","11":"ast-product-gallery-with-no-image","12":"ast-magnify-disabled","13":"ast-product-tabs-layout-horizontal","15":"first","16":"instock","17":"virtual","18":"sold-individually","19":"purchasable","20":"product-type-simple"},"wooqr_code":"","yoast_head":"<!-- This site is optimized with the Yoast SEO plugin v27.1.1 - https:\/\/yoast.com\/product\/yoast-seo-wordpress\/ -->\n<title>Taller ONLINE &quot;La Oraci\u00f3n y la Proclamaci\u00f3n que el Padre Responde&quot; (Cuba) - Redil Kids<\/title>\n<meta name=\"robots\" content=\"index, follow, max-snippet:-1, max-image-preview:large, max-video-preview:-1\" \/>\n<link rel=\"canonical\" href=\"https:\/\/redilkids.com\/en\/product\/taller-online-la-oracion-y-la-proclamacion-que-el-padre-responde-venezuela\/\" \/>\n<meta property=\"og:locale\" content=\"en_US\" \/>\n<meta property=\"og:type\" content=\"article\" \/>\n<meta property=\"og:title\" content=\"Taller ONLINE &quot;La Oraci\u00f3n y la Proclamaci\u00f3n que el Padre Responde&quot; (Cuba) - Redil Kids\" \/>\n<meta property=\"og:description\" content=\"A trav\u00e9s de este entrenamiento, los ni\u00f1os van a aprender a desarrollar una de las armas m\u00e1s poderosas del Reino Celestial; la\u00a0 oraci\u00f3n. Aprenderemos a orar, proclamar e interceder conforme a la Voluntad del Padre. Reconociendo que como hijos del Reino estamos dise\u00f1ados para ser instrumentos que legaliza la acci\u00f3n del Padre celestial aqu\u00ed en [&hellip;]\" \/>\n<meta property=\"og:url\" content=\"https:\/\/redilkids.com\/en\/product\/taller-online-la-oracion-y-la-proclamacion-que-el-padre-responde-venezuela\/\" \/>\n<meta property=\"og:site_name\" content=\"Redil Kids\" \/>\n<meta property=\"article:publisher\" content=\"https:\/\/www.instagram.com\/redil_kids\/\" \/>\n<meta property=\"article:modified_time\" content=\"2024-03-11T22:08:34+00:00\" \/>\n<meta property=\"og:image\" content=\"https:\/\/mlgijrmlgepy.i.optimole.com\/w:auto\/h:auto\/q:mauto\/ig:avif\/https:\/\/redilkids.com\/wp-content\/uploads\/2021\/06\/La-Oracion-y-la-Proclamacion-que-el-Padre-Responde.jpg\" \/>\n\t<meta property=\"og:image:width\" content=\"1080\" \/>\n\t<meta property=\"og:image:height\" content=\"1080\" \/>\n\t<meta property=\"og:image:type\" content=\"image\/jpeg\" \/>\n<meta name=\"twitter:card\" content=\"summary_large_image\" \/>\n<script type=\"application\/ld+json\" class=\"yoast-schema-graph\">{\"@context\":\"https:\/\/schema.org\",\"@graph\":[{\"@type\":\"WebPage\",\"@id\":\"https:\/\/redilkids.com\/producto\/taller-online-la-oracion-y-la-proclamacion-que-el-padre-responde-venezuela\/\",\"url\":\"https:\/\/redilkids.com\/producto\/taller-online-la-oracion-y-la-proclamacion-que-el-padre-responde-venezuela\/\",\"name\":\"Taller ONLINE \\\"La Oraci\u00f3n y la Proclamaci\u00f3n que el Padre Responde\\\" (Cuba) - Redil Kids\",\"isPartOf\":{\"@id\":\"https:\/\/redilkids.com\/#website\"},\"primaryImageOfPage\":{\"@id\":\"https:\/\/redilkids.com\/producto\/taller-online-la-oracion-y-la-proclamacion-que-el-padre-responde-venezuela\/#primaryimage\"},\"image\":{\"@id\":\"https:\/\/redilkids.com\/producto\/taller-online-la-oracion-y-la-proclamacion-que-el-padre-responde-venezuela\/#primaryimage\"},\"thumbnailUrl\":\"https:\/\/mlgijrmlgepy.i.optimole.com\/w:auto\/h:auto\/q:mauto\/ig:avif\/https:\/\/redilkids.com\/wp-content\/uploads\/2021\/06\/La-Oracion-y-la-Proclamacion-que-el-Padre-Responde.jpg\",\"datePublished\":\"2021-11-10T22:12:43+00:00\",\"dateModified\":\"2024-03-11T22:08:34+00:00\",\"breadcrumb\":{\"@id\":\"https:\/\/redilkids.com\/producto\/taller-online-la-oracion-y-la-proclamacion-que-el-padre-responde-venezuela\/#breadcrumb\"},\"inLanguage\":\"en-US\",\"potentialAction\":[{\"@type\":\"ReadAction\",\"target\":[\"https:\/\/redilkids.com\/producto\/taller-online-la-oracion-y-la-proclamacion-que-el-padre-responde-venezuela\/\"]}]},{\"@type\":\"ImageObject\",\"inLanguage\":\"en-US\",\"@id\":\"https:\/\/redilkids.com\/producto\/taller-online-la-oracion-y-la-proclamacion-que-el-padre-responde-venezuela\/#primaryimage\",\"url\":\"https:\/\/mlgijrmlgepy.i.optimole.com\/w:auto\/h:auto\/q:mauto\/ig:avif\/https:\/\/redilkids.com\/wp-content\/uploads\/2021\/06\/La-Oracion-y-la-Proclamacion-que-el-Padre-Responde.jpg\",\"contentUrl\":\"https:\/\/mlgijrmlgepy.i.optimole.com\/w:auto\/h:auto\/q:mauto\/ig:avif\/https:\/\/redilkids.com\/wp-content\/uploads\/2021\/06\/La-Oracion-y-la-Proclamacion-que-el-Padre-Responde.jpg\",\"width\":1080,\"height\":1080},{\"@type\":\"BreadcrumbList\",\"@id\":\"https:\/\/redilkids.com\/producto\/taller-online-la-oracion-y-la-proclamacion-que-el-padre-responde-venezuela\/#breadcrumb\",\"itemListElement\":[{\"@type\":\"ListItem\",\"position\":1,\"name\":\"Portada\",\"item\":\"https:\/\/redilkids.com\/\"},{\"@type\":\"ListItem\",\"position\":2,\"name\":\"Tienda\",\"item\":\"https:\/\/redilkids.com\/?page_id=2589\"},{\"@type\":\"ListItem\",\"position\":3,\"name\":\"Taller ONLINE &#8220;La Oraci\u00f3n y la Proclamaci\u00f3n que el Padre Responde&#8221; (Cuba)\"}]},{\"@type\":\"WebSite\",\"@id\":\"https:\/\/redilkids.com\/#website\",\"url\":\"https:\/\/redilkids.com\/\",\"name\":\"Redil Kids\",\"description\":\"www.redilglobal.org\",\"publisher\":{\"@id\":\"https:\/\/redilkids.com\/#organization\"},\"alternateName\":\"RK\",\"potentialAction\":[{\"@type\":\"SearchAction\",\"target\":{\"@type\":\"EntryPoint\",\"urlTemplate\":\"https:\/\/redilkids.com\/?s={search_term_string}\"},\"query-input\":{\"@type\":\"PropertyValueSpecification\",\"valueRequired\":true,\"valueName\":\"search_term_string\"}}],\"inLanguage\":\"en-US\"},{\"@type\":\"Organization\",\"@id\":\"https:\/\/redilkids.com\/#organization\",\"name\":\"Redil Kids\",\"url\":\"https:\/\/redilkids.com\/\",\"logo\":{\"@type\":\"ImageObject\",\"inLanguage\":\"en-US\",\"@id\":\"https:\/\/redilkids.com\/#\/schema\/logo\/image\/\",\"url\":\"https:\/\/mlgijrmlgepy.i.optimole.com\/w:auto\/h:auto\/q:mauto\/ig:avif\/https:\/\/redilkids.com\/wp-content\/uploads\/2021\/05\/cropped-cropped-logo-e1627330135484.png\",\"contentUrl\":\"https:\/\/mlgijrmlgepy.i.optimole.com\/w:auto\/h:auto\/q:mauto\/ig:avif\/https:\/\/redilkids.com\/wp-content\/uploads\/2021\/05\/cropped-cropped-logo-e1627330135484.png\",\"width\":512,\"height\":408,\"caption\":\"Redil Kids\"},\"image\":{\"@id\":\"https:\/\/redilkids.com\/#\/schema\/logo\/image\/\"},\"sameAs\":[\"https:\/\/www.instagram.com\/redil_kids\/\"]}]}<\/script>\n<!-- \/ Yoast SEO plugin. -->","yoast_head_json":{"title":"Taller ONLINE \"La Oraci\u00f3n y la Proclamaci\u00f3n que el Padre Responde\" (Cuba) - Redil Kids","robots":{"index":"index","follow":"follow","max-snippet":"max-snippet:-1","max-image-preview":"max-image-preview:large","max-video-preview":"max-video-preview:-1"},"canonical":"https:\/\/redilkids.com\/en\/product\/taller-online-la-oracion-y-la-proclamacion-que-el-padre-responde-venezuela\/","og_locale":"en_US","og_type":"article","og_title":"Taller ONLINE \"La Oraci\u00f3n y la Proclamaci\u00f3n que el Padre Responde\" (Cuba) - Redil Kids","og_description":"A trav\u00e9s de este entrenamiento, los ni\u00f1os van a aprender a desarrollar una de las armas m\u00e1s poderosas del Reino Celestial; la\u00a0 oraci\u00f3n. Aprenderemos a orar, proclamar e interceder conforme a la Voluntad del Padre. Reconociendo que como hijos del Reino estamos dise\u00f1ados para ser instrumentos que legaliza la acci\u00f3n del Padre celestial aqu\u00ed en [&hellip;]","og_url":"https:\/\/redilkids.com\/en\/product\/taller-online-la-oracion-y-la-proclamacion-que-el-padre-responde-venezuela\/","og_site_name":"Redil Kids","article_publisher":"https:\/\/www.instagram.com\/redil_kids\/","article_modified_time":"2024-03-11T22:08:34+00:00","og_image":[{"width":1080,"height":1080,"url":"https:\/\/mlgijrmlgepy.i.optimole.com\/w:auto\/h:auto\/q:mauto\/ig:avif\/https:\/\/redilkids.com\/wp-content\/uploads\/2021\/06\/La-Oracion-y-la-Proclamacion-que-el-Padre-Responde.jpg","type":"image\/jpeg"}],"twitter_card":"summary_large_image","schema":{"@context":"https:\/\/schema.org","@graph":[{"@type":"WebPage","@id":"https:\/\/redilkids.com\/producto\/taller-online-la-oracion-y-la-proclamacion-que-el-padre-responde-venezuela\/","url":"https:\/\/redilkids.com\/producto\/taller-online-la-oracion-y-la-proclamacion-que-el-padre-responde-venezuela\/","name":"Taller ONLINE \"La Oraci\u00f3n y la Proclamaci\u00f3n que el Padre Responde\" (Cuba) - Redil Kids","isPartOf":{"@id":"https:\/\/redilkids.com\/#website"},"primaryImageOfPage":{"@id":"https:\/\/redilkids.com\/producto\/taller-online-la-oracion-y-la-proclamacion-que-el-padre-responde-venezuela\/#primaryimage"},"image":{"@id":"https:\/\/redilkids.com\/producto\/taller-online-la-oracion-y-la-proclamacion-que-el-padre-responde-venezuela\/#primaryimage"},"thumbnailUrl":"https:\/\/mlgijrmlgepy.i.optimole.com\/w:auto\/h:auto\/q:mauto\/ig:avif\/https:\/\/redilkids.com\/wp-content\/uploads\/2021\/06\/La-Oracion-y-la-Proclamacion-que-el-Padre-Responde.jpg","datePublished":"2021-11-10T22:12:43+00:00","dateModified":"2024-03-11T22:08:34+00:00","breadcrumb":{"@id":"https:\/\/redilkids.com\/producto\/taller-online-la-oracion-y-la-proclamacion-que-el-padre-responde-venezuela\/#breadcrumb"},"inLanguage":"en-US","potentialAction":[{"@type":"ReadAction","target":["https:\/\/redilkids.com\/producto\/taller-online-la-oracion-y-la-proclamacion-que-el-padre-responde-venezuela\/"]}]},{"@type":"ImageObject","inLanguage":"en-US","@id":"https:\/\/redilkids.com\/producto\/taller-online-la-oracion-y-la-proclamacion-que-el-padre-responde-venezuela\/#primaryimage","url":"https:\/\/mlgijrmlgepy.i.optimole.com\/w:auto\/h:auto\/q:mauto\/ig:avif\/https:\/\/redilkids.com\/wp-content\/uploads\/2021\/06\/La-Oracion-y-la-Proclamacion-que-el-Padre-Responde.jpg","contentUrl":"https:\/\/mlgijrmlgepy.i.optimole.com\/w:auto\/h:auto\/q:mauto\/ig:avif\/https:\/\/redilkids.com\/wp-content\/uploads\/2021\/06\/La-Oracion-y-la-Proclamacion-que-el-Padre-Responde.jpg","width":1080,"height":1080},{"@type":"BreadcrumbList","@id":"https:\/\/redilkids.com\/producto\/taller-online-la-oracion-y-la-proclamacion-que-el-padre-responde-venezuela\/#breadcrumb","itemListElement":[{"@type":"ListItem","position":1,"name":"Portada","item":"https:\/\/redilkids.com\/"},{"@type":"ListItem","position":2,"name":"Tienda","item":"https:\/\/redilkids.com\/?page_id=2589"},{"@type":"ListItem","position":3,"name":"Taller ONLINE &#8220;La Oraci\u00f3n y la Proclamaci\u00f3n que el Padre Responde&#8221; (Cuba)"}]},{"@type":"WebSite","@id":"https:\/\/redilkids.com\/#website","url":"https:\/\/redilkids.com\/","name":"Redil Kids","description":"www.redilglobal.org","publisher":{"@id":"https:\/\/redilkids.com\/#organization"},"alternateName":"RK","potentialAction":[{"@type":"SearchAction","target":{"@type":"EntryPoint","urlTemplate":"https:\/\/redilkids.com\/?s={search_term_string}"},"query-input":{"@type":"PropertyValueSpecification","valueRequired":true,"valueName":"search_term_string"}}],"inLanguage":"en-US"},{"@type":"Organization","@id":"https:\/\/redilkids.com\/#organization","name":"Redil Kids","url":"https:\/\/redilkids.com\/","logo":{"@type":"ImageObject","inLanguage":"en-US","@id":"https:\/\/redilkids.com\/#\/schema\/logo\/image\/","url":"https:\/\/mlgijrmlgepy.i.optimole.com\/w:auto\/h:auto\/q:mauto\/ig:avif\/https:\/\/redilkids.com\/wp-content\/uploads\/2021\/05\/cropped-cropped-logo-e1627330135484.png","contentUrl":"https:\/\/mlgijrmlgepy.i.optimole.com\/w:auto\/h:auto\/q:mauto\/ig:avif\/https:\/\/redilkids.com\/wp-content\/uploads\/2021\/05\/cropped-cropped-logo-e1627330135484.png","width":512,"height":408,"caption":"Redil Kids"},"image":{"@id":"https:\/\/redilkids.com\/#\/schema\/logo\/image\/"},"sameAs":["https:\/\/www.instagram.com\/redil_kids\/"]}]}},"_links":{"self":[{"href":"https:\/\/redilkids.com\/en\/wp-json\/wp\/v2\/product\/4530","targetHints":{"allow":["GET"]}}],"collection":[{"href":"https:\/\/redilkids.com\/en\/wp-json\/wp\/v2\/product"}],"about":[{"href":"https:\/\/redilkids.com\/en\/wp-json\/wp\/v2\/types\/product"}],"replies":[{"embeddable":true,"href":"https:\/\/redilkids.com\/en\/wp-json\/wp\/v2\/comments?post=4530"}],"version-history":[{"count":2,"href":"https:\/\/redilkids.com\/en\/wp-json\/wp\/v2\/product\/4530\/revisions"}],"predecessor-version":[{"id":11351,"href":"https:\/\/redilkids.com\/en\/wp-json\/wp\/v2\/product\/4530\/revisions\/11351"}],"wp:featuredmedia":[{"embeddable":true,"href":"https:\/\/redilkids.com\/en\/wp-json\/wp\/v2\/media\/2846"}],"wp:attachment":[{"href":"https:\/\/redilkids.com\/en\/wp-json\/wp\/v2\/media?parent=4530"}],"wp:term":[{"taxonomy":"product_brand","embeddable":true,"href":"https:\/\/redilkids.com\/en\/wp-json\/wp\/v2\/product_brand?post=4530"},{"taxonomy":"product_cat","embeddable":true,"href":"https:\/\/redilkids.com\/en\/wp-json\/wp\/v2\/product_cat?post=4530"},{"taxonomy":"product_tag","embeddable":true,"href":"https:\/\/redilkids.com\/en\/wp-json\/wp\/v2\/product_tag?post=4530"}],"curies":[{"name":"wp","href":"https:\/\/api.w.org\/{rel}","templated":true}]}}