
{"id":4580,"date":"2021-11-15T12:47:03","date_gmt":"2021-11-15T17:47:03","guid":{"rendered":"https:\/\/redilkids.com\/?post_type=product&#038;p=4580"},"modified":"2024-03-11T17:04:52","modified_gmt":"2024-03-11T22:04:52","slug":"curso-online-como-retornar-al-diseno-original-venezuela-y-argentina","status":"publish","type":"product","link":"https:\/\/redilkids.com\/en\/product\/curso-online-como-retornar-al-diseno-original-venezuela-y-argentina\/","title":{"rendered":"Curso Online \u00bfC\u00f3mo Retornar al Dise\u00f1o Original? (Cuba)"},"content":{"rendered":"<p>.<\/p>\n<div>Este es un entrenamiento dise\u00f1ado para ni\u00f1os y ni\u00f1as entre 6 a 12 a\u00f1os. En estas semanas vamos aprender\u00a0 qui\u00e9n es el dise\u00f1o original, por qu\u00e9 el<span style=\"font-size: large;\"><br \/>\n<\/span><\/div>\n<div>hombre perdi\u00f3 su dise\u00f1o y qu\u00e9 debemos hacer para volver a el.\u00a0Descubrir\u00e1s a trav\u00e9s de citas b\u00edblicas la verdad sobre esta poderosa\u00a0ense\u00f1anza que te llevar\u00e1 a caminar en la plenitud del cumplimiento de tu\u00a0dise\u00f1o tal como el Padre lo hizo desde la creaci\u00f3n del mundo<\/div>","protected":false},"excerpt":{"rendered":"<p>. Este es un entrenamiento dise\u00f1ado para ni\u00f1os y ni\u00f1as entre 6 a 12 a\u00f1os. En estas semanas vamos aprender\u00a0 qui\u00e9n es el dise\u00f1o original, por qu\u00e9 el hombre perdi\u00f3 su dise\u00f1o y qu\u00e9 debemos hacer para volver a el.\u00a0Descubrir\u00e1s a trav\u00e9s de citas b\u00edblicas la verdad sobre esta poderosa\u00a0ense\u00f1anza que te llevar\u00e1 a caminar [&hellip;]<\/p>\n","protected":false},"featured_media":4545,"comment_status":"open","ping_status":"closed","template":"","meta":{"_eb_attr":"","telegram_tosend":false,"telegram_tosend_message":"","telegram_tosend_target":0,"site-sidebar-layout":"default","site-content-layout":"","ast-site-content-layout":"default","site-content-style":"default","site-sidebar-style":"default","ast-global-header-display":"","ast-banner-title-visibility":"","ast-main-header-display":"","ast-hfb-above-header-display":"","ast-hfb-below-header-display":"","ast-hfb-mobile-header-display":"","site-post-title":"","ast-breadcrumbs-content":"","ast-featured-img":"","footer-sml-layout":"","ast-disable-related-posts":"","theme-transparent-header-meta":"default","adv-header-id-meta":"","stick-header-meta":"default","header-above-stick-meta":"","header-main-stick-meta":"","header-below-stick-meta":"","astra-migrate-meta-layouts":"set","ast-page-background-enabled":"default","ast-page-background-meta":{"desktop":{"background-color":"var(--ast-global-color-4)","background-image":"","background-repeat":"repeat","background-position":"center center","background-size":"auto","background-attachment":"scroll","background-type":"","background-media":"","overlay-type":"","overlay-color":"","overlay-opacity":"","overlay-gradient":""},"tablet":{"background-color":"","background-image":"","background-repeat":"repeat","background-position":"center center","background-size":"auto","background-attachment":"scroll","background-type":"","background-media":"","overlay-type":"","overlay-color":"","overlay-opacity":"","overlay-gradient":""},"mobile":{"background-color":"","background-image":"","background-repeat":"repeat","background-position":"center center","background-size":"auto","background-attachment":"scroll","background-type":"","background-media":"","overlay-type":"","overlay-color":"","overlay-opacity":"","overlay-gradient":""}},"ast-content-background-meta":{"desktop":{"background-color":"var(--ast-global-color-5)","background-image":"","background-repeat":"repeat","background-position":"center center","background-size":"auto","background-attachment":"scroll","background-type":"","background-media":"","overlay-type":"","overlay-color":"","overlay-opacity":"","overlay-gradient":""},"tablet":{"background-color":"var(--ast-global-color-5)","background-image":"","background-repeat":"repeat","background-position":"center center","background-size":"auto","background-attachment":"scroll","background-type":"","background-media":"","overlay-type":"","overlay-color":"","overlay-opacity":"","overlay-gradient":""},"mobile":{"background-color":"var(--ast-global-color-5)","background-image":"","background-repeat":"repeat","background-position":"center center","background-size":"auto","background-attachment":"scroll","background-type":"","background-media":"","overlay-type":"","overlay-color":"","overlay-opacity":"","overlay-gradient":""}}},"product_brand":[],"product_cat":[46],"product_tag":[],"class_list":{"0":"post-4580","1":"product","2":"type-product","3":"status-publish","4":"has-post-thumbnail","6":"product_cat-sin-categorizar","7":"desktop-align-left","8":"tablet-align-left","9":"mobile-align-left","10":"ast-product-gallery-layout-horizontal-slider","11":"ast-product-gallery-with-no-image","12":"ast-magnify-disabled","13":"ast-product-tabs-layout-horizontal","15":"first","16":"instock","17":"virtual","18":"sold-individually","19":"purchasable","20":"product-type-simple"},"wooqr_code":"","yoast_head":"<!-- This site is optimized with the Yoast SEO plugin v27.1.1 - https:\/\/yoast.com\/product\/yoast-seo-wordpress\/ -->\n<title>Curso Online \u00bfC\u00f3mo Retornar al Dise\u00f1o Original? (Cuba) - Redil Kids<\/title>\n<meta name=\"robots\" content=\"index, follow, max-snippet:-1, max-image-preview:large, max-video-preview:-1\" \/>\n<link rel=\"canonical\" href=\"https:\/\/redilkids.com\/en\/product\/curso-online-como-retornar-al-diseno-original-venezuela-y-argentina\/\" \/>\n<meta property=\"og:locale\" content=\"en_US\" \/>\n<meta property=\"og:type\" content=\"article\" \/>\n<meta property=\"og:title\" content=\"Curso Online \u00bfC\u00f3mo Retornar al Dise\u00f1o Original? (Cuba) - Redil Kids\" \/>\n<meta property=\"og:description\" content=\". Este es un entrenamiento dise\u00f1ado para ni\u00f1os y ni\u00f1as entre 6 a 12 a\u00f1os. En estas semanas vamos aprender\u00a0 qui\u00e9n es el dise\u00f1o original, por qu\u00e9 el hombre perdi\u00f3 su dise\u00f1o y qu\u00e9 debemos hacer para volver a el.\u00a0Descubrir\u00e1s a trav\u00e9s de citas b\u00edblicas la verdad sobre esta poderosa\u00a0ense\u00f1anza que te llevar\u00e1 a caminar [&hellip;]\" \/>\n<meta property=\"og:url\" content=\"https:\/\/redilkids.com\/en\/product\/curso-online-como-retornar-al-diseno-original-venezuela-y-argentina\/\" \/>\n<meta property=\"og:site_name\" content=\"Redil Kids\" \/>\n<meta property=\"article:publisher\" content=\"https:\/\/www.instagram.com\/redil_kids\/\" \/>\n<meta property=\"article:modified_time\" content=\"2024-03-11T22:04:52+00:00\" \/>\n<meta property=\"og:image\" content=\"https:\/\/mlgijrmlgepy.i.optimole.com\/w:auto\/h:auto\/q:mauto\/ig:avif\/https:\/\/redilkids.com\/wp-content\/uploads\/2021\/11\/imagen-curso-COMO-RETORNAR-AL-DISENO-ORIGINAL.png\" \/>\n\t<meta property=\"og:image:width\" content=\"800\" \/>\n\t<meta property=\"og:image:height\" content=\"800\" \/>\n\t<meta property=\"og:image:type\" content=\"image\/png\" \/>\n<meta name=\"twitter:card\" content=\"summary_large_image\" \/>\n<script type=\"application\/ld+json\" class=\"yoast-schema-graph\">{\"@context\":\"https:\/\/schema.org\",\"@graph\":[{\"@type\":\"WebPage\",\"@id\":\"https:\/\/redilkids.com\/producto\/curso-online-como-retornar-al-diseno-original-venezuela-y-argentina\/\",\"url\":\"https:\/\/redilkids.com\/producto\/curso-online-como-retornar-al-diseno-original-venezuela-y-argentina\/\",\"name\":\"Curso Online \u00bfC\u00f3mo Retornar al Dise\u00f1o Original? (Cuba) - Redil Kids\",\"isPartOf\":{\"@id\":\"https:\/\/redilkids.com\/#website\"},\"primaryImageOfPage\":{\"@id\":\"https:\/\/redilkids.com\/producto\/curso-online-como-retornar-al-diseno-original-venezuela-y-argentina\/#primaryimage\"},\"image\":{\"@id\":\"https:\/\/redilkids.com\/producto\/curso-online-como-retornar-al-diseno-original-venezuela-y-argentina\/#primaryimage\"},\"thumbnailUrl\":\"https:\/\/mlgijrmlgepy.i.optimole.com\/w:auto\/h:auto\/q:mauto\/ig:avif\/https:\/\/redilkids.com\/wp-content\/uploads\/2021\/11\/imagen-curso-COMO-RETORNAR-AL-DISENO-ORIGINAL.png\",\"datePublished\":\"2021-11-15T17:47:03+00:00\",\"dateModified\":\"2024-03-11T22:04:52+00:00\",\"breadcrumb\":{\"@id\":\"https:\/\/redilkids.com\/producto\/curso-online-como-retornar-al-diseno-original-venezuela-y-argentina\/#breadcrumb\"},\"inLanguage\":\"en-US\",\"potentialAction\":[{\"@type\":\"ReadAction\",\"target\":[\"https:\/\/redilkids.com\/producto\/curso-online-como-retornar-al-diseno-original-venezuela-y-argentina\/\"]}]},{\"@type\":\"ImageObject\",\"inLanguage\":\"en-US\",\"@id\":\"https:\/\/redilkids.com\/producto\/curso-online-como-retornar-al-diseno-original-venezuela-y-argentina\/#primaryimage\",\"url\":\"https:\/\/mlgijrmlgepy.i.optimole.com\/w:auto\/h:auto\/q:mauto\/ig:avif\/https:\/\/redilkids.com\/wp-content\/uploads\/2021\/11\/imagen-curso-COMO-RETORNAR-AL-DISENO-ORIGINAL.png\",\"contentUrl\":\"https:\/\/mlgijrmlgepy.i.optimole.com\/w:auto\/h:auto\/q:mauto\/ig:avif\/https:\/\/redilkids.com\/wp-content\/uploads\/2021\/11\/imagen-curso-COMO-RETORNAR-AL-DISENO-ORIGINAL.png\",\"width\":800,\"height\":800},{\"@type\":\"BreadcrumbList\",\"@id\":\"https:\/\/redilkids.com\/producto\/curso-online-como-retornar-al-diseno-original-venezuela-y-argentina\/#breadcrumb\",\"itemListElement\":[{\"@type\":\"ListItem\",\"position\":1,\"name\":\"Portada\",\"item\":\"https:\/\/redilkids.com\/\"},{\"@type\":\"ListItem\",\"position\":2,\"name\":\"Tienda\",\"item\":\"https:\/\/redilkids.com\/?page_id=2589\"},{\"@type\":\"ListItem\",\"position\":3,\"name\":\"Curso Online \u00bfC\u00f3mo Retornar al Dise\u00f1o Original? (Cuba)\"}]},{\"@type\":\"WebSite\",\"@id\":\"https:\/\/redilkids.com\/#website\",\"url\":\"https:\/\/redilkids.com\/\",\"name\":\"Redil Kids\",\"description\":\"www.redilglobal.org\",\"publisher\":{\"@id\":\"https:\/\/redilkids.com\/#organization\"},\"alternateName\":\"RK\",\"potentialAction\":[{\"@type\":\"SearchAction\",\"target\":{\"@type\":\"EntryPoint\",\"urlTemplate\":\"https:\/\/redilkids.com\/?s={search_term_string}\"},\"query-input\":{\"@type\":\"PropertyValueSpecification\",\"valueRequired\":true,\"valueName\":\"search_term_string\"}}],\"inLanguage\":\"en-US\"},{\"@type\":\"Organization\",\"@id\":\"https:\/\/redilkids.com\/#organization\",\"name\":\"Redil Kids\",\"url\":\"https:\/\/redilkids.com\/\",\"logo\":{\"@type\":\"ImageObject\",\"inLanguage\":\"en-US\",\"@id\":\"https:\/\/redilkids.com\/#\/schema\/logo\/image\/\",\"url\":\"https:\/\/mlgijrmlgepy.i.optimole.com\/w:auto\/h:auto\/q:mauto\/ig:avif\/https:\/\/redilkids.com\/wp-content\/uploads\/2021\/05\/cropped-cropped-logo-e1627330135484.png\",\"contentUrl\":\"https:\/\/mlgijrmlgepy.i.optimole.com\/w:auto\/h:auto\/q:mauto\/ig:avif\/https:\/\/redilkids.com\/wp-content\/uploads\/2021\/05\/cropped-cropped-logo-e1627330135484.png\",\"width\":512,\"height\":408,\"caption\":\"Redil Kids\"},\"image\":{\"@id\":\"https:\/\/redilkids.com\/#\/schema\/logo\/image\/\"},\"sameAs\":[\"https:\/\/www.instagram.com\/redil_kids\/\"]}]}<\/script>\n<!-- \/ Yoast SEO plugin. -->","yoast_head_json":{"title":"Curso Online \u00bfC\u00f3mo Retornar al Dise\u00f1o Original? (Cuba) - Redil Kids","robots":{"index":"index","follow":"follow","max-snippet":"max-snippet:-1","max-image-preview":"max-image-preview:large","max-video-preview":"max-video-preview:-1"},"canonical":"https:\/\/redilkids.com\/en\/product\/curso-online-como-retornar-al-diseno-original-venezuela-y-argentina\/","og_locale":"en_US","og_type":"article","og_title":"Curso Online \u00bfC\u00f3mo Retornar al Dise\u00f1o Original? (Cuba) - Redil Kids","og_description":". Este es un entrenamiento dise\u00f1ado para ni\u00f1os y ni\u00f1as entre 6 a 12 a\u00f1os. En estas semanas vamos aprender\u00a0 qui\u00e9n es el dise\u00f1o original, por qu\u00e9 el hombre perdi\u00f3 su dise\u00f1o y qu\u00e9 debemos hacer para volver a el.\u00a0Descubrir\u00e1s a trav\u00e9s de citas b\u00edblicas la verdad sobre esta poderosa\u00a0ense\u00f1anza que te llevar\u00e1 a caminar [&hellip;]","og_url":"https:\/\/redilkids.com\/en\/product\/curso-online-como-retornar-al-diseno-original-venezuela-y-argentina\/","og_site_name":"Redil Kids","article_publisher":"https:\/\/www.instagram.com\/redil_kids\/","article_modified_time":"2024-03-11T22:04:52+00:00","og_image":[{"width":800,"height":800,"url":"https:\/\/mlgijrmlgepy.i.optimole.com\/w:auto\/h:auto\/q:mauto\/ig:avif\/https:\/\/redilkids.com\/wp-content\/uploads\/2021\/11\/imagen-curso-COMO-RETORNAR-AL-DISENO-ORIGINAL.png","type":"image\/png"}],"twitter_card":"summary_large_image","schema":{"@context":"https:\/\/schema.org","@graph":[{"@type":"WebPage","@id":"https:\/\/redilkids.com\/producto\/curso-online-como-retornar-al-diseno-original-venezuela-y-argentina\/","url":"https:\/\/redilkids.com\/producto\/curso-online-como-retornar-al-diseno-original-venezuela-y-argentina\/","name":"Curso Online \u00bfC\u00f3mo Retornar al Dise\u00f1o Original? (Cuba) - Redil Kids","isPartOf":{"@id":"https:\/\/redilkids.com\/#website"},"primaryImageOfPage":{"@id":"https:\/\/redilkids.com\/producto\/curso-online-como-retornar-al-diseno-original-venezuela-y-argentina\/#primaryimage"},"image":{"@id":"https:\/\/redilkids.com\/producto\/curso-online-como-retornar-al-diseno-original-venezuela-y-argentina\/#primaryimage"},"thumbnailUrl":"https:\/\/mlgijrmlgepy.i.optimole.com\/w:auto\/h:auto\/q:mauto\/ig:avif\/https:\/\/redilkids.com\/wp-content\/uploads\/2021\/11\/imagen-curso-COMO-RETORNAR-AL-DISENO-ORIGINAL.png","datePublished":"2021-11-15T17:47:03+00:00","dateModified":"2024-03-11T22:04:52+00:00","breadcrumb":{"@id":"https:\/\/redilkids.com\/producto\/curso-online-como-retornar-al-diseno-original-venezuela-y-argentina\/#breadcrumb"},"inLanguage":"en-US","potentialAction":[{"@type":"ReadAction","target":["https:\/\/redilkids.com\/producto\/curso-online-como-retornar-al-diseno-original-venezuela-y-argentina\/"]}]},{"@type":"ImageObject","inLanguage":"en-US","@id":"https:\/\/redilkids.com\/producto\/curso-online-como-retornar-al-diseno-original-venezuela-y-argentina\/#primaryimage","url":"https:\/\/mlgijrmlgepy.i.optimole.com\/w:auto\/h:auto\/q:mauto\/ig:avif\/https:\/\/redilkids.com\/wp-content\/uploads\/2021\/11\/imagen-curso-COMO-RETORNAR-AL-DISENO-ORIGINAL.png","contentUrl":"https:\/\/mlgijrmlgepy.i.optimole.com\/w:auto\/h:auto\/q:mauto\/ig:avif\/https:\/\/redilkids.com\/wp-content\/uploads\/2021\/11\/imagen-curso-COMO-RETORNAR-AL-DISENO-ORIGINAL.png","width":800,"height":800},{"@type":"BreadcrumbList","@id":"https:\/\/redilkids.com\/producto\/curso-online-como-retornar-al-diseno-original-venezuela-y-argentina\/#breadcrumb","itemListElement":[{"@type":"ListItem","position":1,"name":"Portada","item":"https:\/\/redilkids.com\/"},{"@type":"ListItem","position":2,"name":"Tienda","item":"https:\/\/redilkids.com\/?page_id=2589"},{"@type":"ListItem","position":3,"name":"Curso Online \u00bfC\u00f3mo Retornar al Dise\u00f1o Original? (Cuba)"}]},{"@type":"WebSite","@id":"https:\/\/redilkids.com\/#website","url":"https:\/\/redilkids.com\/","name":"Redil Kids","description":"www.redilglobal.org","publisher":{"@id":"https:\/\/redilkids.com\/#organization"},"alternateName":"RK","potentialAction":[{"@type":"SearchAction","target":{"@type":"EntryPoint","urlTemplate":"https:\/\/redilkids.com\/?s={search_term_string}"},"query-input":{"@type":"PropertyValueSpecification","valueRequired":true,"valueName":"search_term_string"}}],"inLanguage":"en-US"},{"@type":"Organization","@id":"https:\/\/redilkids.com\/#organization","name":"Redil Kids","url":"https:\/\/redilkids.com\/","logo":{"@type":"ImageObject","inLanguage":"en-US","@id":"https:\/\/redilkids.com\/#\/schema\/logo\/image\/","url":"https:\/\/mlgijrmlgepy.i.optimole.com\/w:auto\/h:auto\/q:mauto\/ig:avif\/https:\/\/redilkids.com\/wp-content\/uploads\/2021\/05\/cropped-cropped-logo-e1627330135484.png","contentUrl":"https:\/\/mlgijrmlgepy.i.optimole.com\/w:auto\/h:auto\/q:mauto\/ig:avif\/https:\/\/redilkids.com\/wp-content\/uploads\/2021\/05\/cropped-cropped-logo-e1627330135484.png","width":512,"height":408,"caption":"Redil Kids"},"image":{"@id":"https:\/\/redilkids.com\/#\/schema\/logo\/image\/"},"sameAs":["https:\/\/www.instagram.com\/redil_kids\/"]}]}},"_links":{"self":[{"href":"https:\/\/redilkids.com\/en\/wp-json\/wp\/v2\/product\/4580","targetHints":{"allow":["GET"]}}],"collection":[{"href":"https:\/\/redilkids.com\/en\/wp-json\/wp\/v2\/product"}],"about":[{"href":"https:\/\/redilkids.com\/en\/wp-json\/wp\/v2\/types\/product"}],"replies":[{"embeddable":true,"href":"https:\/\/redilkids.com\/en\/wp-json\/wp\/v2\/comments?post=4580"}],"version-history":[{"count":2,"href":"https:\/\/redilkids.com\/en\/wp-json\/wp\/v2\/product\/4580\/revisions"}],"predecessor-version":[{"id":11347,"href":"https:\/\/redilkids.com\/en\/wp-json\/wp\/v2\/product\/4580\/revisions\/11347"}],"wp:featuredmedia":[{"embeddable":true,"href":"https:\/\/redilkids.com\/en\/wp-json\/wp\/v2\/media\/4545"}],"wp:attachment":[{"href":"https:\/\/redilkids.com\/en\/wp-json\/wp\/v2\/media?parent=4580"}],"wp:term":[{"taxonomy":"product_brand","embeddable":true,"href":"https:\/\/redilkids.com\/en\/wp-json\/wp\/v2\/product_brand?post=4580"},{"taxonomy":"product_cat","embeddable":true,"href":"https:\/\/redilkids.com\/en\/wp-json\/wp\/v2\/product_cat?post=4580"},{"taxonomy":"product_tag","embeddable":true,"href":"https:\/\/redilkids.com\/en\/wp-json\/wp\/v2\/product_tag?post=4580"}],"curies":[{"name":"wp","href":"https:\/\/api.w.org\/{rel}","templated":true}]}}