
{"id":4761,"date":"2022-01-22T11:49:55","date_gmt":"2022-01-22T16:49:55","guid":{"rendered":"https:\/\/redilkids.com\/?post_type=product&#038;p=4761"},"modified":"2026-02-11T11:35:12","modified_gmt":"2026-02-11T16:35:12","slug":"curso-online-el-intercesor-y-la-dimension-del-secreto","status":"publish","type":"product","link":"https:\/\/redilkids.com\/en\/product\/curso-online-el-intercesor-y-la-dimension-del-secreto\/","title":{"rendered":"Curso Online \u201cEl intercesor y la dimensi\u00f3n del Secreto\u201d"},"content":{"rendered":"<p style=\"font-weight: 400;\">Bienvenido a Redil Kids, un espacio dise\u00f1ado especialmente para ti. Si eres de aquellos ni\u00f1os que les gusta descubrir tesoros escondidos y conocer lenguajes secretos, este entrenamiento es perfecto para ti. En el curso\u00a0<strong>\u201cEl intercesor y la dimensi\u00f3n del Secreto\u201d,\u00a0<\/strong>juntos vamos a aprender, conocer y descubrir aquellos lugares secretos que el Padre Celestial ha preparado para sus hijos. Lugares en d\u00f3nde podremos entender m\u00e1s de su Palabra, del plan que \u00c9l ha preparado para cada uno de nosotros y de las herramientas que han sido dise\u00f1adas para que t\u00fa y yo podamos utilizar cada d\u00eda de nuestra vida y as\u00ed ser instrumentos poderosos en las manos del Padre Celestial.<\/p>\n<p style=\"font-weight: 400;\">Este es un entrenamiento dise\u00f1ado para ni\u00f1os y ni\u00f1as entre 6 a 12 a\u00f1os, en el cual vas a recibir:<\/p>\n<p style=\"font-weight: 400;\">Un panel de estudiante, l\u00e1minas, videos, pizarra digital y una master class semanal en la que podr\u00e1s compartir con tu maestra y otros amigos todo lo que aprendes y lo que tienes para compartir con otros.<\/p>\n<p style=\"font-weight: 400;\">Te esperamos, para aprender, jugar y sobre todo conocer m\u00e1s de nuestro Padre Celestial, de su hijo Yahsh\u00faa y del precioso Ruaj HaKodesh.<\/p>\n<p style=\"font-weight: 400;\">Nos vemos pronto.<\/p>\n<p style=\"font-weight: 400;\">Bendiciones<\/p>\n<div id=\"D235172B_5E45_6E47_27A2_E5463AB478A5\"><\/div>","protected":false},"excerpt":{"rendered":"<p>&nbsp;<\/p>\n<div id=\"D235172B_5E45_6E47_27A2_E5463AB478A5\"><\/div>","protected":false},"featured_media":4762,"comment_status":"open","ping_status":"closed","template":"","meta":{"_eb_attr":"","telegram_tosend":false,"telegram_tosend_message":"","telegram_tosend_target":0,"site-sidebar-layout":"default","site-content-layout":"","ast-site-content-layout":"default","site-content-style":"default","site-sidebar-style":"default","ast-global-header-display":"","ast-banner-title-visibility":"","ast-main-header-display":"","ast-hfb-above-header-display":"","ast-hfb-below-header-display":"","ast-hfb-mobile-header-display":"","site-post-title":"","ast-breadcrumbs-content":"","ast-featured-img":"","footer-sml-layout":"","ast-disable-related-posts":"","theme-transparent-header-meta":"","adv-header-id-meta":"","stick-header-meta":"","header-above-stick-meta":"","header-main-stick-meta":"","header-below-stick-meta":"","astra-migrate-meta-layouts":"default","ast-page-background-enabled":"default","ast-page-background-meta":{"desktop":{"background-color":"var(--ast-global-color-4)","background-image":"","background-repeat":"repeat","background-position":"center center","background-size":"auto","background-attachment":"scroll","background-type":"","background-media":"","overlay-type":"","overlay-color":"","overlay-opacity":"","overlay-gradient":""},"tablet":{"background-color":"","background-image":"","background-repeat":"repeat","background-position":"center center","background-size":"auto","background-attachment":"scroll","background-type":"","background-media":"","overlay-type":"","overlay-color":"","overlay-opacity":"","overlay-gradient":""},"mobile":{"background-color":"","background-image":"","background-repeat":"repeat","background-position":"center center","background-size":"auto","background-attachment":"scroll","background-type":"","background-media":"","overlay-type":"","overlay-color":"","overlay-opacity":"","overlay-gradient":""}},"ast-content-background-meta":{"desktop":{"background-color":"var(--ast-global-color-5)","background-image":"","background-repeat":"repeat","background-position":"center center","background-size":"auto","background-attachment":"scroll","background-type":"","background-media":"","overlay-type":"","overlay-color":"","overlay-opacity":"","overlay-gradient":""},"tablet":{"background-color":"var(--ast-global-color-5)","background-image":"","background-repeat":"repeat","background-position":"center center","background-size":"auto","background-attachment":"scroll","background-type":"","background-media":"","overlay-type":"","overlay-color":"","overlay-opacity":"","overlay-gradient":""},"mobile":{"background-color":"var(--ast-global-color-5)","background-image":"","background-repeat":"repeat","background-position":"center center","background-size":"auto","background-attachment":"scroll","background-type":"","background-media":"","overlay-type":"","overlay-color":"","overlay-opacity":"","overlay-gradient":""}}},"product_brand":[],"product_cat":[46],"product_tag":[],"class_list":{"0":"post-4761","1":"product","2":"type-product","3":"status-publish","4":"has-post-thumbnail","6":"product_cat-sin-categorizar","7":"desktop-align-left","8":"tablet-align-left","9":"mobile-align-left","10":"ast-product-gallery-layout-horizontal-slider","11":"ast-product-gallery-with-no-image","12":"ast-magnify-disabled","13":"ast-product-tabs-layout-horizontal","15":"first","16":"instock","17":"virtual","18":"sold-individually","19":"purchasable","20":"product-type-simple"},"wooqr_code":"","yoast_head":"<!-- This site is optimized with the Yoast SEO plugin v27.1.1 - https:\/\/yoast.com\/product\/yoast-seo-wordpress\/ -->\n<title>Curso Online \u201cEl intercesor y la dimensi\u00f3n del Secreto\u201d - Redil Kids<\/title>\n<meta name=\"robots\" content=\"index, follow, max-snippet:-1, max-image-preview:large, max-video-preview:-1\" \/>\n<link rel=\"canonical\" href=\"https:\/\/redilkids.com\/en\/product\/curso-online-el-intercesor-y-la-dimension-del-secreto\/\" \/>\n<meta property=\"og:locale\" content=\"en_US\" \/>\n<meta property=\"og:type\" content=\"article\" \/>\n<meta property=\"og:title\" content=\"Curso Online \u201cEl intercesor y la dimensi\u00f3n del Secreto\u201d - Redil Kids\" \/>\n<meta property=\"og:description\" content=\"&nbsp;\" \/>\n<meta property=\"og:url\" content=\"https:\/\/redilkids.com\/en\/product\/curso-online-el-intercesor-y-la-dimension-del-secreto\/\" \/>\n<meta property=\"og:site_name\" content=\"Redil Kids\" \/>\n<meta property=\"article:publisher\" content=\"https:\/\/www.instagram.com\/redil_kids\/\" \/>\n<meta property=\"article:modified_time\" content=\"2026-02-11T16:35:12+00:00\" \/>\n<meta property=\"og:image\" content=\"https:\/\/mlgijrmlgepy.i.optimole.com\/w:auto\/h:auto\/q:mauto\/ig:avif\/https:\/\/redilkids.com\/wp-content\/uploads\/2022\/01\/IMAGEN-CURSO-ninos.jpg\" \/>\n\t<meta property=\"og:image:width\" content=\"800\" \/>\n\t<meta property=\"og:image:height\" content=\"800\" \/>\n\t<meta property=\"og:image:type\" content=\"image\/jpeg\" \/>\n<meta name=\"twitter:card\" content=\"summary_large_image\" \/>\n<meta name=\"twitter:label1\" content=\"Est. reading time\" \/>\n\t<meta name=\"twitter:data1\" content=\"1 minute\" \/>\n<script type=\"application\/ld+json\" class=\"yoast-schema-graph\">{\"@context\":\"https:\/\/schema.org\",\"@graph\":[{\"@type\":\"WebPage\",\"@id\":\"https:\/\/redilkids.com\/producto\/curso-online-el-intercesor-y-la-dimension-del-secreto\/\",\"url\":\"https:\/\/redilkids.com\/producto\/curso-online-el-intercesor-y-la-dimension-del-secreto\/\",\"name\":\"Curso Online \u201cEl intercesor y la dimensi\u00f3n del Secreto\u201d - Redil Kids\",\"isPartOf\":{\"@id\":\"https:\/\/redilkids.com\/#website\"},\"primaryImageOfPage\":{\"@id\":\"https:\/\/redilkids.com\/producto\/curso-online-el-intercesor-y-la-dimension-del-secreto\/#primaryimage\"},\"image\":{\"@id\":\"https:\/\/redilkids.com\/producto\/curso-online-el-intercesor-y-la-dimension-del-secreto\/#primaryimage\"},\"thumbnailUrl\":\"https:\/\/mlgijrmlgepy.i.optimole.com\/w:auto\/h:auto\/q:mauto\/ig:avif\/https:\/\/redilkids.com\/wp-content\/uploads\/2022\/01\/IMAGEN-CURSO-ninos.jpg\",\"datePublished\":\"2022-01-22T16:49:55+00:00\",\"dateModified\":\"2026-02-11T16:35:12+00:00\",\"breadcrumb\":{\"@id\":\"https:\/\/redilkids.com\/producto\/curso-online-el-intercesor-y-la-dimension-del-secreto\/#breadcrumb\"},\"inLanguage\":\"en-US\",\"potentialAction\":[{\"@type\":\"ReadAction\",\"target\":[\"https:\/\/redilkids.com\/producto\/curso-online-el-intercesor-y-la-dimension-del-secreto\/\"]}]},{\"@type\":\"ImageObject\",\"inLanguage\":\"en-US\",\"@id\":\"https:\/\/redilkids.com\/producto\/curso-online-el-intercesor-y-la-dimension-del-secreto\/#primaryimage\",\"url\":\"https:\/\/mlgijrmlgepy.i.optimole.com\/w:auto\/h:auto\/q:mauto\/ig:avif\/https:\/\/redilkids.com\/wp-content\/uploads\/2022\/01\/IMAGEN-CURSO-ninos.jpg\",\"contentUrl\":\"https:\/\/mlgijrmlgepy.i.optimole.com\/w:auto\/h:auto\/q:mauto\/ig:avif\/https:\/\/redilkids.com\/wp-content\/uploads\/2022\/01\/IMAGEN-CURSO-ninos.jpg\",\"width\":800,\"height\":800},{\"@type\":\"BreadcrumbList\",\"@id\":\"https:\/\/redilkids.com\/producto\/curso-online-el-intercesor-y-la-dimension-del-secreto\/#breadcrumb\",\"itemListElement\":[{\"@type\":\"ListItem\",\"position\":1,\"name\":\"Portada\",\"item\":\"https:\/\/redilkids.com\/\"},{\"@type\":\"ListItem\",\"position\":2,\"name\":\"Tienda\",\"item\":\"https:\/\/redilkids.com\/?page_id=2589\"},{\"@type\":\"ListItem\",\"position\":3,\"name\":\"Curso Online \u201cEl intercesor y la dimensi\u00f3n del Secreto\u201d\"}]},{\"@type\":\"WebSite\",\"@id\":\"https:\/\/redilkids.com\/#website\",\"url\":\"https:\/\/redilkids.com\/\",\"name\":\"Redil Kids\",\"description\":\"www.redilglobal.org\",\"publisher\":{\"@id\":\"https:\/\/redilkids.com\/#organization\"},\"alternateName\":\"RK\",\"potentialAction\":[{\"@type\":\"SearchAction\",\"target\":{\"@type\":\"EntryPoint\",\"urlTemplate\":\"https:\/\/redilkids.com\/?s={search_term_string}\"},\"query-input\":{\"@type\":\"PropertyValueSpecification\",\"valueRequired\":true,\"valueName\":\"search_term_string\"}}],\"inLanguage\":\"en-US\"},{\"@type\":\"Organization\",\"@id\":\"https:\/\/redilkids.com\/#organization\",\"name\":\"Redil Kids\",\"url\":\"https:\/\/redilkids.com\/\",\"logo\":{\"@type\":\"ImageObject\",\"inLanguage\":\"en-US\",\"@id\":\"https:\/\/redilkids.com\/#\/schema\/logo\/image\/\",\"url\":\"https:\/\/mlgijrmlgepy.i.optimole.com\/w:auto\/h:auto\/q:mauto\/ig:avif\/https:\/\/redilkids.com\/wp-content\/uploads\/2021\/05\/cropped-cropped-logo-e1627330135484.png\",\"contentUrl\":\"https:\/\/mlgijrmlgepy.i.optimole.com\/w:auto\/h:auto\/q:mauto\/ig:avif\/https:\/\/redilkids.com\/wp-content\/uploads\/2021\/05\/cropped-cropped-logo-e1627330135484.png\",\"width\":512,\"height\":408,\"caption\":\"Redil Kids\"},\"image\":{\"@id\":\"https:\/\/redilkids.com\/#\/schema\/logo\/image\/\"},\"sameAs\":[\"https:\/\/www.instagram.com\/redil_kids\/\"]}]}<\/script>\n<!-- \/ Yoast SEO plugin. -->","yoast_head_json":{"title":"Curso Online \u201cEl intercesor y la dimensi\u00f3n del Secreto\u201d - Redil Kids","robots":{"index":"index","follow":"follow","max-snippet":"max-snippet:-1","max-image-preview":"max-image-preview:large","max-video-preview":"max-video-preview:-1"},"canonical":"https:\/\/redilkids.com\/en\/product\/curso-online-el-intercesor-y-la-dimension-del-secreto\/","og_locale":"en_US","og_type":"article","og_title":"Curso Online \u201cEl intercesor y la dimensi\u00f3n del Secreto\u201d - Redil Kids","og_description":"&nbsp;","og_url":"https:\/\/redilkids.com\/en\/product\/curso-online-el-intercesor-y-la-dimension-del-secreto\/","og_site_name":"Redil Kids","article_publisher":"https:\/\/www.instagram.com\/redil_kids\/","article_modified_time":"2026-02-11T16:35:12+00:00","og_image":[{"width":800,"height":800,"url":"https:\/\/mlgijrmlgepy.i.optimole.com\/w:auto\/h:auto\/q:mauto\/ig:avif\/https:\/\/redilkids.com\/wp-content\/uploads\/2022\/01\/IMAGEN-CURSO-ninos.jpg","type":"image\/jpeg"}],"twitter_card":"summary_large_image","twitter_misc":{"Est. reading time":"1 minute"},"schema":{"@context":"https:\/\/schema.org","@graph":[{"@type":"WebPage","@id":"https:\/\/redilkids.com\/producto\/curso-online-el-intercesor-y-la-dimension-del-secreto\/","url":"https:\/\/redilkids.com\/producto\/curso-online-el-intercesor-y-la-dimension-del-secreto\/","name":"Curso Online \u201cEl intercesor y la dimensi\u00f3n del Secreto\u201d - Redil Kids","isPartOf":{"@id":"https:\/\/redilkids.com\/#website"},"primaryImageOfPage":{"@id":"https:\/\/redilkids.com\/producto\/curso-online-el-intercesor-y-la-dimension-del-secreto\/#primaryimage"},"image":{"@id":"https:\/\/redilkids.com\/producto\/curso-online-el-intercesor-y-la-dimension-del-secreto\/#primaryimage"},"thumbnailUrl":"https:\/\/mlgijrmlgepy.i.optimole.com\/w:auto\/h:auto\/q:mauto\/ig:avif\/https:\/\/redilkids.com\/wp-content\/uploads\/2022\/01\/IMAGEN-CURSO-ninos.jpg","datePublished":"2022-01-22T16:49:55+00:00","dateModified":"2026-02-11T16:35:12+00:00","breadcrumb":{"@id":"https:\/\/redilkids.com\/producto\/curso-online-el-intercesor-y-la-dimension-del-secreto\/#breadcrumb"},"inLanguage":"en-US","potentialAction":[{"@type":"ReadAction","target":["https:\/\/redilkids.com\/producto\/curso-online-el-intercesor-y-la-dimension-del-secreto\/"]}]},{"@type":"ImageObject","inLanguage":"en-US","@id":"https:\/\/redilkids.com\/producto\/curso-online-el-intercesor-y-la-dimension-del-secreto\/#primaryimage","url":"https:\/\/mlgijrmlgepy.i.optimole.com\/w:auto\/h:auto\/q:mauto\/ig:avif\/https:\/\/redilkids.com\/wp-content\/uploads\/2022\/01\/IMAGEN-CURSO-ninos.jpg","contentUrl":"https:\/\/mlgijrmlgepy.i.optimole.com\/w:auto\/h:auto\/q:mauto\/ig:avif\/https:\/\/redilkids.com\/wp-content\/uploads\/2022\/01\/IMAGEN-CURSO-ninos.jpg","width":800,"height":800},{"@type":"BreadcrumbList","@id":"https:\/\/redilkids.com\/producto\/curso-online-el-intercesor-y-la-dimension-del-secreto\/#breadcrumb","itemListElement":[{"@type":"ListItem","position":1,"name":"Portada","item":"https:\/\/redilkids.com\/"},{"@type":"ListItem","position":2,"name":"Tienda","item":"https:\/\/redilkids.com\/?page_id=2589"},{"@type":"ListItem","position":3,"name":"Curso Online \u201cEl intercesor y la dimensi\u00f3n del Secreto\u201d"}]},{"@type":"WebSite","@id":"https:\/\/redilkids.com\/#website","url":"https:\/\/redilkids.com\/","name":"Redil Kids","description":"www.redilglobal.org","publisher":{"@id":"https:\/\/redilkids.com\/#organization"},"alternateName":"RK","potentialAction":[{"@type":"SearchAction","target":{"@type":"EntryPoint","urlTemplate":"https:\/\/redilkids.com\/?s={search_term_string}"},"query-input":{"@type":"PropertyValueSpecification","valueRequired":true,"valueName":"search_term_string"}}],"inLanguage":"en-US"},{"@type":"Organization","@id":"https:\/\/redilkids.com\/#organization","name":"Redil Kids","url":"https:\/\/redilkids.com\/","logo":{"@type":"ImageObject","inLanguage":"en-US","@id":"https:\/\/redilkids.com\/#\/schema\/logo\/image\/","url":"https:\/\/mlgijrmlgepy.i.optimole.com\/w:auto\/h:auto\/q:mauto\/ig:avif\/https:\/\/redilkids.com\/wp-content\/uploads\/2021\/05\/cropped-cropped-logo-e1627330135484.png","contentUrl":"https:\/\/mlgijrmlgepy.i.optimole.com\/w:auto\/h:auto\/q:mauto\/ig:avif\/https:\/\/redilkids.com\/wp-content\/uploads\/2021\/05\/cropped-cropped-logo-e1627330135484.png","width":512,"height":408,"caption":"Redil Kids"},"image":{"@id":"https:\/\/redilkids.com\/#\/schema\/logo\/image\/"},"sameAs":["https:\/\/www.instagram.com\/redil_kids\/"]}]}},"_links":{"self":[{"href":"https:\/\/redilkids.com\/en\/wp-json\/wp\/v2\/product\/4761","targetHints":{"allow":["GET"]}}],"collection":[{"href":"https:\/\/redilkids.com\/en\/wp-json\/wp\/v2\/product"}],"about":[{"href":"https:\/\/redilkids.com\/en\/wp-json\/wp\/v2\/types\/product"}],"replies":[{"embeddable":true,"href":"https:\/\/redilkids.com\/en\/wp-json\/wp\/v2\/comments?post=4761"}],"version-history":[{"count":1,"href":"https:\/\/redilkids.com\/en\/wp-json\/wp\/v2\/product\/4761\/revisions"}],"predecessor-version":[{"id":11334,"href":"https:\/\/redilkids.com\/en\/wp-json\/wp\/v2\/product\/4761\/revisions\/11334"}],"wp:featuredmedia":[{"embeddable":true,"href":"https:\/\/redilkids.com\/en\/wp-json\/wp\/v2\/media\/4762"}],"wp:attachment":[{"href":"https:\/\/redilkids.com\/en\/wp-json\/wp\/v2\/media?parent=4761"}],"wp:term":[{"taxonomy":"product_brand","embeddable":true,"href":"https:\/\/redilkids.com\/en\/wp-json\/wp\/v2\/product_brand?post=4761"},{"taxonomy":"product_cat","embeddable":true,"href":"https:\/\/redilkids.com\/en\/wp-json\/wp\/v2\/product_cat?post=4761"},{"taxonomy":"product_tag","embeddable":true,"href":"https:\/\/redilkids.com\/en\/wp-json\/wp\/v2\/product_tag?post=4761"}],"curies":[{"name":"wp","href":"https:\/\/api.w.org\/{rel}","templated":true}]}}