
{"id":5696,"date":"2022-04-25T10:03:43","date_gmt":"2022-04-25T15:03:43","guid":{"rendered":"https:\/\/redilkids.com\/?post_type=product&#038;p=5696"},"modified":"2026-02-11T11:34:53","modified_gmt":"2026-02-11T16:34:53","slug":"curso-online-entendiendo-el-pacto-con-yahshua","status":"publish","type":"product","link":"https:\/\/redilkids.com\/en\/product\/curso-online-entendiendo-el-pacto-con-yahshua\/","title":{"rendered":"Curso\u00a0Online\u00a0\u201cEntendiendo el Pacto con Yahshua\u201d"},"content":{"rendered":"<p>Hola peque\u00f1o, a trav\u00e9s de este curso vas a entender el pacto que Yahsh\u00faa ha establecido contigo y con todos aquellos que le hemos recibido en nuestro coraz\u00f3n.<br \/>\nEn estas cuatro semanas, vamos a saber el significado de la palabra pacto y por qu\u00e9 es tan importante para nuestras vidas como ciudadanos del Reino celestial. Adem\u00e1s, conocer\u00e1s que a trav\u00e9s del pacto de Yahsh\u00faa, t\u00fa te transformas en un hijo del Reino y como tal, tienes derechos, pero tambi\u00e9n tienes deberes que cumplir.<br \/>\nMientras aprendes, ser\u00e1s despertado, lleno de gozo, afirmado en identidad, asegurado en tu prop\u00f3sito y sobre todo descubrir\u00e1s la importancia de tu redenci\u00f3n!!!<br \/>\nSer\u00e1s levantado como un poderoso Intercesor Prof\u00e9tico que anuncia, manifiesta y establece el Reino de los Cielos aqu\u00ed en la tierra. Este curso esta dise\u00f1ado para ni\u00f1os de 6 a 12 a\u00f1os.<\/p>\n<p>\u00a1\u00a1\u00a1Te esperamos!!!<br \/>\n<ins datetime=\"2024-09-24T01:36:54+00:00\"><\/ins><\/p>","protected":false},"excerpt":{"rendered":"<p><em><\/p>\n<p><strong>POR TAN SOLO UNA OFRENDA DE 1 DOLAR EN ADELANTE O LA SEMILLA FINANCIAERA QUE EL PADRE CELESTIAL COLOQUE EN TU CORAZO<\/strong><\/em><\/p>","protected":false},"featured_media":5717,"comment_status":"open","ping_status":"closed","template":"","meta":{"_eb_attr":"","telegram_tosend":false,"telegram_tosend_message":"","telegram_tosend_target":0,"site-sidebar-layout":"default","site-content-layout":"","ast-site-content-layout":"default","site-content-style":"default","site-sidebar-style":"default","ast-global-header-display":"","ast-banner-title-visibility":"","ast-main-header-display":"","ast-hfb-above-header-display":"","ast-hfb-below-header-display":"","ast-hfb-mobile-header-display":"","site-post-title":"","ast-breadcrumbs-content":"","ast-featured-img":"","footer-sml-layout":"","ast-disable-related-posts":"","theme-transparent-header-meta":"default","adv-header-id-meta":"","stick-header-meta":"default","header-above-stick-meta":"","header-main-stick-meta":"","header-below-stick-meta":"","astra-migrate-meta-layouts":"set","ast-page-background-enabled":"default","ast-page-background-meta":{"desktop":{"background-color":"var(--ast-global-color-4)","background-image":"","background-repeat":"repeat","background-position":"center center","background-size":"auto","background-attachment":"scroll","background-type":"","background-media":"","overlay-type":"","overlay-color":"","overlay-opacity":"","overlay-gradient":""},"tablet":{"background-color":"","background-image":"","background-repeat":"repeat","background-position":"center center","background-size":"auto","background-attachment":"scroll","background-type":"","background-media":"","overlay-type":"","overlay-color":"","overlay-opacity":"","overlay-gradient":""},"mobile":{"background-color":"","background-image":"","background-repeat":"repeat","background-position":"center center","background-size":"auto","background-attachment":"scroll","background-type":"","background-media":"","overlay-type":"","overlay-color":"","overlay-opacity":"","overlay-gradient":""}},"ast-content-background-meta":{"desktop":{"background-color":"var(--ast-global-color-5)","background-image":"","background-repeat":"repeat","background-position":"center center","background-size":"auto","background-attachment":"scroll","background-type":"","background-media":"","overlay-type":"","overlay-color":"","overlay-opacity":"","overlay-gradient":""},"tablet":{"background-color":"var(--ast-global-color-5)","background-image":"","background-repeat":"repeat","background-position":"center center","background-size":"auto","background-attachment":"scroll","background-type":"","background-media":"","overlay-type":"","overlay-color":"","overlay-opacity":"","overlay-gradient":""},"mobile":{"background-color":"var(--ast-global-color-5)","background-image":"","background-repeat":"repeat","background-position":"center center","background-size":"auto","background-attachment":"scroll","background-type":"","background-media":"","overlay-type":"","overlay-color":"","overlay-opacity":"","overlay-gradient":""}}},"product_brand":[],"product_cat":[46],"product_tag":[],"class_list":{"0":"post-5696","1":"product","2":"type-product","3":"status-publish","4":"has-post-thumbnail","6":"product_cat-sin-categorizar","7":"desktop-align-left","8":"tablet-align-left","9":"mobile-align-left","10":"ast-product-gallery-layout-horizontal-slider","11":"ast-product-gallery-with-no-image","12":"ast-magnify-disabled","13":"ast-product-tabs-layout-horizontal","15":"first","16":"instock","17":"virtual","18":"sold-individually","19":"purchasable","20":"product-type-simple"},"wooqr_code":"","yoast_head":"<!-- This site is optimized with the Yoast SEO plugin v27.1.1 - https:\/\/yoast.com\/product\/yoast-seo-wordpress\/ -->\n<title>Curso\u00a0Online\u00a0\u201cEntendiendo el Pacto con Yahshua\u201d - Redil Kids<\/title>\n<meta name=\"robots\" content=\"index, follow, max-snippet:-1, max-image-preview:large, max-video-preview:-1\" \/>\n<link rel=\"canonical\" href=\"https:\/\/redilkids.com\/en\/product\/curso-online-entendiendo-el-pacto-con-yahshua\/\" \/>\n<meta property=\"og:locale\" content=\"en_US\" \/>\n<meta property=\"og:type\" content=\"article\" \/>\n<meta property=\"og:title\" content=\"Curso\u00a0Online\u00a0\u201cEntendiendo el Pacto con Yahshua\u201d - Redil Kids\" \/>\n<meta property=\"og:description\" content=\"POR TAN SOLO UNA OFRENDA DE 1 DOLAR EN ADELANTE O LA SEMILLA FINANCIAERA QUE EL PADRE CELESTIAL COLOQUE EN TU CORAZO\" \/>\n<meta property=\"og:url\" content=\"https:\/\/redilkids.com\/en\/product\/curso-online-entendiendo-el-pacto-con-yahshua\/\" \/>\n<meta property=\"og:site_name\" content=\"Redil Kids\" \/>\n<meta property=\"article:publisher\" content=\"https:\/\/www.instagram.com\/redil_kids\/\" \/>\n<meta property=\"article:modified_time\" content=\"2026-02-11T16:34:53+00:00\" \/>\n<meta property=\"og:image\" content=\"https:\/\/mlgijrmlgepy.i.optimole.com\/w:auto\/h:auto\/q:mauto\/ig:avif\/https:\/\/redilkids.com\/wp-content\/uploads\/2022\/04\/IMAGEN-NINOS-Entendiendo-el-Pacto-con-Yahshua.png\" \/>\n\t<meta property=\"og:image:width\" content=\"940\" \/>\n\t<meta property=\"og:image:height\" content=\"788\" \/>\n\t<meta property=\"og:image:type\" content=\"image\/png\" \/>\n<meta name=\"twitter:card\" content=\"summary_large_image\" \/>\n<meta name=\"twitter:label1\" content=\"Est. reading time\" \/>\n\t<meta name=\"twitter:data1\" content=\"1 minute\" \/>\n<script type=\"application\/ld+json\" class=\"yoast-schema-graph\">{\"@context\":\"https:\/\/schema.org\",\"@graph\":[{\"@type\":\"WebPage\",\"@id\":\"https:\/\/redilkids.com\/producto\/curso-online-entendiendo-el-pacto-con-yahshua\/\",\"url\":\"https:\/\/redilkids.com\/producto\/curso-online-entendiendo-el-pacto-con-yahshua\/\",\"name\":\"Curso\u00a0Online\u00a0\u201cEntendiendo el Pacto con Yahshua\u201d - Redil Kids\",\"isPartOf\":{\"@id\":\"https:\/\/redilkids.com\/#website\"},\"primaryImageOfPage\":{\"@id\":\"https:\/\/redilkids.com\/producto\/curso-online-entendiendo-el-pacto-con-yahshua\/#primaryimage\"},\"image\":{\"@id\":\"https:\/\/redilkids.com\/producto\/curso-online-entendiendo-el-pacto-con-yahshua\/#primaryimage\"},\"thumbnailUrl\":\"https:\/\/mlgijrmlgepy.i.optimole.com\/w:auto\/h:auto\/q:mauto\/ig:avif\/https:\/\/redilkids.com\/wp-content\/uploads\/2022\/04\/IMAGEN-NINOS-Entendiendo-el-Pacto-con-Yahshua.png\",\"datePublished\":\"2022-04-25T15:03:43+00:00\",\"dateModified\":\"2026-02-11T16:34:53+00:00\",\"breadcrumb\":{\"@id\":\"https:\/\/redilkids.com\/producto\/curso-online-entendiendo-el-pacto-con-yahshua\/#breadcrumb\"},\"inLanguage\":\"en-US\",\"potentialAction\":[{\"@type\":\"ReadAction\",\"target\":[\"https:\/\/redilkids.com\/producto\/curso-online-entendiendo-el-pacto-con-yahshua\/\"]}]},{\"@type\":\"ImageObject\",\"inLanguage\":\"en-US\",\"@id\":\"https:\/\/redilkids.com\/producto\/curso-online-entendiendo-el-pacto-con-yahshua\/#primaryimage\",\"url\":\"https:\/\/mlgijrmlgepy.i.optimole.com\/w:auto\/h:auto\/q:mauto\/ig:avif\/https:\/\/redilkids.com\/wp-content\/uploads\/2022\/04\/IMAGEN-NINOS-Entendiendo-el-Pacto-con-Yahshua.png\",\"contentUrl\":\"https:\/\/mlgijrmlgepy.i.optimole.com\/w:auto\/h:auto\/q:mauto\/ig:avif\/https:\/\/redilkids.com\/wp-content\/uploads\/2022\/04\/IMAGEN-NINOS-Entendiendo-el-Pacto-con-Yahshua.png\",\"width\":940,\"height\":788},{\"@type\":\"BreadcrumbList\",\"@id\":\"https:\/\/redilkids.com\/producto\/curso-online-entendiendo-el-pacto-con-yahshua\/#breadcrumb\",\"itemListElement\":[{\"@type\":\"ListItem\",\"position\":1,\"name\":\"Portada\",\"item\":\"https:\/\/redilkids.com\/\"},{\"@type\":\"ListItem\",\"position\":2,\"name\":\"Tienda\",\"item\":\"https:\/\/redilkids.com\/?page_id=2589\"},{\"@type\":\"ListItem\",\"position\":3,\"name\":\"Curso\u00a0Online\u00a0\u201cEntendiendo el Pacto con Yahshua\u201d\"}]},{\"@type\":\"WebSite\",\"@id\":\"https:\/\/redilkids.com\/#website\",\"url\":\"https:\/\/redilkids.com\/\",\"name\":\"Redil Kids\",\"description\":\"www.redilglobal.org\",\"publisher\":{\"@id\":\"https:\/\/redilkids.com\/#organization\"},\"alternateName\":\"RK\",\"potentialAction\":[{\"@type\":\"SearchAction\",\"target\":{\"@type\":\"EntryPoint\",\"urlTemplate\":\"https:\/\/redilkids.com\/?s={search_term_string}\"},\"query-input\":{\"@type\":\"PropertyValueSpecification\",\"valueRequired\":true,\"valueName\":\"search_term_string\"}}],\"inLanguage\":\"en-US\"},{\"@type\":\"Organization\",\"@id\":\"https:\/\/redilkids.com\/#organization\",\"name\":\"Redil Kids\",\"url\":\"https:\/\/redilkids.com\/\",\"logo\":{\"@type\":\"ImageObject\",\"inLanguage\":\"en-US\",\"@id\":\"https:\/\/redilkids.com\/#\/schema\/logo\/image\/\",\"url\":\"https:\/\/mlgijrmlgepy.i.optimole.com\/w:auto\/h:auto\/q:mauto\/ig:avif\/https:\/\/redilkids.com\/wp-content\/uploads\/2021\/05\/cropped-cropped-logo-e1627330135484.png\",\"contentUrl\":\"https:\/\/mlgijrmlgepy.i.optimole.com\/w:auto\/h:auto\/q:mauto\/ig:avif\/https:\/\/redilkids.com\/wp-content\/uploads\/2021\/05\/cropped-cropped-logo-e1627330135484.png\",\"width\":512,\"height\":408,\"caption\":\"Redil Kids\"},\"image\":{\"@id\":\"https:\/\/redilkids.com\/#\/schema\/logo\/image\/\"},\"sameAs\":[\"https:\/\/www.instagram.com\/redil_kids\/\"]}]}<\/script>\n<!-- \/ Yoast SEO plugin. -->","yoast_head_json":{"title":"Curso\u00a0Online\u00a0\u201cEntendiendo el Pacto con Yahshua\u201d - Redil Kids","robots":{"index":"index","follow":"follow","max-snippet":"max-snippet:-1","max-image-preview":"max-image-preview:large","max-video-preview":"max-video-preview:-1"},"canonical":"https:\/\/redilkids.com\/en\/product\/curso-online-entendiendo-el-pacto-con-yahshua\/","og_locale":"en_US","og_type":"article","og_title":"Curso\u00a0Online\u00a0\u201cEntendiendo el Pacto con Yahshua\u201d - Redil Kids","og_description":"POR TAN SOLO UNA OFRENDA DE 1 DOLAR EN ADELANTE O LA SEMILLA FINANCIAERA QUE EL PADRE CELESTIAL COLOQUE EN TU CORAZO","og_url":"https:\/\/redilkids.com\/en\/product\/curso-online-entendiendo-el-pacto-con-yahshua\/","og_site_name":"Redil Kids","article_publisher":"https:\/\/www.instagram.com\/redil_kids\/","article_modified_time":"2026-02-11T16:34:53+00:00","og_image":[{"width":940,"height":788,"url":"https:\/\/mlgijrmlgepy.i.optimole.com\/w:auto\/h:auto\/q:mauto\/ig:avif\/https:\/\/redilkids.com\/wp-content\/uploads\/2022\/04\/IMAGEN-NINOS-Entendiendo-el-Pacto-con-Yahshua.png","type":"image\/png"}],"twitter_card":"summary_large_image","twitter_misc":{"Est. reading time":"1 minute"},"schema":{"@context":"https:\/\/schema.org","@graph":[{"@type":"WebPage","@id":"https:\/\/redilkids.com\/producto\/curso-online-entendiendo-el-pacto-con-yahshua\/","url":"https:\/\/redilkids.com\/producto\/curso-online-entendiendo-el-pacto-con-yahshua\/","name":"Curso\u00a0Online\u00a0\u201cEntendiendo el Pacto con Yahshua\u201d - Redil Kids","isPartOf":{"@id":"https:\/\/redilkids.com\/#website"},"primaryImageOfPage":{"@id":"https:\/\/redilkids.com\/producto\/curso-online-entendiendo-el-pacto-con-yahshua\/#primaryimage"},"image":{"@id":"https:\/\/redilkids.com\/producto\/curso-online-entendiendo-el-pacto-con-yahshua\/#primaryimage"},"thumbnailUrl":"https:\/\/mlgijrmlgepy.i.optimole.com\/w:auto\/h:auto\/q:mauto\/ig:avif\/https:\/\/redilkids.com\/wp-content\/uploads\/2022\/04\/IMAGEN-NINOS-Entendiendo-el-Pacto-con-Yahshua.png","datePublished":"2022-04-25T15:03:43+00:00","dateModified":"2026-02-11T16:34:53+00:00","breadcrumb":{"@id":"https:\/\/redilkids.com\/producto\/curso-online-entendiendo-el-pacto-con-yahshua\/#breadcrumb"},"inLanguage":"en-US","potentialAction":[{"@type":"ReadAction","target":["https:\/\/redilkids.com\/producto\/curso-online-entendiendo-el-pacto-con-yahshua\/"]}]},{"@type":"ImageObject","inLanguage":"en-US","@id":"https:\/\/redilkids.com\/producto\/curso-online-entendiendo-el-pacto-con-yahshua\/#primaryimage","url":"https:\/\/mlgijrmlgepy.i.optimole.com\/w:auto\/h:auto\/q:mauto\/ig:avif\/https:\/\/redilkids.com\/wp-content\/uploads\/2022\/04\/IMAGEN-NINOS-Entendiendo-el-Pacto-con-Yahshua.png","contentUrl":"https:\/\/mlgijrmlgepy.i.optimole.com\/w:auto\/h:auto\/q:mauto\/ig:avif\/https:\/\/redilkids.com\/wp-content\/uploads\/2022\/04\/IMAGEN-NINOS-Entendiendo-el-Pacto-con-Yahshua.png","width":940,"height":788},{"@type":"BreadcrumbList","@id":"https:\/\/redilkids.com\/producto\/curso-online-entendiendo-el-pacto-con-yahshua\/#breadcrumb","itemListElement":[{"@type":"ListItem","position":1,"name":"Portada","item":"https:\/\/redilkids.com\/"},{"@type":"ListItem","position":2,"name":"Tienda","item":"https:\/\/redilkids.com\/?page_id=2589"},{"@type":"ListItem","position":3,"name":"Curso\u00a0Online\u00a0\u201cEntendiendo el Pacto con Yahshua\u201d"}]},{"@type":"WebSite","@id":"https:\/\/redilkids.com\/#website","url":"https:\/\/redilkids.com\/","name":"Redil Kids","description":"www.redilglobal.org","publisher":{"@id":"https:\/\/redilkids.com\/#organization"},"alternateName":"RK","potentialAction":[{"@type":"SearchAction","target":{"@type":"EntryPoint","urlTemplate":"https:\/\/redilkids.com\/?s={search_term_string}"},"query-input":{"@type":"PropertyValueSpecification","valueRequired":true,"valueName":"search_term_string"}}],"inLanguage":"en-US"},{"@type":"Organization","@id":"https:\/\/redilkids.com\/#organization","name":"Redil Kids","url":"https:\/\/redilkids.com\/","logo":{"@type":"ImageObject","inLanguage":"en-US","@id":"https:\/\/redilkids.com\/#\/schema\/logo\/image\/","url":"https:\/\/mlgijrmlgepy.i.optimole.com\/w:auto\/h:auto\/q:mauto\/ig:avif\/https:\/\/redilkids.com\/wp-content\/uploads\/2021\/05\/cropped-cropped-logo-e1627330135484.png","contentUrl":"https:\/\/mlgijrmlgepy.i.optimole.com\/w:auto\/h:auto\/q:mauto\/ig:avif\/https:\/\/redilkids.com\/wp-content\/uploads\/2021\/05\/cropped-cropped-logo-e1627330135484.png","width":512,"height":408,"caption":"Redil Kids"},"image":{"@id":"https:\/\/redilkids.com\/#\/schema\/logo\/image\/"},"sameAs":["https:\/\/www.instagram.com\/redil_kids\/"]}]}},"_links":{"self":[{"href":"https:\/\/redilkids.com\/en\/wp-json\/wp\/v2\/product\/5696","targetHints":{"allow":["GET"]}}],"collection":[{"href":"https:\/\/redilkids.com\/en\/wp-json\/wp\/v2\/product"}],"about":[{"href":"https:\/\/redilkids.com\/en\/wp-json\/wp\/v2\/types\/product"}],"replies":[{"embeddable":true,"href":"https:\/\/redilkids.com\/en\/wp-json\/wp\/v2\/comments?post=5696"}],"version-history":[{"count":6,"href":"https:\/\/redilkids.com\/en\/wp-json\/wp\/v2\/product\/5696\/revisions"}],"predecessor-version":[{"id":12645,"href":"https:\/\/redilkids.com\/en\/wp-json\/wp\/v2\/product\/5696\/revisions\/12645"}],"wp:featuredmedia":[{"embeddable":true,"href":"https:\/\/redilkids.com\/en\/wp-json\/wp\/v2\/media\/5717"}],"wp:attachment":[{"href":"https:\/\/redilkids.com\/en\/wp-json\/wp\/v2\/media?parent=5696"}],"wp:term":[{"taxonomy":"product_brand","embeddable":true,"href":"https:\/\/redilkids.com\/en\/wp-json\/wp\/v2\/product_brand?post=5696"},{"taxonomy":"product_cat","embeddable":true,"href":"https:\/\/redilkids.com\/en\/wp-json\/wp\/v2\/product_cat?post=5696"},{"taxonomy":"product_tag","embeddable":true,"href":"https:\/\/redilkids.com\/en\/wp-json\/wp\/v2\/product_tag?post=5696"}],"curies":[{"name":"wp","href":"https:\/\/api.w.org\/{rel}","templated":true}]}}