
{"id":6041,"date":"2022-07-05T14:17:49","date_gmt":"2022-07-05T19:17:49","guid":{"rendered":"https:\/\/redilkids.com\/?post_type=product&#038;p=6041"},"modified":"2026-02-11T11:34:35","modified_gmt":"2026-02-11T16:34:35","slug":"el-evangelismo-de-los-ultimos-tiempos","status":"publish","type":"product","link":"https:\/\/redilkids.com\/en\/product\/el-evangelismo-de-los-ultimos-tiempos\/","title":{"rendered":"El Evangelismo de los \u00daltimos Tiempos"},"content":{"rendered":"<p><b><span lang=\"es-419\"><span style=\"color: #; font-family: arial, sans-serif; font-size: large;\">A trav\u00e9s de este curso vas a ser preparado y entrenado para poder hablar sobre Yahsh\u00faa y su<br \/>\nReino Eterno, con tus amigos, familia, vecinos y todas las personas que necesitan conocer del<br \/>\namor del Padre Celestial.<\/span><\/span><\/b><\/p>\n<p><b><span lang=\"es-419\"><span style=\"color: #; font-family: arial, sans-serif; font-size: large;\"><br \/>\nAprender\u00e1s que para compartir el mensaje del Reino de los Cielos existen muchas maneras<br \/>\ncreativas y divertidas para hacerlo, lo importante es que siempre lo hagamos con amor, sabiendo<br \/>\nque nuestras acciones pueden hacer grandes cambios en la vida de las personas que nos rodean.<br \/>\nVen, prep\u00e1rate, comparte junto a otros ni\u00f1os de otras naciones este gran mensaje de amor y<br \/>\njuntos llenemos la tierra entera de buenas noticia!!!<\/span><\/span><\/b><\/p>\n<p><b><span lang=\"es-419\"><span style=\"color: #; font-family: arial, sans-serif; font-size: large;\"><br \/>\nPara aprender tendr\u00e1s portal web con materiales adem\u00e1s tendr\u00e1s clases virtuales una vez a la<br \/>\nsemana en el horario del d\u00eda lunes a las 5:30 de la tarde (hora Miami). Tendr\u00e1s tambi\u00e9n una<br \/>\npanel de estudiante en d\u00f3nde estar\u00e1 todo tu material educativo para que puedas imprimirlo,<br \/>\nestudiarlo y as\u00ed seguir form\u00e1ndote como un poderoso Intercesor Prof\u00e9tico.<br \/>\nTe esperamos!!!<\/span><\/span><\/b><\/p>\n<div id=\"D235172B_5E45_6E47_27A2_E5463AB478A5\"><\/div>","protected":false},"excerpt":{"rendered":"<p><strong>POR TAN SOLO UNA OFRENDA DE 5 DOLARES EN ADELANTE\u00a0 O LA SEMILLA FINANCIAERA QUE EL PADRE CELESTIAL COLOQUE EN TU CORAZON<\/strong><\/p>\n<div id=\"D235172B_5E45_6E47_27A2_E5463AB478A5\"><\/div>","protected":false},"featured_media":6039,"comment_status":"open","ping_status":"closed","template":"","meta":{"_eb_attr":"","telegram_tosend":false,"telegram_tosend_message":"","telegram_tosend_target":0,"site-sidebar-layout":"default","site-content-layout":"","ast-site-content-layout":"default","site-content-style":"default","site-sidebar-style":"default","ast-global-header-display":"","ast-banner-title-visibility":"","ast-main-header-display":"","ast-hfb-above-header-display":"","ast-hfb-below-header-display":"","ast-hfb-mobile-header-display":"","site-post-title":"","ast-breadcrumbs-content":"","ast-featured-img":"","footer-sml-layout":"","ast-disable-related-posts":"","theme-transparent-header-meta":"","adv-header-id-meta":"","stick-header-meta":"","header-above-stick-meta":"","header-main-stick-meta":"","header-below-stick-meta":"","astra-migrate-meta-layouts":"default","ast-page-background-enabled":"default","ast-page-background-meta":{"desktop":{"background-color":"var(--ast-global-color-4)","background-image":"","background-repeat":"repeat","background-position":"center center","background-size":"auto","background-attachment":"scroll","background-type":"","background-media":"","overlay-type":"","overlay-color":"","overlay-opacity":"","overlay-gradient":""},"tablet":{"background-color":"","background-image":"","background-repeat":"repeat","background-position":"center center","background-size":"auto","background-attachment":"scroll","background-type":"","background-media":"","overlay-type":"","overlay-color":"","overlay-opacity":"","overlay-gradient":""},"mobile":{"background-color":"","background-image":"","background-repeat":"repeat","background-position":"center center","background-size":"auto","background-attachment":"scroll","background-type":"","background-media":"","overlay-type":"","overlay-color":"","overlay-opacity":"","overlay-gradient":""}},"ast-content-background-meta":{"desktop":{"background-color":"var(--ast-global-color-5)","background-image":"","background-repeat":"repeat","background-position":"center center","background-size":"auto","background-attachment":"scroll","background-type":"","background-media":"","overlay-type":"","overlay-color":"","overlay-opacity":"","overlay-gradient":""},"tablet":{"background-color":"var(--ast-global-color-5)","background-image":"","background-repeat":"repeat","background-position":"center center","background-size":"auto","background-attachment":"scroll","background-type":"","background-media":"","overlay-type":"","overlay-color":"","overlay-opacity":"","overlay-gradient":""},"mobile":{"background-color":"var(--ast-global-color-5)","background-image":"","background-repeat":"repeat","background-position":"center center","background-size":"auto","background-attachment":"scroll","background-type":"","background-media":"","overlay-type":"","overlay-color":"","overlay-opacity":"","overlay-gradient":""}}},"product_brand":[],"product_cat":[46],"product_tag":[],"class_list":{"0":"post-6041","1":"product","2":"type-product","3":"status-publish","4":"has-post-thumbnail","6":"product_cat-sin-categorizar","7":"desktop-align-left","8":"tablet-align-left","9":"mobile-align-left","10":"ast-product-gallery-layout-horizontal-slider","11":"ast-product-gallery-with-no-image","12":"ast-magnify-disabled","13":"ast-product-tabs-layout-horizontal","15":"first","16":"instock","17":"virtual","18":"sold-individually","19":"purchasable","20":"product-type-simple"},"wooqr_code":"","yoast_head":"<!-- This site is optimized with the Yoast SEO plugin v27.1.1 - https:\/\/yoast.com\/product\/yoast-seo-wordpress\/ -->\n<title>El Evangelismo de los \u00daltimos Tiempos - Redil Kids<\/title>\n<meta name=\"robots\" content=\"index, follow, max-snippet:-1, max-image-preview:large, max-video-preview:-1\" \/>\n<link rel=\"canonical\" href=\"https:\/\/redilkids.com\/en\/product\/el-evangelismo-de-los-ultimos-tiempos\/\" \/>\n<meta property=\"og:locale\" content=\"en_US\" \/>\n<meta property=\"og:type\" content=\"article\" \/>\n<meta property=\"og:title\" content=\"El Evangelismo de los \u00daltimos Tiempos - Redil Kids\" \/>\n<meta property=\"og:description\" content=\"POR TAN SOLO UNA OFRENDA DE 5 DOLARES EN ADELANTE\u00a0 O LA SEMILLA FINANCIAERA QUE EL PADRE CELESTIAL COLOQUE EN TU CORAZON\" \/>\n<meta property=\"og:url\" content=\"https:\/\/redilkids.com\/en\/product\/el-evangelismo-de-los-ultimos-tiempos\/\" \/>\n<meta property=\"og:site_name\" content=\"Redil Kids\" \/>\n<meta property=\"article:publisher\" content=\"https:\/\/www.instagram.com\/redil_kids\/\" \/>\n<meta property=\"article:modified_time\" content=\"2026-02-11T16:34:35+00:00\" \/>\n<meta property=\"og:image\" content=\"https:\/\/mlgijrmlgepy.i.optimole.com\/w:auto\/h:auto\/q:mauto\/ig:avif\/https:\/\/redilkids.com\/wp-content\/uploads\/2022\/07\/IMG_20220702_202008_617.png\" \/>\n\t<meta property=\"og:image:width\" content=\"1080\" \/>\n\t<meta property=\"og:image:height\" content=\"1080\" \/>\n\t<meta property=\"og:image:type\" content=\"image\/png\" \/>\n<meta name=\"twitter:card\" content=\"summary_large_image\" \/>\n<meta name=\"twitter:label1\" content=\"Est. reading time\" \/>\n\t<meta name=\"twitter:data1\" content=\"1 minute\" \/>\n<script type=\"application\/ld+json\" class=\"yoast-schema-graph\">{\"@context\":\"https:\/\/schema.org\",\"@graph\":[{\"@type\":\"WebPage\",\"@id\":\"https:\/\/redilkids.com\/producto\/el-evangelismo-de-los-ultimos-tiempos\/\",\"url\":\"https:\/\/redilkids.com\/producto\/el-evangelismo-de-los-ultimos-tiempos\/\",\"name\":\"El Evangelismo de los \u00daltimos Tiempos - Redil Kids\",\"isPartOf\":{\"@id\":\"https:\/\/redilkids.com\/#website\"},\"primaryImageOfPage\":{\"@id\":\"https:\/\/redilkids.com\/producto\/el-evangelismo-de-los-ultimos-tiempos\/#primaryimage\"},\"image\":{\"@id\":\"https:\/\/redilkids.com\/producto\/el-evangelismo-de-los-ultimos-tiempos\/#primaryimage\"},\"thumbnailUrl\":\"https:\/\/mlgijrmlgepy.i.optimole.com\/w:auto\/h:auto\/q:mauto\/ig:avif\/https:\/\/redilkids.com\/wp-content\/uploads\/2022\/07\/IMG_20220702_202008_617.png\",\"datePublished\":\"2022-07-05T19:17:49+00:00\",\"dateModified\":\"2026-02-11T16:34:35+00:00\",\"breadcrumb\":{\"@id\":\"https:\/\/redilkids.com\/producto\/el-evangelismo-de-los-ultimos-tiempos\/#breadcrumb\"},\"inLanguage\":\"en-US\",\"potentialAction\":[{\"@type\":\"ReadAction\",\"target\":[\"https:\/\/redilkids.com\/producto\/el-evangelismo-de-los-ultimos-tiempos\/\"]}]},{\"@type\":\"ImageObject\",\"inLanguage\":\"en-US\",\"@id\":\"https:\/\/redilkids.com\/producto\/el-evangelismo-de-los-ultimos-tiempos\/#primaryimage\",\"url\":\"https:\/\/mlgijrmlgepy.i.optimole.com\/w:auto\/h:auto\/q:mauto\/ig:avif\/https:\/\/redilkids.com\/wp-content\/uploads\/2022\/07\/IMG_20220702_202008_617.png\",\"contentUrl\":\"https:\/\/mlgijrmlgepy.i.optimole.com\/w:auto\/h:auto\/q:mauto\/ig:avif\/https:\/\/redilkids.com\/wp-content\/uploads\/2022\/07\/IMG_20220702_202008_617.png\",\"width\":1080,\"height\":1080},{\"@type\":\"BreadcrumbList\",\"@id\":\"https:\/\/redilkids.com\/producto\/el-evangelismo-de-los-ultimos-tiempos\/#breadcrumb\",\"itemListElement\":[{\"@type\":\"ListItem\",\"position\":1,\"name\":\"Portada\",\"item\":\"https:\/\/redilkids.com\/\"},{\"@type\":\"ListItem\",\"position\":2,\"name\":\"Tienda\",\"item\":\"https:\/\/redilkids.com\/?page_id=2589\"},{\"@type\":\"ListItem\",\"position\":3,\"name\":\"El Evangelismo de los \u00daltimos Tiempos\"}]},{\"@type\":\"WebSite\",\"@id\":\"https:\/\/redilkids.com\/#website\",\"url\":\"https:\/\/redilkids.com\/\",\"name\":\"Redil Kids\",\"description\":\"www.redilglobal.org\",\"publisher\":{\"@id\":\"https:\/\/redilkids.com\/#organization\"},\"alternateName\":\"RK\",\"potentialAction\":[{\"@type\":\"SearchAction\",\"target\":{\"@type\":\"EntryPoint\",\"urlTemplate\":\"https:\/\/redilkids.com\/?s={search_term_string}\"},\"query-input\":{\"@type\":\"PropertyValueSpecification\",\"valueRequired\":true,\"valueName\":\"search_term_string\"}}],\"inLanguage\":\"en-US\"},{\"@type\":\"Organization\",\"@id\":\"https:\/\/redilkids.com\/#organization\",\"name\":\"Redil Kids\",\"url\":\"https:\/\/redilkids.com\/\",\"logo\":{\"@type\":\"ImageObject\",\"inLanguage\":\"en-US\",\"@id\":\"https:\/\/redilkids.com\/#\/schema\/logo\/image\/\",\"url\":\"https:\/\/mlgijrmlgepy.i.optimole.com\/w:auto\/h:auto\/q:mauto\/ig:avif\/https:\/\/redilkids.com\/wp-content\/uploads\/2021\/05\/cropped-cropped-logo-e1627330135484.png\",\"contentUrl\":\"https:\/\/mlgijrmlgepy.i.optimole.com\/w:auto\/h:auto\/q:mauto\/ig:avif\/https:\/\/redilkids.com\/wp-content\/uploads\/2021\/05\/cropped-cropped-logo-e1627330135484.png\",\"width\":512,\"height\":408,\"caption\":\"Redil Kids\"},\"image\":{\"@id\":\"https:\/\/redilkids.com\/#\/schema\/logo\/image\/\"},\"sameAs\":[\"https:\/\/www.instagram.com\/redil_kids\/\"]}]}<\/script>\n<!-- \/ Yoast SEO plugin. -->","yoast_head_json":{"title":"El Evangelismo de los \u00daltimos Tiempos - Redil Kids","robots":{"index":"index","follow":"follow","max-snippet":"max-snippet:-1","max-image-preview":"max-image-preview:large","max-video-preview":"max-video-preview:-1"},"canonical":"https:\/\/redilkids.com\/en\/product\/el-evangelismo-de-los-ultimos-tiempos\/","og_locale":"en_US","og_type":"article","og_title":"El Evangelismo de los \u00daltimos Tiempos - Redil Kids","og_description":"POR TAN SOLO UNA OFRENDA DE 5 DOLARES EN ADELANTE\u00a0 O LA SEMILLA FINANCIAERA QUE EL PADRE CELESTIAL COLOQUE EN TU CORAZON","og_url":"https:\/\/redilkids.com\/en\/product\/el-evangelismo-de-los-ultimos-tiempos\/","og_site_name":"Redil Kids","article_publisher":"https:\/\/www.instagram.com\/redil_kids\/","article_modified_time":"2026-02-11T16:34:35+00:00","og_image":[{"width":1080,"height":1080,"url":"https:\/\/mlgijrmlgepy.i.optimole.com\/w:auto\/h:auto\/q:mauto\/ig:avif\/https:\/\/redilkids.com\/wp-content\/uploads\/2022\/07\/IMG_20220702_202008_617.png","type":"image\/png"}],"twitter_card":"summary_large_image","twitter_misc":{"Est. reading time":"1 minute"},"schema":{"@context":"https:\/\/schema.org","@graph":[{"@type":"WebPage","@id":"https:\/\/redilkids.com\/producto\/el-evangelismo-de-los-ultimos-tiempos\/","url":"https:\/\/redilkids.com\/producto\/el-evangelismo-de-los-ultimos-tiempos\/","name":"El Evangelismo de los \u00daltimos Tiempos - Redil Kids","isPartOf":{"@id":"https:\/\/redilkids.com\/#website"},"primaryImageOfPage":{"@id":"https:\/\/redilkids.com\/producto\/el-evangelismo-de-los-ultimos-tiempos\/#primaryimage"},"image":{"@id":"https:\/\/redilkids.com\/producto\/el-evangelismo-de-los-ultimos-tiempos\/#primaryimage"},"thumbnailUrl":"https:\/\/mlgijrmlgepy.i.optimole.com\/w:auto\/h:auto\/q:mauto\/ig:avif\/https:\/\/redilkids.com\/wp-content\/uploads\/2022\/07\/IMG_20220702_202008_617.png","datePublished":"2022-07-05T19:17:49+00:00","dateModified":"2026-02-11T16:34:35+00:00","breadcrumb":{"@id":"https:\/\/redilkids.com\/producto\/el-evangelismo-de-los-ultimos-tiempos\/#breadcrumb"},"inLanguage":"en-US","potentialAction":[{"@type":"ReadAction","target":["https:\/\/redilkids.com\/producto\/el-evangelismo-de-los-ultimos-tiempos\/"]}]},{"@type":"ImageObject","inLanguage":"en-US","@id":"https:\/\/redilkids.com\/producto\/el-evangelismo-de-los-ultimos-tiempos\/#primaryimage","url":"https:\/\/mlgijrmlgepy.i.optimole.com\/w:auto\/h:auto\/q:mauto\/ig:avif\/https:\/\/redilkids.com\/wp-content\/uploads\/2022\/07\/IMG_20220702_202008_617.png","contentUrl":"https:\/\/mlgijrmlgepy.i.optimole.com\/w:auto\/h:auto\/q:mauto\/ig:avif\/https:\/\/redilkids.com\/wp-content\/uploads\/2022\/07\/IMG_20220702_202008_617.png","width":1080,"height":1080},{"@type":"BreadcrumbList","@id":"https:\/\/redilkids.com\/producto\/el-evangelismo-de-los-ultimos-tiempos\/#breadcrumb","itemListElement":[{"@type":"ListItem","position":1,"name":"Portada","item":"https:\/\/redilkids.com\/"},{"@type":"ListItem","position":2,"name":"Tienda","item":"https:\/\/redilkids.com\/?page_id=2589"},{"@type":"ListItem","position":3,"name":"El Evangelismo de los \u00daltimos Tiempos"}]},{"@type":"WebSite","@id":"https:\/\/redilkids.com\/#website","url":"https:\/\/redilkids.com\/","name":"Redil Kids","description":"www.redilglobal.org","publisher":{"@id":"https:\/\/redilkids.com\/#organization"},"alternateName":"RK","potentialAction":[{"@type":"SearchAction","target":{"@type":"EntryPoint","urlTemplate":"https:\/\/redilkids.com\/?s={search_term_string}"},"query-input":{"@type":"PropertyValueSpecification","valueRequired":true,"valueName":"search_term_string"}}],"inLanguage":"en-US"},{"@type":"Organization","@id":"https:\/\/redilkids.com\/#organization","name":"Redil Kids","url":"https:\/\/redilkids.com\/","logo":{"@type":"ImageObject","inLanguage":"en-US","@id":"https:\/\/redilkids.com\/#\/schema\/logo\/image\/","url":"https:\/\/mlgijrmlgepy.i.optimole.com\/w:auto\/h:auto\/q:mauto\/ig:avif\/https:\/\/redilkids.com\/wp-content\/uploads\/2021\/05\/cropped-cropped-logo-e1627330135484.png","contentUrl":"https:\/\/mlgijrmlgepy.i.optimole.com\/w:auto\/h:auto\/q:mauto\/ig:avif\/https:\/\/redilkids.com\/wp-content\/uploads\/2021\/05\/cropped-cropped-logo-e1627330135484.png","width":512,"height":408,"caption":"Redil Kids"},"image":{"@id":"https:\/\/redilkids.com\/#\/schema\/logo\/image\/"},"sameAs":["https:\/\/www.instagram.com\/redil_kids\/"]}]}},"_links":{"self":[{"href":"https:\/\/redilkids.com\/en\/wp-json\/wp\/v2\/product\/6041","targetHints":{"allow":["GET"]}}],"collection":[{"href":"https:\/\/redilkids.com\/en\/wp-json\/wp\/v2\/product"}],"about":[{"href":"https:\/\/redilkids.com\/en\/wp-json\/wp\/v2\/types\/product"}],"replies":[{"embeddable":true,"href":"https:\/\/redilkids.com\/en\/wp-json\/wp\/v2\/comments?post=6041"}],"version-history":[{"count":1,"href":"https:\/\/redilkids.com\/en\/wp-json\/wp\/v2\/product\/6041\/revisions"}],"predecessor-version":[{"id":11332,"href":"https:\/\/redilkids.com\/en\/wp-json\/wp\/v2\/product\/6041\/revisions\/11332"}],"wp:featuredmedia":[{"embeddable":true,"href":"https:\/\/redilkids.com\/en\/wp-json\/wp\/v2\/media\/6039"}],"wp:attachment":[{"href":"https:\/\/redilkids.com\/en\/wp-json\/wp\/v2\/media?parent=6041"}],"wp:term":[{"taxonomy":"product_brand","embeddable":true,"href":"https:\/\/redilkids.com\/en\/wp-json\/wp\/v2\/product_brand?post=6041"},{"taxonomy":"product_cat","embeddable":true,"href":"https:\/\/redilkids.com\/en\/wp-json\/wp\/v2\/product_cat?post=6041"},{"taxonomy":"product_tag","embeddable":true,"href":"https:\/\/redilkids.com\/en\/wp-json\/wp\/v2\/product_tag?post=6041"}],"curies":[{"name":"wp","href":"https:\/\/api.w.org\/{rel}","templated":true}]}}