
{"id":6224,"date":"2022-08-24T16:22:23","date_gmt":"2022-08-24T21:22:23","guid":{"rendered":"https:\/\/redilkids.com\/?post_type=product&#038;p=6224"},"modified":"2026-02-11T11:33:42","modified_gmt":"2026-02-11T16:33:42","slug":"taller-online-el-reloj-de-dios-2022","status":"publish","type":"product","link":"https:\/\/redilkids.com\/en\/product\/taller-online-el-reloj-de-dios-2022\/","title":{"rendered":"Taller Online \u201cEl Reloj de Dios\u201d  2023"},"content":{"rendered":"<p><strong>Fecha:<\/strong><\/p>\r\n\r\n\r\n\r\n<h4 class=\"wp-block-heading\">Viernes 9 de septiembre de 2022.<\/h4>\r\n\r\n\r\n\r\n<p><strong>Hora:<\/strong><\/p>\r\n\r\n\r\n\r\n<h4 class=\"wp-block-heading\">5:00 pm (hora Miami).<\/h4>\r\n\r\n\r\n\r\n<p>El Taller\u00a0<strong>\u201cEl Reloj de Dios y sus citas divinas\u201d<\/strong>\u00a0est\u00e1 dirigido a ni\u00f1os entre 7 y 12 a\u00f1os de edad. Tiene como prop\u00f3sito principal que los m\u00e1s peque\u00f1os de la familia puedan adentrarse en el entendimiento de las festividades b\u00edblicas para que las puedan disfrutar y tengan revelaci\u00f3n del Mes\u00edas y Su obra por ellos. A trav\u00e9s de \u00e9ste taller, los ni\u00f1os ser\u00e1n capacitados para comprender la importancia de estas citas divinas y conocer su significado prof\u00e9tico.<\/p>\r\n\r\n\r\n\r\n<p><strong>Vas a recibir:\u00b7\u00a0<\/strong><\/p>\r\n\r\n\r\n\r\n<p>Acceso al taller EN VIVO online, via ZOOM.\u00a0\u00b7\u00a0Un panel de estudios online con el material digital del taller (audios, videos y L\u00e1minas).<\/p>","protected":false},"excerpt":{"rendered":"<p>Fecha: Viernes 9 de septiembre de 2022. Hora: 5:00 pm (hora Miami). El Taller\u00a0\u201cEl Reloj de Dios y sus citas divinas\u201d\u00a0est\u00e1 dirigido a ni\u00f1os entre 7 y 12 a\u00f1os de edad. Tiene como prop\u00f3sito principal que los m\u00e1s peque\u00f1os de la familia puedan adentrarse en el entendimiento de las festividades b\u00edblicas para que las puedan [&hellip;]<\/p>\n","protected":false},"featured_media":7573,"comment_status":"open","ping_status":"closed","template":"","meta":{"_eb_attr":"","telegram_tosend":false,"telegram_tosend_message":"","telegram_tosend_target":0,"site-sidebar-layout":"default","site-content-layout":"","ast-site-content-layout":"default","site-content-style":"default","site-sidebar-style":"default","ast-global-header-display":"","ast-banner-title-visibility":"","ast-main-header-display":"","ast-hfb-above-header-display":"","ast-hfb-below-header-display":"","ast-hfb-mobile-header-display":"","site-post-title":"","ast-breadcrumbs-content":"","ast-featured-img":"","footer-sml-layout":"","ast-disable-related-posts":"","theme-transparent-header-meta":"default","adv-header-id-meta":"","stick-header-meta":"default","header-above-stick-meta":"","header-main-stick-meta":"","header-below-stick-meta":"","astra-migrate-meta-layouts":"set","ast-page-background-enabled":"default","ast-page-background-meta":{"desktop":{"background-color":"var(--ast-global-color-4)","background-image":"","background-repeat":"repeat","background-position":"center center","background-size":"auto","background-attachment":"scroll","background-type":"","background-media":"","overlay-type":"","overlay-color":"","overlay-opacity":"","overlay-gradient":""},"tablet":{"background-color":"","background-image":"","background-repeat":"repeat","background-position":"center center","background-size":"auto","background-attachment":"scroll","background-type":"","background-media":"","overlay-type":"","overlay-color":"","overlay-opacity":"","overlay-gradient":""},"mobile":{"background-color":"","background-image":"","background-repeat":"repeat","background-position":"center center","background-size":"auto","background-attachment":"scroll","background-type":"","background-media":"","overlay-type":"","overlay-color":"","overlay-opacity":"","overlay-gradient":""}},"ast-content-background-meta":{"desktop":{"background-color":"var(--ast-global-color-5)","background-image":"","background-repeat":"repeat","background-position":"center center","background-size":"auto","background-attachment":"scroll","background-type":"","background-media":"","overlay-type":"","overlay-color":"","overlay-opacity":"","overlay-gradient":""},"tablet":{"background-color":"var(--ast-global-color-5)","background-image":"","background-repeat":"repeat","background-position":"center center","background-size":"auto","background-attachment":"scroll","background-type":"","background-media":"","overlay-type":"","overlay-color":"","overlay-opacity":"","overlay-gradient":""},"mobile":{"background-color":"var(--ast-global-color-5)","background-image":"","background-repeat":"repeat","background-position":"center center","background-size":"auto","background-attachment":"scroll","background-type":"","background-media":"","overlay-type":"","overlay-color":"","overlay-opacity":"","overlay-gradient":""}}},"product_brand":[],"product_cat":[46],"product_tag":[],"class_list":{"0":"post-6224","1":"product","2":"type-product","3":"status-publish","4":"has-post-thumbnail","6":"product_cat-sin-categorizar","7":"desktop-align-left","8":"tablet-align-left","9":"mobile-align-left","10":"ast-product-gallery-layout-horizontal-slider","11":"ast-product-gallery-with-no-image","12":"ast-magnify-disabled","13":"ast-product-tabs-layout-horizontal","15":"first","16":"instock","17":"featured","18":"virtual","19":"sold-individually","20":"purchasable","21":"product-type-simple"},"wooqr_code":"","yoast_head":"<!-- This site is optimized with the Yoast SEO plugin v27.1.1 - https:\/\/yoast.com\/product\/yoast-seo-wordpress\/ -->\n<title>Taller Online \u201cEl Reloj de Dios\u201d 2023 - Redil Kids<\/title>\n<meta name=\"robots\" content=\"index, follow, max-snippet:-1, max-image-preview:large, max-video-preview:-1\" \/>\n<link rel=\"canonical\" href=\"https:\/\/redilkids.com\/en\/product\/taller-online-el-reloj-de-dios-2022\/\" \/>\n<meta property=\"og:locale\" content=\"en_US\" \/>\n<meta property=\"og:type\" content=\"article\" \/>\n<meta property=\"og:title\" content=\"Taller Online \u201cEl Reloj de Dios\u201d 2023 - Redil Kids\" \/>\n<meta property=\"og:description\" content=\"Fecha: Viernes 9 de septiembre de 2022. Hora: 5:00 pm (hora Miami). El Taller\u00a0\u201cEl Reloj de Dios y sus citas divinas\u201d\u00a0est\u00e1 dirigido a ni\u00f1os entre 7 y 12 a\u00f1os de edad. Tiene como prop\u00f3sito principal que los m\u00e1s peque\u00f1os de la familia puedan adentrarse en el entendimiento de las festividades b\u00edblicas para que las puedan [&hellip;]\" \/>\n<meta property=\"og:url\" content=\"https:\/\/redilkids.com\/en\/product\/taller-online-el-reloj-de-dios-2022\/\" \/>\n<meta property=\"og:site_name\" content=\"Redil Kids\" \/>\n<meta property=\"article:publisher\" content=\"https:\/\/www.instagram.com\/redil_kids\/\" \/>\n<meta property=\"article:modified_time\" content=\"2026-02-11T16:33:42+00:00\" \/>\n<meta property=\"og:image\" content=\"https:\/\/mlgijrmlgepy.i.optimole.com\/w:auto\/h:auto\/q:mauto\/ig:avif\/https:\/\/redilkids.com\/wp-content\/uploads\/2022\/08\/10_20220902_093818_0003.jpg\" \/>\n\t<meta property=\"og:image:width\" content=\"1080\" \/>\n\t<meta property=\"og:image:height\" content=\"1080\" \/>\n\t<meta property=\"og:image:type\" content=\"image\/jpeg\" \/>\n<meta name=\"twitter:card\" content=\"summary_large_image\" \/>\n<meta name=\"twitter:label1\" content=\"Est. reading time\" \/>\n\t<meta name=\"twitter:data1\" content=\"1 minute\" \/>\n<script type=\"application\/ld+json\" class=\"yoast-schema-graph\">{\"@context\":\"https:\/\/schema.org\",\"@graph\":[{\"@type\":\"WebPage\",\"@id\":\"https:\/\/redilkids.com\/producto\/taller-online-el-reloj-de-dios-2022\/\",\"url\":\"https:\/\/redilkids.com\/producto\/taller-online-el-reloj-de-dios-2022\/\",\"name\":\"Taller Online \u201cEl Reloj de Dios\u201d 2023 - Redil Kids\",\"isPartOf\":{\"@id\":\"https:\/\/redilkids.com\/#website\"},\"primaryImageOfPage\":{\"@id\":\"https:\/\/redilkids.com\/producto\/taller-online-el-reloj-de-dios-2022\/#primaryimage\"},\"image\":{\"@id\":\"https:\/\/redilkids.com\/producto\/taller-online-el-reloj-de-dios-2022\/#primaryimage\"},\"thumbnailUrl\":\"https:\/\/mlgijrmlgepy.i.optimole.com\/w:auto\/h:auto\/q:mauto\/ig:avif\/https:\/\/redilkids.com\/wp-content\/uploads\/2022\/08\/10_20220902_093818_0003.jpg\",\"datePublished\":\"2022-08-24T21:22:23+00:00\",\"dateModified\":\"2026-02-11T16:33:42+00:00\",\"breadcrumb\":{\"@id\":\"https:\/\/redilkids.com\/producto\/taller-online-el-reloj-de-dios-2022\/#breadcrumb\"},\"inLanguage\":\"en-US\",\"potentialAction\":[{\"@type\":\"ReadAction\",\"target\":[\"https:\/\/redilkids.com\/producto\/taller-online-el-reloj-de-dios-2022\/\"]}]},{\"@type\":\"ImageObject\",\"inLanguage\":\"en-US\",\"@id\":\"https:\/\/redilkids.com\/producto\/taller-online-el-reloj-de-dios-2022\/#primaryimage\",\"url\":\"https:\/\/mlgijrmlgepy.i.optimole.com\/w:auto\/h:auto\/q:mauto\/ig:avif\/https:\/\/redilkids.com\/wp-content\/uploads\/2022\/08\/10_20220902_093818_0003.jpg\",\"contentUrl\":\"https:\/\/mlgijrmlgepy.i.optimole.com\/w:auto\/h:auto\/q:mauto\/ig:avif\/https:\/\/redilkids.com\/wp-content\/uploads\/2022\/08\/10_20220902_093818_0003.jpg\",\"width\":1080,\"height\":1080},{\"@type\":\"BreadcrumbList\",\"@id\":\"https:\/\/redilkids.com\/producto\/taller-online-el-reloj-de-dios-2022\/#breadcrumb\",\"itemListElement\":[{\"@type\":\"ListItem\",\"position\":1,\"name\":\"Portada\",\"item\":\"https:\/\/redilkids.com\/\"},{\"@type\":\"ListItem\",\"position\":2,\"name\":\"Tienda\",\"item\":\"https:\/\/redilkids.com\/?page_id=2589\"},{\"@type\":\"ListItem\",\"position\":3,\"name\":\"Taller Online \u201cEl Reloj de Dios\u201d 2023\"}]},{\"@type\":\"WebSite\",\"@id\":\"https:\/\/redilkids.com\/#website\",\"url\":\"https:\/\/redilkids.com\/\",\"name\":\"Redil Kids\",\"description\":\"www.redilglobal.org\",\"publisher\":{\"@id\":\"https:\/\/redilkids.com\/#organization\"},\"alternateName\":\"RK\",\"potentialAction\":[{\"@type\":\"SearchAction\",\"target\":{\"@type\":\"EntryPoint\",\"urlTemplate\":\"https:\/\/redilkids.com\/?s={search_term_string}\"},\"query-input\":{\"@type\":\"PropertyValueSpecification\",\"valueRequired\":true,\"valueName\":\"search_term_string\"}}],\"inLanguage\":\"en-US\"},{\"@type\":\"Organization\",\"@id\":\"https:\/\/redilkids.com\/#organization\",\"name\":\"Redil Kids\",\"url\":\"https:\/\/redilkids.com\/\",\"logo\":{\"@type\":\"ImageObject\",\"inLanguage\":\"en-US\",\"@id\":\"https:\/\/redilkids.com\/#\/schema\/logo\/image\/\",\"url\":\"https:\/\/mlgijrmlgepy.i.optimole.com\/w:auto\/h:auto\/q:mauto\/ig:avif\/https:\/\/redilkids.com\/wp-content\/uploads\/2021\/05\/cropped-cropped-logo-e1627330135484.png\",\"contentUrl\":\"https:\/\/mlgijrmlgepy.i.optimole.com\/w:auto\/h:auto\/q:mauto\/ig:avif\/https:\/\/redilkids.com\/wp-content\/uploads\/2021\/05\/cropped-cropped-logo-e1627330135484.png\",\"width\":512,\"height\":408,\"caption\":\"Redil Kids\"},\"image\":{\"@id\":\"https:\/\/redilkids.com\/#\/schema\/logo\/image\/\"},\"sameAs\":[\"https:\/\/www.instagram.com\/redil_kids\/\"]}]}<\/script>\n<!-- \/ Yoast SEO plugin. -->","yoast_head_json":{"title":"Taller Online \u201cEl Reloj de Dios\u201d 2023 - Redil Kids","robots":{"index":"index","follow":"follow","max-snippet":"max-snippet:-1","max-image-preview":"max-image-preview:large","max-video-preview":"max-video-preview:-1"},"canonical":"https:\/\/redilkids.com\/en\/product\/taller-online-el-reloj-de-dios-2022\/","og_locale":"en_US","og_type":"article","og_title":"Taller Online \u201cEl Reloj de Dios\u201d 2023 - Redil Kids","og_description":"Fecha: Viernes 9 de septiembre de 2022. Hora: 5:00 pm (hora Miami). El Taller\u00a0\u201cEl Reloj de Dios y sus citas divinas\u201d\u00a0est\u00e1 dirigido a ni\u00f1os entre 7 y 12 a\u00f1os de edad. Tiene como prop\u00f3sito principal que los m\u00e1s peque\u00f1os de la familia puedan adentrarse en el entendimiento de las festividades b\u00edblicas para que las puedan [&hellip;]","og_url":"https:\/\/redilkids.com\/en\/product\/taller-online-el-reloj-de-dios-2022\/","og_site_name":"Redil Kids","article_publisher":"https:\/\/www.instagram.com\/redil_kids\/","article_modified_time":"2026-02-11T16:33:42+00:00","og_image":[{"width":1080,"height":1080,"url":"https:\/\/mlgijrmlgepy.i.optimole.com\/w:auto\/h:auto\/q:mauto\/ig:avif\/https:\/\/redilkids.com\/wp-content\/uploads\/2022\/08\/10_20220902_093818_0003.jpg","type":"image\/jpeg"}],"twitter_card":"summary_large_image","twitter_misc":{"Est. reading time":"1 minute"},"schema":{"@context":"https:\/\/schema.org","@graph":[{"@type":"WebPage","@id":"https:\/\/redilkids.com\/producto\/taller-online-el-reloj-de-dios-2022\/","url":"https:\/\/redilkids.com\/producto\/taller-online-el-reloj-de-dios-2022\/","name":"Taller Online \u201cEl Reloj de Dios\u201d 2023 - Redil Kids","isPartOf":{"@id":"https:\/\/redilkids.com\/#website"},"primaryImageOfPage":{"@id":"https:\/\/redilkids.com\/producto\/taller-online-el-reloj-de-dios-2022\/#primaryimage"},"image":{"@id":"https:\/\/redilkids.com\/producto\/taller-online-el-reloj-de-dios-2022\/#primaryimage"},"thumbnailUrl":"https:\/\/mlgijrmlgepy.i.optimole.com\/w:auto\/h:auto\/q:mauto\/ig:avif\/https:\/\/redilkids.com\/wp-content\/uploads\/2022\/08\/10_20220902_093818_0003.jpg","datePublished":"2022-08-24T21:22:23+00:00","dateModified":"2026-02-11T16:33:42+00:00","breadcrumb":{"@id":"https:\/\/redilkids.com\/producto\/taller-online-el-reloj-de-dios-2022\/#breadcrumb"},"inLanguage":"en-US","potentialAction":[{"@type":"ReadAction","target":["https:\/\/redilkids.com\/producto\/taller-online-el-reloj-de-dios-2022\/"]}]},{"@type":"ImageObject","inLanguage":"en-US","@id":"https:\/\/redilkids.com\/producto\/taller-online-el-reloj-de-dios-2022\/#primaryimage","url":"https:\/\/mlgijrmlgepy.i.optimole.com\/w:auto\/h:auto\/q:mauto\/ig:avif\/https:\/\/redilkids.com\/wp-content\/uploads\/2022\/08\/10_20220902_093818_0003.jpg","contentUrl":"https:\/\/mlgijrmlgepy.i.optimole.com\/w:auto\/h:auto\/q:mauto\/ig:avif\/https:\/\/redilkids.com\/wp-content\/uploads\/2022\/08\/10_20220902_093818_0003.jpg","width":1080,"height":1080},{"@type":"BreadcrumbList","@id":"https:\/\/redilkids.com\/producto\/taller-online-el-reloj-de-dios-2022\/#breadcrumb","itemListElement":[{"@type":"ListItem","position":1,"name":"Portada","item":"https:\/\/redilkids.com\/"},{"@type":"ListItem","position":2,"name":"Tienda","item":"https:\/\/redilkids.com\/?page_id=2589"},{"@type":"ListItem","position":3,"name":"Taller Online \u201cEl Reloj de Dios\u201d 2023"}]},{"@type":"WebSite","@id":"https:\/\/redilkids.com\/#website","url":"https:\/\/redilkids.com\/","name":"Redil Kids","description":"www.redilglobal.org","publisher":{"@id":"https:\/\/redilkids.com\/#organization"},"alternateName":"RK","potentialAction":[{"@type":"SearchAction","target":{"@type":"EntryPoint","urlTemplate":"https:\/\/redilkids.com\/?s={search_term_string}"},"query-input":{"@type":"PropertyValueSpecification","valueRequired":true,"valueName":"search_term_string"}}],"inLanguage":"en-US"},{"@type":"Organization","@id":"https:\/\/redilkids.com\/#organization","name":"Redil Kids","url":"https:\/\/redilkids.com\/","logo":{"@type":"ImageObject","inLanguage":"en-US","@id":"https:\/\/redilkids.com\/#\/schema\/logo\/image\/","url":"https:\/\/mlgijrmlgepy.i.optimole.com\/w:auto\/h:auto\/q:mauto\/ig:avif\/https:\/\/redilkids.com\/wp-content\/uploads\/2021\/05\/cropped-cropped-logo-e1627330135484.png","contentUrl":"https:\/\/mlgijrmlgepy.i.optimole.com\/w:auto\/h:auto\/q:mauto\/ig:avif\/https:\/\/redilkids.com\/wp-content\/uploads\/2021\/05\/cropped-cropped-logo-e1627330135484.png","width":512,"height":408,"caption":"Redil Kids"},"image":{"@id":"https:\/\/redilkids.com\/#\/schema\/logo\/image\/"},"sameAs":["https:\/\/www.instagram.com\/redil_kids\/"]}]}},"_links":{"self":[{"href":"https:\/\/redilkids.com\/en\/wp-json\/wp\/v2\/product\/6224","targetHints":{"allow":["GET"]}}],"collection":[{"href":"https:\/\/redilkids.com\/en\/wp-json\/wp\/v2\/product"}],"about":[{"href":"https:\/\/redilkids.com\/en\/wp-json\/wp\/v2\/types\/product"}],"replies":[{"embeddable":true,"href":"https:\/\/redilkids.com\/en\/wp-json\/wp\/v2\/comments?post=6224"}],"version-history":[{"count":3,"href":"https:\/\/redilkids.com\/en\/wp-json\/wp\/v2\/product\/6224\/revisions"}],"predecessor-version":[{"id":12643,"href":"https:\/\/redilkids.com\/en\/wp-json\/wp\/v2\/product\/6224\/revisions\/12643"}],"wp:featuredmedia":[{"embeddable":true,"href":"https:\/\/redilkids.com\/en\/wp-json\/wp\/v2\/media\/7573"}],"wp:attachment":[{"href":"https:\/\/redilkids.com\/en\/wp-json\/wp\/v2\/media?parent=6224"}],"wp:term":[{"taxonomy":"product_brand","embeddable":true,"href":"https:\/\/redilkids.com\/en\/wp-json\/wp\/v2\/product_brand?post=6224"},{"taxonomy":"product_cat","embeddable":true,"href":"https:\/\/redilkids.com\/en\/wp-json\/wp\/v2\/product_cat?post=6224"},{"taxonomy":"product_tag","embeddable":true,"href":"https:\/\/redilkids.com\/en\/wp-json\/wp\/v2\/product_tag?post=6224"}],"curies":[{"name":"wp","href":"https:\/\/api.w.org\/{rel}","templated":true}]}}