
{"id":6708,"date":"2022-12-27T17:35:45","date_gmt":"2022-12-27T22:35:45","guid":{"rendered":"https:\/\/redilkids.com\/?post_type=product&#038;p=6708"},"modified":"2026-02-11T11:31:34","modified_gmt":"2026-02-11T16:31:34","slug":"entrenamiento-online-despierta-para-ninos-de-9-a-11-anos","status":"publish","type":"product","link":"https:\/\/redilkids.com\/en\/product\/entrenamiento-online-despierta-para-ninos-de-9-a-11-anos\/","title":{"rendered":"ENTRENAMIENTO ONLINE DESPIERTA \u2013 PARA NI\u00d1OS DE 9 A 11 A\u00f1os"},"content":{"rendered":"<p>El programa online de entrenamiento\u00a0<strong>\u201cDESPIERTA\u201d para ni\u00f1os,<\/strong>\u00a0ha sido creado con el prop\u00f3sito de\u00a0<strong>capacitar<\/strong> a los a los ni\u00f1os de 9 a 14 a\u00f1os en el\u00a0<strong>movimiento mundial<\/strong>\u00a0<strong>del Esp\u00edritu\u00a0<\/strong>que provocar\u00e1 un poderoso\u00a0<strong>DESPERTAR\u00a0<\/strong>en todas las naciones, preparar\u00e1 el camino del retorno del Mes\u00edas y el establecimiento de Su Reino en la tierra.<\/p>\r\n<p>\r\n\r\n<\/p>\r\n<hr class=\"wp-block-separator has-alpha-channel-opacity is-style-wide\" \/>\r\n<p>\r\n\r\n<\/p>\r\n<p><strong>\u00bfA qui\u00e9n est\u00e1 dirigido?<\/strong><\/p>\r\n<p>\r\n\r\n<\/p>\r\n<p>\u00b7\u00a0\u00a0\u00a0\u00a0\u00a0\u00a0\u00a0A\u00a0<strong>todos\u00a0<\/strong>\u00a0los<strong> \u00a0ni\u00f1os de 9 a 14 a\u00f1os \u00a0<\/strong>que deseen ser parte activa del movimiento de despertar que est\u00e1 dirigiendo el Esp\u00edritu del Se\u00f1or en este tiempo en todas las naciones.<\/p>\r\n<p>\r\n\r\n<\/p>\r\n<p><strong>\u00bfPor qu\u00e9 tu hijo necesita el entrenamiento \u201cDespierta\u201d?<\/strong><\/p>\r\n<p>\r\n\r\n<\/p>\r\n<p>\u00b7\u00a0\u00a0\u00a0\u00a0\u00a0\u00a0\u00a0Porque los ni\u00f1os de este tiempo nacieron para ver y ser parte de este DESPERTAR.<\/p>\r\n<p>\r\n\r\n<\/p>\r\n<p>\u00b7\u00a0\u00a0\u00a0\u00a0\u00a0\u00a0\u00a0Porque los ni\u00f1os necesitan tener conocimiento y entendimiento de este movimiento que no se ha visto antes en el planeta.<\/p>\r\n<p>\r\n\r\n<\/p>\r\n<p>\u00b7\u00a0\u00a0\u00a0\u00a0\u00a0\u00a0\u00a0Porque los ni\u00f1os necesitan \u00a0saber que fueron dise\u00f1ados por el Padre celestial para participar con funciones muy importantes dentro de \u00e9l.<\/p>\r\n<p>\r\n\r\n<\/p>\r\n<p>\u00b7\u00a0\u00a0\u00a0\u00a0\u00a0\u00a0\u00a0Porque ellos tiene una revelaci\u00f3n en su c\u00f3digo gen\u00e9tico que el mundo necesita ver y escuchar.<\/p>\r\n<p>\r\n\r\n<\/p>\r\n<p>\u00b7\u00a0\u00a0\u00a0\u00a0\u00a0\u00a0\u00a0Porque el Esp\u00edritu quiere activarlos para que despierten a otros.<\/p>\r\n<p>\r\n\r\n<\/p>\r\n<hr class=\"wp-block-separator has-alpha-channel-opacity is-style-wide\" \/>\r\n<p>\r\n\r\n<\/p>\r\n<p><strong>Din\u00e1mica del Entrenamiento:<\/strong><\/p>\r\n<p>\u2022\u00a0\u00a0\u00a0\u00a0\u00a0\u00a0\u00a0El entrenamiento est\u00e1 compuesto por 4 fases de estudios que tiene una duraci\u00f3n de 4 a 5 semanas (depende de los objetivos de cada fase).<\/p>\r\n<p>\u2022\u00a0\u00a0\u00a0\u00a0\u00a0\u00a0\u00a0Los ni\u00f1os recibir\u00e1n una master class semanal en vivo con duraci\u00f3n de 1 hora \u00a0y media acad\u00e9mica a trav\u00e9s de la aplicaci\u00f3n de Zoom. Si el ni\u00f1o no puede participar de la clase en vivo, puede tener acceso a ella en su panel de estudios.<\/p>\r\n<p>\u2022\u00a0\u00a0\u00a0\u00a0\u00a0\u00a0\u00a0El ni\u00f1o tendr\u00e1 acceso a un panel de estudios en donde encontrar\u00e1 videos, audios, juegos y herramientas para estudiar las Escrituras.<\/p>\r\n<p>\u2022\u00a0\u00a0\u00a0\u00a0\u00a0\u00a0\u00a0Tendr\u00e1s acceso a clases con un facilitador para aclarar dudas y hacer aportes.<\/p>\r\n<p>\u2022\u00a0\u00a0\u00a0\u00a0\u00a0\u00a0\u00a0Tendr\u00e1 acceso a un canal de Telegram en donde recibir\u00e1 los c\u00f3digos de sus clases en vivo y\u00a0 podr\u00e1 participar en conversatorios con toda la comunidad de ni\u00f1os.<\/p>\r\n<p>\r\n\r\n<\/p>\r\n<hr class=\"wp-block-separator has-alpha-channel-opacity is-style-wide\" \/>\r\n<p>\r\n\r\n<\/p>\r\n<p><strong>Cronograma de Estudios<\/strong><\/p>\r\n<p>\r\n\r\n<\/p>\r\n<p>\u2022\u00a0\u00a0\u00a0\u00a0\u00a0\u00a0\u00a0<strong>FASE 1<\/strong>\u00a0&#8211; \u00bf<strong>QU\u00c9 ES\u00a0<\/strong><strong>EL GRAN DESPERTAR?<\/strong>\u00a0<\/p>\r\n<p>\r\n\r\n<\/p>\r\n<p>\r\n\r\n<\/p>\r\n<p>\u2022\u00a0\u00a0\u00a0\u00a0\u00a0\u00a0\u00a0<strong>FASE 2<\/strong><strong>\u00a0<\/strong><strong>\u2013\u00a0<\/strong><strong>EL PODER \u00a0DEL ESP\u00cdRITU EN EL DESPERTAR<\/strong><\/p>\r\n<p>\r\n\r\n<\/p>\r\n<p>\r\n\r\n<\/p>\r\n<p>\u00b7\u00a0\u00a0\u00a0\u00a0\u00a0\u00a0\u00a0<strong>FASE 3<\/strong><strong>\u00a0<\/strong><strong>\u2013\u00a0<\/strong><strong>LOS NI\u00d1OS COMO MENSAJEROS DEL DESPERTAR<\/strong><\/p>\r\n<p>\r\n\r\n<\/p>\r\n<p>\r\n\r\n<\/p>\r\n<p>\u2022\u00a0\u00a0\u00a0\u00a0\u00a0\u00a0\u00a0<strong>FASE 4<\/strong><strong>\u00a0<\/strong><strong>\u2013 \u00bfC\u00d3MO SE PROVOCA EL DESPERTAR?<\/strong><\/p>\r\n<p>\r\n\r\n<\/p>\r\n<p>\r\n\r\n<\/p>\r\n<p>&nbsp;<\/p>\r\n<p>\r\n\r\n<\/p>\r\n<hr class=\"wp-block-separator has-alpha-channel-opacity is-style-wide\" \/>\r\n<p>\r\n\r\n<\/p>\r\n<p><strong>\u00a0<\/strong><strong>Ofrenda:<\/strong><\/p>\r\n<p>\r\n\r\n<\/p>\r\n<p>El Se\u00f1or nos ha dirigido a sembrar este entrenamiento en nuestros ni\u00f1os, as\u00ed que lo que te solicitamos es una ofrenda voluntaria seg\u00fan tus capacidades financieras de $1.00 en adelante. Tu generosidad de coraz\u00f3n nos permitir\u00e1 seguir expandiendo estos entrenamientos a mas comunidades. Al inscribir a tu hijo, el ni\u00f1o podr\u00e1:<\/p>\r\n<p>\r\n\r\n<\/p>\r\n<p>\u00b7\u00a0\u00a0\u00a0\u00a0\u00a0\u00a0\u00a0Participar en todas las clases en vivo por zoom.<\/p>\r\n<p>\r\n\r\n<\/p>\r\n<p>\u00b7\u00a0\u00a0\u00a0\u00a0\u00a0\u00a0\u00a0Tener acceso a un panel de estudio con todo el material del entrenamiento.<\/p>\r\n<p>\r\n\r\n<\/p>\r\n<p>\u00b7\u00a0\u00a0\u00a0\u00a0\u00a0\u00a0\u00a0Asesor\u00edas semanales.<\/p>\r\n<p>\r\n\r\n<\/p>\r\n<p>\u00b7\u00a0\u00a0\u00a0\u00a0\u00a0\u00a0\u00a0Participaci\u00f3n en un canal de Telegram para interactuar con la comunidad.<\/p>\r\n<p>\r\n\r\n<\/p>\r\n<hr class=\"wp-block-separator has-alpha-channel-opacity is-style-wide\" \/>\r\n<p>\r\n\r\n<\/p>\r\n<p><strong>Pensum de Estudios \u201cDESPIERTA\u201d PARA NI\u00d1OS<\/strong><\/p>\r\n<p>\r\n\r\n<\/p>\r\n<p>Esta capacitaci\u00f3n consta de cuatro fases de estudios que te ayudar\u00e1n a alcanzar los objetivos de este entrenamiento. Observa el contenido y sus fechas de inicio y cierre correspondientes.<\/p>\r\n<p>\r\n\r\n<\/p>\r\n<p>\u2022\u00a0\u00a0\u00a0\u00a0\u00a0\u00a0\u00a0<strong>FASE 1 \u2013 \u00bfQU\u00c9 ES EL GRAN DESPERTAR?<\/strong><\/p>\r\n<p>\r\n\r\n<\/p>\r\n<p>\r\n\r\n<\/p>\r\n<p>\u00b7\u00a0\u00a0\u00a0\u00a0\u00a0\u00a0\u00a0<strong>M\u00f3dulo 1.\u00a0<\/strong>El Origen y el Fin del Despertar.<\/p>\r\n<p>\r\n\r\n<\/p>\r\n<p>\u00b7\u00a0\u00a0\u00a0\u00a0\u00a0\u00a0\u00a0<strong>M\u00f3dulo 2.\u00a0<\/strong>El Pacto de Yesh\u00faa en el Despertar.<\/p>\r\n<p>\r\n\r\n<\/p>\r\n<p>\u00b7\u00a0\u00a0\u00a0\u00a0\u00a0\u00a0\u00a0<strong>M\u00f3dulo 3.\u00a0<\/strong>\u00bfQui\u00e9n Hace Parte del Despertar?<\/p>\r\n<p>\r\n\r\n<\/p>\r\n<p>\u00b7\u00a0\u00a0\u00a0\u00a0\u00a0\u00a0\u00a0<strong>M\u00f3dulo 4.\u00a0<\/strong>\u00bfCu\u00e1l es la Participaci\u00f3n de los Ni\u00f1os en el Despertar?<\/p>\r\n<p>\r\n\r\n<\/p>\r\n<p>\u2022\u00a0\u00a0\u00a0\u00a0\u00a0\u00a0\u00a0<strong>FASE 2 &#8211; EL PODER DEL ESP\u00cdRITU EN EL DESPERTAR<\/strong><\/p>\r\n<p>\r\n\r\n<\/p>\r\n<p>\r\n\r\n<\/p>\r\n<p>\u00b7\u00a0\u00a0\u00a0\u00a0\u00a0\u00a0\u00a0<strong>M\u00f3dulo 1.<\/strong>\u00a0\u00bfQu\u00e9 hace el Esp\u00edritu Santo en los ni\u00f1os?<\/p>\r\n<p>\r\n\r\n<\/p>\r\n<p>\u00b7\u00a0\u00a0\u00a0\u00a0\u00a0\u00a0\u00a0<strong>M\u00f3dulo 2.<\/strong>\u00a0Creando una Relaci\u00f3n con el Esp\u00edritu Santo.<\/p>\r\n<p>\r\n\r\n<\/p>\r\n<p>\u00b7\u00a0\u00a0\u00a0\u00a0\u00a0\u00a0\u00a0<strong>M\u00f3dulo 3.<\/strong>\u00a0Las manifestaciones del poder en los ni\u00f1os.<\/p>\r\n<p>\r\n\r\n<\/p>\r\n<p>\u00b7\u00a0\u00a0\u00a0\u00a0\u00a0\u00a0\u00a0<strong>M\u00f3dulo 4.<\/strong>\u00a0Las Acciones que Conducen al Despertar.<\/p>\r\n<p>\r\n\r\n<\/p>\r\n<p>\u2022\u00a0\u00a0\u00a0\u00a0\u00a0\u00a0\u00a0<strong>FASE 3 \u2013 EL MENSAJE Y LOS MENSAJEROS DEL DESPERTAR<\/strong><\/p>\r\n<p>\r\n\r\n<\/p>\r\n<p>\r\n\r\n<\/p>\r\n<p>\u00b7\u00a0\u00a0\u00a0\u00a0\u00a0\u00a0\u00a0<strong>M\u00f3dulo 1<\/strong>. El Mensaje para el Despertar.<\/p>\r\n<p>\r\n\r\n<\/p>\r\n<p>\u00b7\u00a0\u00a0\u00a0\u00a0\u00a0\u00a0\u00a0<strong>M\u00f3dulo 2<\/strong>. Las 3 \u201cR\u201d del Despertar.<\/p>\r\n<p>\r\n\r\n<\/p>\r\n<p>\u00b7\u00a0\u00a0\u00a0\u00a0\u00a0\u00a0\u00a0<strong>M\u00f3dulo\u00a0<\/strong><strong>3<\/strong>. \u00bfC\u00f3mo despertamos a otras personas?<\/p>\r\n<p>\r\n\r\n<\/p>\r\n<p>\u00b7\u00a0\u00a0\u00a0\u00a0\u00a0\u00a0\u00a0<strong>M\u00f3dulo 4<\/strong>. Los ni\u00f1os como mensajeros del Despertar.<\/p>\r\n<p>\r\n\r\n<\/p>\r\n<p><strong>FASE 4 &#8211; \u00bfC\u00d3MO SE PROVOCA EL DESPERTAR?<\/strong><\/p>\r\n<p>\r\n\r\n<\/p>\r\n<p>\r\n\r\n<\/p>\r\n<p>\u00b7\u00a0\u00a0\u00a0\u00a0\u00a0\u00a0\u00a0<strong>M\u00f3dulo 1.<\/strong>\u00a0Estrategias para Provocar Despertar.<\/p>\r\n<p>\r\n\r\n<\/p>\r\n<p>\u00b7\u00a0\u00a0\u00a0\u00a0\u00a0\u00a0\u00a0<strong>M\u00f3dulo\u00a0<\/strong><strong>2.<\/strong>\u00a0Los Enemigos del Despertar.<\/p>\r\n<p>\r\n\r\n<\/p>\r\n<p>\u00b7\u00a0\u00a0\u00a0\u00a0\u00a0\u00a0\u00a0<strong>M\u00f3dulo 3.<\/strong>\u00a0Los Cinco Oficios Ministeriales en el Despertar.<\/p>\r\n<p>\r\n\r\n<\/p>\r\n<p>\u00b7\u00a0\u00a0\u00a0\u00a0\u00a0\u00a0\u00a0<strong>M\u00f3dulo 4.<\/strong>\u00a0El Reloj del Gran Despertar.<\/p>\r\n<p>\r\n\r\n<\/p>\r\n<p>\r\n\r\n<\/p>\r\n<p><strong>Nota:\u00a0<\/strong>El pensum de estudios y las fechas podr\u00edan ser modificados por la Coordinaci\u00f3n Acad\u00e9mica REDIL, seg\u00fan la necesidad o la direcci\u00f3n del Se\u00f1or, para lo cual todos los estudiantes ser\u00e1n notificados oportunamente.<\/p>\r\n<p>\r\n\r\n<\/p>\r\n<hr class=\"wp-block-separator has-alpha-channel-opacity is-style-wide\" \/>\r\n<p>\r\n\r\n<\/p>\r\n<p><strong>Certificaci\u00f3n de Estudios:<\/strong><\/p>\r\n<p>\r\n\r\n<\/p>\r\n<p>\u00b7\u00a0\u00a0\u00a0\u00a0\u00a0\u00a0\u00a0Los ni\u00f1os recibir\u00e1n una certificaci\u00f3n emitida por REDIL.<\/p>\r\n<p>\r\n\r\n<\/p>\r\n<p>\u00b7\u00a0\u00a0\u00a0\u00a0\u00a0\u00a0\u00a0Una vez que terminen los estudios en la plataforma Online, se generar\u00e1 un certificado que podr\u00e1n imprimir.<\/p>\r\n<p>\r\n\r\n<\/p>\r\n<p>\u00b7\u00a0\u00a0\u00a0\u00a0\u00a0\u00a0\u00a0Al t\u00e9rmino del entrenamiento el ni\u00f1o participar\u00e1 en una graduaci\u00f3n para activaci\u00f3n en el mover del Despertar.<\/p>\r\n<p>\r\n\r\n<\/p>\r\n<hr class=\"wp-block-separator has-alpha-channel-opacity is-style-wide\" \/>\r\n<p>\r\n\r\n<\/p>\r\n<p><strong>Horarios disponibles:<\/strong><\/p>\r\n<p>\r\n\r\n<\/p>\r\n<p><strong>Sesi\u00f3n de 9 a 11 a\u00f1os:<\/strong><br \/>Mi\u00e9rcoles 5:30 a 7:00pm (hora Miami).<\/p>\r\n<p><br \/><strong>Sesi\u00f3n de 12 a 14 a\u00f1os: <\/strong><br \/>Jueves 12:30m a 2:00 pm (hora Miami \/ 7:30 pm Espa\u00f1a). <br \/>Jueves 5:00 a 6:30pm\u00a0(hora\u00a0Miami).<\/p>\r\n<p><\/p>\r\n<div id=\"D235172B_5E45_6E47_27A2_E5463AB478A5\">\u00a0<\/div>\r\n<div id=\"D235172B_5E45_6E47_27A2_E5463AB478A5\">\u00a0<\/div>\r\n<div id=\"D235172B_5E45_6E47_27A2_E5463AB478A5\">\u00a0<\/div>\r\n<div id=\"D235172B_5E45_6E47_27A2_E5463AB478A5\">\u00a0<\/div>\r\n<div id=\"D235172B_5E45_6E47_27A2_E5463AB478A5\">\u00a0<\/div>\r\n<div id=\"D235172B_5E45_6E47_27A2_E5463AB478A5\">\u00a0<\/div>\r\n<div id=\"D235172B_5E45_6E47_27A2_E5463AB478A5\">\u00a0<\/div>\r\n<div id=\"D235172B_5E45_6E47_27A2_E5463AB478A5\">\u00a0<\/div>\r\n<div id=\"D235172B_5E45_6E47_27A2_E5463AB478A5\">\u00a0<\/div>","protected":false},"excerpt":{"rendered":"<p>&nbsp;<\/p>\n<div id=\"A17D62B1_EFF2_1377_5060_9841CC82CCF4\">\u00a0<\/div>\n<div id=\"A17D62B1_EFF2_1377_5060_9841CC82CCF4\">\u00a0<\/div>","protected":false},"featured_media":6711,"comment_status":"open","ping_status":"closed","template":"","meta":{"_eb_attr":"","telegram_tosend":false,"telegram_tosend_message":"","telegram_tosend_target":0,"site-sidebar-layout":"default","site-content-layout":"","ast-site-content-layout":"default","site-content-style":"default","site-sidebar-style":"default","ast-global-header-display":"","ast-banner-title-visibility":"","ast-main-header-display":"","ast-hfb-above-header-display":"","ast-hfb-below-header-display":"","ast-hfb-mobile-header-display":"","site-post-title":"","ast-breadcrumbs-content":"","ast-featured-img":"","footer-sml-layout":"","ast-disable-related-posts":"","theme-transparent-header-meta":"default","adv-header-id-meta":"","stick-header-meta":"default","header-above-stick-meta":"","header-main-stick-meta":"","header-below-stick-meta":"","astra-migrate-meta-layouts":"set","ast-page-background-enabled":"default","ast-page-background-meta":{"desktop":{"background-color":"var(--ast-global-color-4)","background-image":"","background-repeat":"repeat","background-position":"center center","background-size":"auto","background-attachment":"scroll","background-type":"","background-media":"","overlay-type":"","overlay-color":"","overlay-opacity":"","overlay-gradient":""},"tablet":{"background-color":"","background-image":"","background-repeat":"repeat","background-position":"center center","background-size":"auto","background-attachment":"scroll","background-type":"","background-media":"","overlay-type":"","overlay-color":"","overlay-opacity":"","overlay-gradient":""},"mobile":{"background-color":"","background-image":"","background-repeat":"repeat","background-position":"center center","background-size":"auto","background-attachment":"scroll","background-type":"","background-media":"","overlay-type":"","overlay-color":"","overlay-opacity":"","overlay-gradient":""}},"ast-content-background-meta":{"desktop":{"background-color":"var(--ast-global-color-5)","background-image":"","background-repeat":"repeat","background-position":"center center","background-size":"auto","background-attachment":"scroll","background-type":"","background-media":"","overlay-type":"","overlay-color":"","overlay-opacity":"","overlay-gradient":""},"tablet":{"background-color":"var(--ast-global-color-5)","background-image":"","background-repeat":"repeat","background-position":"center center","background-size":"auto","background-attachment":"scroll","background-type":"","background-media":"","overlay-type":"","overlay-color":"","overlay-opacity":"","overlay-gradient":""},"mobile":{"background-color":"var(--ast-global-color-5)","background-image":"","background-repeat":"repeat","background-position":"center center","background-size":"auto","background-attachment":"scroll","background-type":"","background-media":"","overlay-type":"","overlay-color":"","overlay-opacity":"","overlay-gradient":""}}},"product_brand":[],"product_cat":[46],"product_tag":[],"class_list":{"0":"post-6708","1":"product","2":"type-product","3":"status-publish","4":"has-post-thumbnail","6":"product_cat-sin-categorizar","7":"desktop-align-left","8":"tablet-align-left","9":"mobile-align-left","10":"ast-product-gallery-layout-horizontal-slider","11":"ast-product-gallery-with-no-image","12":"ast-magnify-disabled","13":"ast-product-tabs-layout-horizontal","15":"first","16":"instock","17":"virtual","18":"sold-individually","19":"purchasable","20":"product-type-simple"},"wooqr_code":"","yoast_head":"<!-- This site is optimized with the Yoast SEO plugin v27.1.1 - https:\/\/yoast.com\/product\/yoast-seo-wordpress\/ -->\n<title>ENTRENAMIENTO ONLINE DESPIERTA \u2013 PARA NI\u00d1OS DE 9 A 11 A\u00f1os - Redil Kids<\/title>\n<meta name=\"robots\" content=\"index, follow, max-snippet:-1, max-image-preview:large, max-video-preview:-1\" \/>\n<link rel=\"canonical\" href=\"https:\/\/redilkids.com\/en\/product\/entrenamiento-online-despierta-para-ninos-de-9-a-11-anos\/\" \/>\n<meta property=\"og:locale\" content=\"en_US\" \/>\n<meta property=\"og:type\" content=\"article\" \/>\n<meta property=\"og:title\" content=\"ENTRENAMIENTO ONLINE DESPIERTA \u2013 PARA NI\u00d1OS DE 9 A 11 A\u00f1os - Redil Kids\" \/>\n<meta property=\"og:description\" content=\"&nbsp; \u00a0 \u00a0\" \/>\n<meta property=\"og:url\" content=\"https:\/\/redilkids.com\/en\/product\/entrenamiento-online-despierta-para-ninos-de-9-a-11-anos\/\" \/>\n<meta property=\"og:site_name\" content=\"Redil Kids\" \/>\n<meta property=\"article:publisher\" content=\"https:\/\/www.instagram.com\/redil_kids\/\" \/>\n<meta property=\"article:modified_time\" content=\"2026-02-11T16:31:34+00:00\" \/>\n<meta property=\"og:image\" content=\"https:\/\/mlgijrmlgepy.i.optimole.com\/w:auto\/h:auto\/q:mauto\/ig:avif\/https:\/\/redilkids.com\/wp-content\/uploads\/2022\/12\/1024X1024-NINOS.png\" \/>\n\t<meta property=\"og:image:width\" content=\"1267\" \/>\n\t<meta property=\"og:image:height\" content=\"1267\" \/>\n\t<meta property=\"og:image:type\" content=\"image\/png\" \/>\n<meta name=\"twitter:card\" content=\"summary_large_image\" \/>\n<meta name=\"twitter:label1\" content=\"Est. reading time\" \/>\n\t<meta name=\"twitter:data1\" content=\"4 minutes\" \/>\n<script type=\"application\/ld+json\" class=\"yoast-schema-graph\">{\"@context\":\"https:\/\/schema.org\",\"@graph\":[{\"@type\":\"WebPage\",\"@id\":\"https:\/\/redilkids.com\/producto\/entrenamiento-online-despierta-para-ninos-de-9-a-11-anos\/\",\"url\":\"https:\/\/redilkids.com\/producto\/entrenamiento-online-despierta-para-ninos-de-9-a-11-anos\/\",\"name\":\"ENTRENAMIENTO ONLINE DESPIERTA \u2013 PARA NI\u00d1OS DE 9 A 11 A\u00f1os - Redil Kids\",\"isPartOf\":{\"@id\":\"https:\/\/redilkids.com\/#website\"},\"primaryImageOfPage\":{\"@id\":\"https:\/\/redilkids.com\/producto\/entrenamiento-online-despierta-para-ninos-de-9-a-11-anos\/#primaryimage\"},\"image\":{\"@id\":\"https:\/\/redilkids.com\/producto\/entrenamiento-online-despierta-para-ninos-de-9-a-11-anos\/#primaryimage\"},\"thumbnailUrl\":\"https:\/\/mlgijrmlgepy.i.optimole.com\/w:auto\/h:auto\/q:mauto\/ig:avif\/https:\/\/redilkids.com\/wp-content\/uploads\/2022\/12\/1024X1024-NINOS.png\",\"datePublished\":\"2022-12-27T22:35:45+00:00\",\"dateModified\":\"2026-02-11T16:31:34+00:00\",\"breadcrumb\":{\"@id\":\"https:\/\/redilkids.com\/producto\/entrenamiento-online-despierta-para-ninos-de-9-a-11-anos\/#breadcrumb\"},\"inLanguage\":\"en-US\",\"potentialAction\":[{\"@type\":\"ReadAction\",\"target\":[\"https:\/\/redilkids.com\/producto\/entrenamiento-online-despierta-para-ninos-de-9-a-11-anos\/\"]}]},{\"@type\":\"ImageObject\",\"inLanguage\":\"en-US\",\"@id\":\"https:\/\/redilkids.com\/producto\/entrenamiento-online-despierta-para-ninos-de-9-a-11-anos\/#primaryimage\",\"url\":\"https:\/\/mlgijrmlgepy.i.optimole.com\/w:auto\/h:auto\/q:mauto\/ig:avif\/https:\/\/redilkids.com\/wp-content\/uploads\/2022\/12\/1024X1024-NINOS.png\",\"contentUrl\":\"https:\/\/mlgijrmlgepy.i.optimole.com\/w:auto\/h:auto\/q:mauto\/ig:avif\/https:\/\/redilkids.com\/wp-content\/uploads\/2022\/12\/1024X1024-NINOS.png\",\"width\":1267,\"height\":1267},{\"@type\":\"BreadcrumbList\",\"@id\":\"https:\/\/redilkids.com\/producto\/entrenamiento-online-despierta-para-ninos-de-9-a-11-anos\/#breadcrumb\",\"itemListElement\":[{\"@type\":\"ListItem\",\"position\":1,\"name\":\"Portada\",\"item\":\"https:\/\/redilkids.com\/\"},{\"@type\":\"ListItem\",\"position\":2,\"name\":\"Tienda\",\"item\":\"https:\/\/redilkids.com\/?page_id=2589\"},{\"@type\":\"ListItem\",\"position\":3,\"name\":\"ENTRENAMIENTO ONLINE DESPIERTA \u2013 PARA NI\u00d1OS DE 9 A 11 A\u00f1os\"}]},{\"@type\":\"WebSite\",\"@id\":\"https:\/\/redilkids.com\/#website\",\"url\":\"https:\/\/redilkids.com\/\",\"name\":\"Redil Kids\",\"description\":\"www.redilglobal.org\",\"publisher\":{\"@id\":\"https:\/\/redilkids.com\/#organization\"},\"alternateName\":\"RK\",\"potentialAction\":[{\"@type\":\"SearchAction\",\"target\":{\"@type\":\"EntryPoint\",\"urlTemplate\":\"https:\/\/redilkids.com\/?s={search_term_string}\"},\"query-input\":{\"@type\":\"PropertyValueSpecification\",\"valueRequired\":true,\"valueName\":\"search_term_string\"}}],\"inLanguage\":\"en-US\"},{\"@type\":\"Organization\",\"@id\":\"https:\/\/redilkids.com\/#organization\",\"name\":\"Redil Kids\",\"url\":\"https:\/\/redilkids.com\/\",\"logo\":{\"@type\":\"ImageObject\",\"inLanguage\":\"en-US\",\"@id\":\"https:\/\/redilkids.com\/#\/schema\/logo\/image\/\",\"url\":\"https:\/\/mlgijrmlgepy.i.optimole.com\/w:auto\/h:auto\/q:mauto\/ig:avif\/https:\/\/redilkids.com\/wp-content\/uploads\/2021\/05\/cropped-cropped-logo-e1627330135484.png\",\"contentUrl\":\"https:\/\/mlgijrmlgepy.i.optimole.com\/w:auto\/h:auto\/q:mauto\/ig:avif\/https:\/\/redilkids.com\/wp-content\/uploads\/2021\/05\/cropped-cropped-logo-e1627330135484.png\",\"width\":512,\"height\":408,\"caption\":\"Redil Kids\"},\"image\":{\"@id\":\"https:\/\/redilkids.com\/#\/schema\/logo\/image\/\"},\"sameAs\":[\"https:\/\/www.instagram.com\/redil_kids\/\"]}]}<\/script>\n<!-- \/ Yoast SEO plugin. -->","yoast_head_json":{"title":"ENTRENAMIENTO ONLINE DESPIERTA \u2013 PARA NI\u00d1OS DE 9 A 11 A\u00f1os - Redil Kids","robots":{"index":"index","follow":"follow","max-snippet":"max-snippet:-1","max-image-preview":"max-image-preview:large","max-video-preview":"max-video-preview:-1"},"canonical":"https:\/\/redilkids.com\/en\/product\/entrenamiento-online-despierta-para-ninos-de-9-a-11-anos\/","og_locale":"en_US","og_type":"article","og_title":"ENTRENAMIENTO ONLINE DESPIERTA \u2013 PARA NI\u00d1OS DE 9 A 11 A\u00f1os - Redil Kids","og_description":"&nbsp; \u00a0 \u00a0","og_url":"https:\/\/redilkids.com\/en\/product\/entrenamiento-online-despierta-para-ninos-de-9-a-11-anos\/","og_site_name":"Redil Kids","article_publisher":"https:\/\/www.instagram.com\/redil_kids\/","article_modified_time":"2026-02-11T16:31:34+00:00","og_image":[{"width":1267,"height":1267,"url":"https:\/\/mlgijrmlgepy.i.optimole.com\/w:auto\/h:auto\/q:mauto\/ig:avif\/https:\/\/redilkids.com\/wp-content\/uploads\/2022\/12\/1024X1024-NINOS.png","type":"image\/png"}],"twitter_card":"summary_large_image","twitter_misc":{"Est. reading time":"4 minutes"},"schema":{"@context":"https:\/\/schema.org","@graph":[{"@type":"WebPage","@id":"https:\/\/redilkids.com\/producto\/entrenamiento-online-despierta-para-ninos-de-9-a-11-anos\/","url":"https:\/\/redilkids.com\/producto\/entrenamiento-online-despierta-para-ninos-de-9-a-11-anos\/","name":"ENTRENAMIENTO ONLINE DESPIERTA \u2013 PARA NI\u00d1OS DE 9 A 11 A\u00f1os - Redil Kids","isPartOf":{"@id":"https:\/\/redilkids.com\/#website"},"primaryImageOfPage":{"@id":"https:\/\/redilkids.com\/producto\/entrenamiento-online-despierta-para-ninos-de-9-a-11-anos\/#primaryimage"},"image":{"@id":"https:\/\/redilkids.com\/producto\/entrenamiento-online-despierta-para-ninos-de-9-a-11-anos\/#primaryimage"},"thumbnailUrl":"https:\/\/mlgijrmlgepy.i.optimole.com\/w:auto\/h:auto\/q:mauto\/ig:avif\/https:\/\/redilkids.com\/wp-content\/uploads\/2022\/12\/1024X1024-NINOS.png","datePublished":"2022-12-27T22:35:45+00:00","dateModified":"2026-02-11T16:31:34+00:00","breadcrumb":{"@id":"https:\/\/redilkids.com\/producto\/entrenamiento-online-despierta-para-ninos-de-9-a-11-anos\/#breadcrumb"},"inLanguage":"en-US","potentialAction":[{"@type":"ReadAction","target":["https:\/\/redilkids.com\/producto\/entrenamiento-online-despierta-para-ninos-de-9-a-11-anos\/"]}]},{"@type":"ImageObject","inLanguage":"en-US","@id":"https:\/\/redilkids.com\/producto\/entrenamiento-online-despierta-para-ninos-de-9-a-11-anos\/#primaryimage","url":"https:\/\/mlgijrmlgepy.i.optimole.com\/w:auto\/h:auto\/q:mauto\/ig:avif\/https:\/\/redilkids.com\/wp-content\/uploads\/2022\/12\/1024X1024-NINOS.png","contentUrl":"https:\/\/mlgijrmlgepy.i.optimole.com\/w:auto\/h:auto\/q:mauto\/ig:avif\/https:\/\/redilkids.com\/wp-content\/uploads\/2022\/12\/1024X1024-NINOS.png","width":1267,"height":1267},{"@type":"BreadcrumbList","@id":"https:\/\/redilkids.com\/producto\/entrenamiento-online-despierta-para-ninos-de-9-a-11-anos\/#breadcrumb","itemListElement":[{"@type":"ListItem","position":1,"name":"Portada","item":"https:\/\/redilkids.com\/"},{"@type":"ListItem","position":2,"name":"Tienda","item":"https:\/\/redilkids.com\/?page_id=2589"},{"@type":"ListItem","position":3,"name":"ENTRENAMIENTO ONLINE DESPIERTA \u2013 PARA NI\u00d1OS DE 9 A 11 A\u00f1os"}]},{"@type":"WebSite","@id":"https:\/\/redilkids.com\/#website","url":"https:\/\/redilkids.com\/","name":"Redil Kids","description":"www.redilglobal.org","publisher":{"@id":"https:\/\/redilkids.com\/#organization"},"alternateName":"RK","potentialAction":[{"@type":"SearchAction","target":{"@type":"EntryPoint","urlTemplate":"https:\/\/redilkids.com\/?s={search_term_string}"},"query-input":{"@type":"PropertyValueSpecification","valueRequired":true,"valueName":"search_term_string"}}],"inLanguage":"en-US"},{"@type":"Organization","@id":"https:\/\/redilkids.com\/#organization","name":"Redil Kids","url":"https:\/\/redilkids.com\/","logo":{"@type":"ImageObject","inLanguage":"en-US","@id":"https:\/\/redilkids.com\/#\/schema\/logo\/image\/","url":"https:\/\/mlgijrmlgepy.i.optimole.com\/w:auto\/h:auto\/q:mauto\/ig:avif\/https:\/\/redilkids.com\/wp-content\/uploads\/2021\/05\/cropped-cropped-logo-e1627330135484.png","contentUrl":"https:\/\/mlgijrmlgepy.i.optimole.com\/w:auto\/h:auto\/q:mauto\/ig:avif\/https:\/\/redilkids.com\/wp-content\/uploads\/2021\/05\/cropped-cropped-logo-e1627330135484.png","width":512,"height":408,"caption":"Redil Kids"},"image":{"@id":"https:\/\/redilkids.com\/#\/schema\/logo\/image\/"},"sameAs":["https:\/\/www.instagram.com\/redil_kids\/"]}]}},"_links":{"self":[{"href":"https:\/\/redilkids.com\/en\/wp-json\/wp\/v2\/product\/6708","targetHints":{"allow":["GET"]}}],"collection":[{"href":"https:\/\/redilkids.com\/en\/wp-json\/wp\/v2\/product"}],"about":[{"href":"https:\/\/redilkids.com\/en\/wp-json\/wp\/v2\/types\/product"}],"replies":[{"embeddable":true,"href":"https:\/\/redilkids.com\/en\/wp-json\/wp\/v2\/comments?post=6708"}],"version-history":[{"count":6,"href":"https:\/\/redilkids.com\/en\/wp-json\/wp\/v2\/product\/6708\/revisions"}],"predecessor-version":[{"id":13537,"href":"https:\/\/redilkids.com\/en\/wp-json\/wp\/v2\/product\/6708\/revisions\/13537"}],"wp:featuredmedia":[{"embeddable":true,"href":"https:\/\/redilkids.com\/en\/wp-json\/wp\/v2\/media\/6711"}],"wp:attachment":[{"href":"https:\/\/redilkids.com\/en\/wp-json\/wp\/v2\/media?parent=6708"}],"wp:term":[{"taxonomy":"product_brand","embeddable":true,"href":"https:\/\/redilkids.com\/en\/wp-json\/wp\/v2\/product_brand?post=6708"},{"taxonomy":"product_cat","embeddable":true,"href":"https:\/\/redilkids.com\/en\/wp-json\/wp\/v2\/product_cat?post=6708"},{"taxonomy":"product_tag","embeddable":true,"href":"https:\/\/redilkids.com\/en\/wp-json\/wp\/v2\/product_tag?post=6708"}],"curies":[{"name":"wp","href":"https:\/\/api.w.org\/{rel}","templated":true}]}}