
{"id":8347,"date":"2023-09-14T12:37:02","date_gmt":"2023-09-14T17:37:02","guid":{"rendered":"https:\/\/redilkids.com\/?post_type=product&#038;p=8347"},"modified":"2026-02-11T11:30:33","modified_gmt":"2026-02-11T16:30:33","slug":"los-mensajeros-del-despertar-para-ninos-de-12-a-14-anos","status":"publish","type":"product","link":"https:\/\/redilkids.com\/en\/product\/los-mensajeros-del-despertar-para-ninos-de-12-a-14-anos\/","title":{"rendered":"\u201cLos Mensajeros del Despertar\u201d para ni\u00f1os (de 12 a 14 a\u00f1os)"},"content":{"rendered":"<p><strong>Descripci\u00f3n del Curso<\/strong><\/p>\n<p>Parte de la responsabilidad como adultos en esta temporada es formar a nuestros ni\u00f1os y j\u00f3venes en el conocimiento de su prop\u00f3sito e identidad para que su\u00a0dise\u00f1o eterno no sea distorsionado y por el contrario ellos a trav\u00e9s de su propia\u00a0experiencia y aprendizaje descubran y desarrollen las habilidades , capacidades y\u00a0talentos que les han sido entregados para que puedan ser de bendici\u00f3n en el territorio\u00a0en el que habitan y en la temporada en la que se encuentran. Hoy m\u00e1s que nunca es imprescindible entregar a nuestros ni\u00f1os herramientas que puedan activar en sus vidas\u00a0y puedan entender que fueron creados con prop\u00f3sito para que as\u00ed no sean presa f\u00e1cil\u00a0del error y de pensamientos que los quieren confundir.\u00a0Al tener claridad en la identidad y el prop\u00f3sito un ni\u00f1o se transforma en una saeta poderosa en las manos del padre trayendo despertar para su generaci\u00f3n.<\/p>\n<p><strong>Justificaci\u00f3n del Curso.\u00a0<\/strong><\/p>\n<p>El presente curso tiene como prop\u00f3sito, preparar y activar una generaci\u00f3n poderosa,\u00a0portadora del mensaje del Despertar en medio del movimiento que el Se\u00f1or est\u00e1\u00a0generando en este tiempo. Formamos embajadores del Reino de los Cielos en medio\u00a0de su generaci\u00f3n y el territorio asignado.<\/p>\n<p style=\"font-weight: 400;\"><strong>\u00a0Objetivos del Curso.\u00a0<\/strong><\/p>\n<ol>\n<li style=\"font-weight: 400;\">Levantar una generaci\u00f3n de ni\u00f1os y j\u00f3venes que porten el mensaje del\u00a0despertar en medio de su generaci\u00f3n, mensajeros genuinos formados para\u00a0provocar el despertar de los hombres en medio de las naciones de la tierra.<br \/>\n2.\u00a0\u00a0\u00a0\u00a0Entrenar a una generaci\u00f3n despierta para que despierten a otros y no sean\u00a0presa de la mentira y del enga\u00f1o<\/li>\n<li style=\"font-weight: 400;\">Fortalecer su ser interior para que puedan llevar a cabo la encomienda sin\u00a0temer a los hombres y estar fundamentados en la verdad del Reino de los\u00a0Cielos<\/li>\n<\/ol>\n<p><strong>\u00bfQu\u00e9 vas a Recibir?<\/strong><\/p>\n<ul>\n<li>Tres semanas de entrenamiento.<\/li>\n<li>Tres master class\u00a0en vivo\u00a0a trav\u00e9s de la plataforma de ZOOM.<\/li>\n<li>Audios<\/li>\n<li>Power Points<\/li>\n<li>Un panel de estudios con herramientas de estudios de las Escrituras.<\/li>\n<\/ul>","protected":false},"excerpt":{"rendered":"<p>&nbsp;<\/p>\n<div id=\"A17D62B1_EFF2_1377_5060_9841CC82CCF4\"><\/div>","protected":false},"featured_media":8325,"comment_status":"open","ping_status":"closed","template":"","meta":{"_eb_attr":"","telegram_tosend":false,"telegram_tosend_message":"","telegram_tosend_target":0,"site-sidebar-layout":"default","site-content-layout":"","ast-site-content-layout":"default","site-content-style":"default","site-sidebar-style":"default","ast-global-header-display":"","ast-banner-title-visibility":"","ast-main-header-display":"","ast-hfb-above-header-display":"","ast-hfb-below-header-display":"","ast-hfb-mobile-header-display":"","site-post-title":"","ast-breadcrumbs-content":"","ast-featured-img":"","footer-sml-layout":"","ast-disable-related-posts":"","theme-transparent-header-meta":"default","adv-header-id-meta":"","stick-header-meta":"default","header-above-stick-meta":"","header-main-stick-meta":"","header-below-stick-meta":"","astra-migrate-meta-layouts":"set","ast-page-background-enabled":"default","ast-page-background-meta":{"desktop":{"background-color":"var(--ast-global-color-4)","background-image":"","background-repeat":"repeat","background-position":"center center","background-size":"auto","background-attachment":"scroll","background-type":"","background-media":"","overlay-type":"","overlay-color":"","overlay-opacity":"","overlay-gradient":""},"tablet":{"background-color":"","background-image":"","background-repeat":"repeat","background-position":"center center","background-size":"auto","background-attachment":"scroll","background-type":"","background-media":"","overlay-type":"","overlay-color":"","overlay-opacity":"","overlay-gradient":""},"mobile":{"background-color":"","background-image":"","background-repeat":"repeat","background-position":"center center","background-size":"auto","background-attachment":"scroll","background-type":"","background-media":"","overlay-type":"","overlay-color":"","overlay-opacity":"","overlay-gradient":""}},"ast-content-background-meta":{"desktop":{"background-color":"var(--ast-global-color-5)","background-image":"","background-repeat":"repeat","background-position":"center center","background-size":"auto","background-attachment":"scroll","background-type":"","background-media":"","overlay-type":"","overlay-color":"","overlay-opacity":"","overlay-gradient":""},"tablet":{"background-color":"var(--ast-global-color-5)","background-image":"","background-repeat":"repeat","background-position":"center center","background-size":"auto","background-attachment":"scroll","background-type":"","background-media":"","overlay-type":"","overlay-color":"","overlay-opacity":"","overlay-gradient":""},"mobile":{"background-color":"var(--ast-global-color-5)","background-image":"","background-repeat":"repeat","background-position":"center center","background-size":"auto","background-attachment":"scroll","background-type":"","background-media":"","overlay-type":"","overlay-color":"","overlay-opacity":"","overlay-gradient":""}}},"product_brand":[],"product_cat":[46],"product_tag":[],"class_list":{"0":"post-8347","1":"product","2":"type-product","3":"status-publish","4":"has-post-thumbnail","6":"product_cat-sin-categorizar","7":"desktop-align-left","8":"tablet-align-left","9":"mobile-align-left","10":"ast-product-gallery-layout-horizontal-slider","11":"ast-product-gallery-with-no-image","12":"ast-magnify-disabled","13":"ast-product-tabs-layout-horizontal","15":"first","16":"instock","17":"virtual","18":"sold-individually","19":"purchasable","20":"product-type-simple"},"wooqr_code":"","yoast_head":"<!-- This site is optimized with the Yoast SEO plugin v27.1.1 - https:\/\/yoast.com\/product\/yoast-seo-wordpress\/ -->\n<title>\u201cLos Mensajeros del Despertar\u201d para ni\u00f1os (de 12 a 14 a\u00f1os) - Redil Kids<\/title>\n<meta name=\"robots\" content=\"index, follow, max-snippet:-1, max-image-preview:large, max-video-preview:-1\" \/>\n<link rel=\"canonical\" href=\"https:\/\/redilkids.com\/en\/product\/los-mensajeros-del-despertar-para-ninos-de-12-a-14-anos\/\" \/>\n<meta property=\"og:locale\" content=\"en_US\" \/>\n<meta property=\"og:type\" content=\"article\" \/>\n<meta property=\"og:title\" content=\"\u201cLos Mensajeros del Despertar\u201d para ni\u00f1os (de 12 a 14 a\u00f1os) - Redil Kids\" \/>\n<meta property=\"og:description\" content=\"&nbsp;\" \/>\n<meta property=\"og:url\" content=\"https:\/\/redilkids.com\/en\/product\/los-mensajeros-del-despertar-para-ninos-de-12-a-14-anos\/\" \/>\n<meta property=\"og:site_name\" content=\"Redil Kids\" \/>\n<meta property=\"article:publisher\" content=\"https:\/\/www.instagram.com\/redil_kids\/\" \/>\n<meta property=\"article:modified_time\" content=\"2026-02-11T16:30:33+00:00\" \/>\n<meta property=\"og:image\" content=\"https:\/\/mlgijrmlgepy.i.optimole.com\/w:auto\/h:auto\/q:mauto\/ig:avif\/https:\/\/redilkids.com\/wp-content\/uploads\/2023\/09\/1024X1024-Comprimido.webp\" \/>\n\t<meta property=\"og:image:width\" content=\"1024\" \/>\n\t<meta property=\"og:image:height\" content=\"1024\" \/>\n\t<meta property=\"og:image:type\" content=\"image\/webp\" \/>\n<meta name=\"twitter:card\" content=\"summary_large_image\" \/>\n<meta name=\"twitter:label1\" content=\"Est. reading time\" \/>\n\t<meta name=\"twitter:data1\" content=\"2 minutes\" \/>\n<script type=\"application\/ld+json\" class=\"yoast-schema-graph\">{\"@context\":\"https:\/\/schema.org\",\"@graph\":[{\"@type\":\"WebPage\",\"@id\":\"https:\/\/redilkids.com\/producto\/los-mensajeros-del-despertar-para-ninos-de-12-a-14-anos\/\",\"url\":\"https:\/\/redilkids.com\/producto\/los-mensajeros-del-despertar-para-ninos-de-12-a-14-anos\/\",\"name\":\"\u201cLos Mensajeros del Despertar\u201d para ni\u00f1os (de 12 a 14 a\u00f1os) - Redil Kids\",\"isPartOf\":{\"@id\":\"https:\/\/redilkids.com\/#website\"},\"primaryImageOfPage\":{\"@id\":\"https:\/\/redilkids.com\/producto\/los-mensajeros-del-despertar-para-ninos-de-12-a-14-anos\/#primaryimage\"},\"image\":{\"@id\":\"https:\/\/redilkids.com\/producto\/los-mensajeros-del-despertar-para-ninos-de-12-a-14-anos\/#primaryimage\"},\"thumbnailUrl\":\"https:\/\/mlgijrmlgepy.i.optimole.com\/w:auto\/h:auto\/q:mauto\/ig:avif\/https:\/\/redilkids.com\/wp-content\/uploads\/2023\/09\/1024X1024-Comprimido.webp\",\"datePublished\":\"2023-09-14T17:37:02+00:00\",\"dateModified\":\"2026-02-11T16:30:33+00:00\",\"breadcrumb\":{\"@id\":\"https:\/\/redilkids.com\/producto\/los-mensajeros-del-despertar-para-ninos-de-12-a-14-anos\/#breadcrumb\"},\"inLanguage\":\"en-US\",\"potentialAction\":[{\"@type\":\"ReadAction\",\"target\":[\"https:\/\/redilkids.com\/producto\/los-mensajeros-del-despertar-para-ninos-de-12-a-14-anos\/\"]}]},{\"@type\":\"ImageObject\",\"inLanguage\":\"en-US\",\"@id\":\"https:\/\/redilkids.com\/producto\/los-mensajeros-del-despertar-para-ninos-de-12-a-14-anos\/#primaryimage\",\"url\":\"https:\/\/mlgijrmlgepy.i.optimole.com\/w:auto\/h:auto\/q:mauto\/ig:avif\/https:\/\/redilkids.com\/wp-content\/uploads\/2023\/09\/1024X1024-Comprimido.webp\",\"contentUrl\":\"https:\/\/mlgijrmlgepy.i.optimole.com\/w:auto\/h:auto\/q:mauto\/ig:avif\/https:\/\/redilkids.com\/wp-content\/uploads\/2023\/09\/1024X1024-Comprimido.webp\",\"width\":1024,\"height\":1024,\"caption\":\"SDASDASD\"},{\"@type\":\"BreadcrumbList\",\"@id\":\"https:\/\/redilkids.com\/producto\/los-mensajeros-del-despertar-para-ninos-de-12-a-14-anos\/#breadcrumb\",\"itemListElement\":[{\"@type\":\"ListItem\",\"position\":1,\"name\":\"Portada\",\"item\":\"https:\/\/redilkids.com\/\"},{\"@type\":\"ListItem\",\"position\":2,\"name\":\"Tienda\",\"item\":\"https:\/\/redilkids.com\/?page_id=2589\"},{\"@type\":\"ListItem\",\"position\":3,\"name\":\"\u201cLos Mensajeros del Despertar\u201d para ni\u00f1os (de 12 a 14 a\u00f1os)\"}]},{\"@type\":\"WebSite\",\"@id\":\"https:\/\/redilkids.com\/#website\",\"url\":\"https:\/\/redilkids.com\/\",\"name\":\"Redil Kids\",\"description\":\"www.redilglobal.org\",\"publisher\":{\"@id\":\"https:\/\/redilkids.com\/#organization\"},\"alternateName\":\"RK\",\"potentialAction\":[{\"@type\":\"SearchAction\",\"target\":{\"@type\":\"EntryPoint\",\"urlTemplate\":\"https:\/\/redilkids.com\/?s={search_term_string}\"},\"query-input\":{\"@type\":\"PropertyValueSpecification\",\"valueRequired\":true,\"valueName\":\"search_term_string\"}}],\"inLanguage\":\"en-US\"},{\"@type\":\"Organization\",\"@id\":\"https:\/\/redilkids.com\/#organization\",\"name\":\"Redil Kids\",\"url\":\"https:\/\/redilkids.com\/\",\"logo\":{\"@type\":\"ImageObject\",\"inLanguage\":\"en-US\",\"@id\":\"https:\/\/redilkids.com\/#\/schema\/logo\/image\/\",\"url\":\"https:\/\/mlgijrmlgepy.i.optimole.com\/w:auto\/h:auto\/q:mauto\/ig:avif\/https:\/\/redilkids.com\/wp-content\/uploads\/2021\/05\/cropped-cropped-logo-e1627330135484.png\",\"contentUrl\":\"https:\/\/mlgijrmlgepy.i.optimole.com\/w:auto\/h:auto\/q:mauto\/ig:avif\/https:\/\/redilkids.com\/wp-content\/uploads\/2021\/05\/cropped-cropped-logo-e1627330135484.png\",\"width\":512,\"height\":408,\"caption\":\"Redil Kids\"},\"image\":{\"@id\":\"https:\/\/redilkids.com\/#\/schema\/logo\/image\/\"},\"sameAs\":[\"https:\/\/www.instagram.com\/redil_kids\/\"]}]}<\/script>\n<!-- \/ Yoast SEO plugin. -->","yoast_head_json":{"title":"\u201cLos Mensajeros del Despertar\u201d para ni\u00f1os (de 12 a 14 a\u00f1os) - Redil Kids","robots":{"index":"index","follow":"follow","max-snippet":"max-snippet:-1","max-image-preview":"max-image-preview:large","max-video-preview":"max-video-preview:-1"},"canonical":"https:\/\/redilkids.com\/en\/product\/los-mensajeros-del-despertar-para-ninos-de-12-a-14-anos\/","og_locale":"en_US","og_type":"article","og_title":"\u201cLos Mensajeros del Despertar\u201d para ni\u00f1os (de 12 a 14 a\u00f1os) - Redil Kids","og_description":"&nbsp;","og_url":"https:\/\/redilkids.com\/en\/product\/los-mensajeros-del-despertar-para-ninos-de-12-a-14-anos\/","og_site_name":"Redil Kids","article_publisher":"https:\/\/www.instagram.com\/redil_kids\/","article_modified_time":"2026-02-11T16:30:33+00:00","og_image":[{"width":1024,"height":1024,"url":"https:\/\/mlgijrmlgepy.i.optimole.com\/w:auto\/h:auto\/q:mauto\/ig:avif\/https:\/\/redilkids.com\/wp-content\/uploads\/2023\/09\/1024X1024-Comprimido.webp","type":"image\/webp"}],"twitter_card":"summary_large_image","twitter_misc":{"Est. reading time":"2 minutes"},"schema":{"@context":"https:\/\/schema.org","@graph":[{"@type":"WebPage","@id":"https:\/\/redilkids.com\/producto\/los-mensajeros-del-despertar-para-ninos-de-12-a-14-anos\/","url":"https:\/\/redilkids.com\/producto\/los-mensajeros-del-despertar-para-ninos-de-12-a-14-anos\/","name":"\u201cLos Mensajeros del Despertar\u201d para ni\u00f1os (de 12 a 14 a\u00f1os) - Redil Kids","isPartOf":{"@id":"https:\/\/redilkids.com\/#website"},"primaryImageOfPage":{"@id":"https:\/\/redilkids.com\/producto\/los-mensajeros-del-despertar-para-ninos-de-12-a-14-anos\/#primaryimage"},"image":{"@id":"https:\/\/redilkids.com\/producto\/los-mensajeros-del-despertar-para-ninos-de-12-a-14-anos\/#primaryimage"},"thumbnailUrl":"https:\/\/mlgijrmlgepy.i.optimole.com\/w:auto\/h:auto\/q:mauto\/ig:avif\/https:\/\/redilkids.com\/wp-content\/uploads\/2023\/09\/1024X1024-Comprimido.webp","datePublished":"2023-09-14T17:37:02+00:00","dateModified":"2026-02-11T16:30:33+00:00","breadcrumb":{"@id":"https:\/\/redilkids.com\/producto\/los-mensajeros-del-despertar-para-ninos-de-12-a-14-anos\/#breadcrumb"},"inLanguage":"en-US","potentialAction":[{"@type":"ReadAction","target":["https:\/\/redilkids.com\/producto\/los-mensajeros-del-despertar-para-ninos-de-12-a-14-anos\/"]}]},{"@type":"ImageObject","inLanguage":"en-US","@id":"https:\/\/redilkids.com\/producto\/los-mensajeros-del-despertar-para-ninos-de-12-a-14-anos\/#primaryimage","url":"https:\/\/mlgijrmlgepy.i.optimole.com\/w:auto\/h:auto\/q:mauto\/ig:avif\/https:\/\/redilkids.com\/wp-content\/uploads\/2023\/09\/1024X1024-Comprimido.webp","contentUrl":"https:\/\/mlgijrmlgepy.i.optimole.com\/w:auto\/h:auto\/q:mauto\/ig:avif\/https:\/\/redilkids.com\/wp-content\/uploads\/2023\/09\/1024X1024-Comprimido.webp","width":1024,"height":1024,"caption":"SDASDASD"},{"@type":"BreadcrumbList","@id":"https:\/\/redilkids.com\/producto\/los-mensajeros-del-despertar-para-ninos-de-12-a-14-anos\/#breadcrumb","itemListElement":[{"@type":"ListItem","position":1,"name":"Portada","item":"https:\/\/redilkids.com\/"},{"@type":"ListItem","position":2,"name":"Tienda","item":"https:\/\/redilkids.com\/?page_id=2589"},{"@type":"ListItem","position":3,"name":"\u201cLos Mensajeros del Despertar\u201d para ni\u00f1os (de 12 a 14 a\u00f1os)"}]},{"@type":"WebSite","@id":"https:\/\/redilkids.com\/#website","url":"https:\/\/redilkids.com\/","name":"Redil Kids","description":"www.redilglobal.org","publisher":{"@id":"https:\/\/redilkids.com\/#organization"},"alternateName":"RK","potentialAction":[{"@type":"SearchAction","target":{"@type":"EntryPoint","urlTemplate":"https:\/\/redilkids.com\/?s={search_term_string}"},"query-input":{"@type":"PropertyValueSpecification","valueRequired":true,"valueName":"search_term_string"}}],"inLanguage":"en-US"},{"@type":"Organization","@id":"https:\/\/redilkids.com\/#organization","name":"Redil Kids","url":"https:\/\/redilkids.com\/","logo":{"@type":"ImageObject","inLanguage":"en-US","@id":"https:\/\/redilkids.com\/#\/schema\/logo\/image\/","url":"https:\/\/mlgijrmlgepy.i.optimole.com\/w:auto\/h:auto\/q:mauto\/ig:avif\/https:\/\/redilkids.com\/wp-content\/uploads\/2021\/05\/cropped-cropped-logo-e1627330135484.png","contentUrl":"https:\/\/mlgijrmlgepy.i.optimole.com\/w:auto\/h:auto\/q:mauto\/ig:avif\/https:\/\/redilkids.com\/wp-content\/uploads\/2021\/05\/cropped-cropped-logo-e1627330135484.png","width":512,"height":408,"caption":"Redil Kids"},"image":{"@id":"https:\/\/redilkids.com\/#\/schema\/logo\/image\/"},"sameAs":["https:\/\/www.instagram.com\/redil_kids\/"]}]}},"_links":{"self":[{"href":"https:\/\/redilkids.com\/en\/wp-json\/wp\/v2\/product\/8347","targetHints":{"allow":["GET"]}}],"collection":[{"href":"https:\/\/redilkids.com\/en\/wp-json\/wp\/v2\/product"}],"about":[{"href":"https:\/\/redilkids.com\/en\/wp-json\/wp\/v2\/types\/product"}],"replies":[{"embeddable":true,"href":"https:\/\/redilkids.com\/en\/wp-json\/wp\/v2\/comments?post=8347"}],"version-history":[{"count":7,"href":"https:\/\/redilkids.com\/en\/wp-json\/wp\/v2\/product\/8347\/revisions"}],"predecessor-version":[{"id":13532,"href":"https:\/\/redilkids.com\/en\/wp-json\/wp\/v2\/product\/8347\/revisions\/13532"}],"wp:featuredmedia":[{"embeddable":true,"href":"https:\/\/redilkids.com\/en\/wp-json\/wp\/v2\/media\/8325"}],"wp:attachment":[{"href":"https:\/\/redilkids.com\/en\/wp-json\/wp\/v2\/media?parent=8347"}],"wp:term":[{"taxonomy":"product_brand","embeddable":true,"href":"https:\/\/redilkids.com\/en\/wp-json\/wp\/v2\/product_brand?post=8347"},{"taxonomy":"product_cat","embeddable":true,"href":"https:\/\/redilkids.com\/en\/wp-json\/wp\/v2\/product_cat?post=8347"},{"taxonomy":"product_tag","embeddable":true,"href":"https:\/\/redilkids.com\/en\/wp-json\/wp\/v2\/product_tag?post=8347"}],"curies":[{"name":"wp","href":"https:\/\/api.w.org\/{rel}","templated":true}]}}